{"id":7929,"date":"2025-08-22T10:27:31","date_gmt":"2025-08-22T10:27:31","guid":{"rendered":"https:\/\/amc.bleart.dev\/amc-ne-media\/"},"modified":"2025-08-22T11:07:56","modified_gmt":"2025-08-22T11:07:56","slug":"amc-ne-media","status":"publish","type":"page","link":"https:\/\/amchealth.org\/sq\/amc-ne-media\/","title":{"rendered":"AMC n\u00eb Media"},"content":{"rendered":"<h1>AMC n\u00eb Media<\/h1>\n    <section class=\"amc-mentions\">\n      <div class=\"amc-mentions-grid cols-3\">\n                  <article class=\"amc-card\">\n            <a class=\"amc-thumb\" href=\"https:\/\/www.youtube.com\/watch?v=VY61JQ4YnJ0\" target=\"_blank\" rel=\"noopener\">\n                  <img decoding=\"async\" src=\"https:\/\/amchealth.org\/wp-content\/uploads\/2026\/02\/Miremengjes-Kosove-Aug-13-2025-1024x576.jpg\" alt=\"- YouTube\" loading=\"lazy\">\n\t<\/a>\n            <div class=\"amc-body\">\n                              <p class=\"amc-desc\">\n                  Mir\u00ebm\u00ebngjes Kosov\u00eb: Breastfeeding mural unveiled in Prishtina - August 13, 2025                <\/p>\n                            <div class=\"amc-actions\">\n                <button class=\"amc-copy\" data-copy=\"https:\/\/www.youtube.com\/watch?v=VY61JQ4YnJ0\">Copy link<\/button>\n                <a class=\"amc-visit\" href=\"https:\/\/www.youtube.com\/watch?v=VY61JQ4YnJ0\" target=\"_blank\" rel=\"noopener\">Open<\/a>\n              <\/div>\n            <\/div>\n          <\/article>\n                  <article class=\"amc-card\">\n            <a class=\"amc-thumb\" href=\"https:\/\/www.evropaelire.org\/a\/murali-per-gjidhenien-ne-zemer-te-prishtines\/33500214.html\" target=\"_blank\" rel=\"noopener\">\n                  <img decoding=\"async\" src=\"https:\/\/amchealth.org\/wp-content\/uploads\/2026\/02\/Radio-Free-Europe-August-11-2025.jpg\" alt=\"\u201cDashuri q\u00eb ushqen, fuqi q\u00eb rrit\u201d: Murali p\u00ebr gjidh\u00ebnien n\u00eb zem\u00ebr t\u00eb Prishtin\u00ebs\" loading=\"lazy\">\n\t<\/a>\n            <div class=\"amc-body\">\n                              <p class=\"amc-desc\">\n                  Radio Free Europe: \u201cLove that nourishes, power that grows\u201d: Breastfeeding mural in the heart of Pristina - August 11, 2025                <\/p>\n                            <div class=\"amc-actions\">\n                <button class=\"amc-copy\" data-copy=\"https:\/\/www.evropaelire.org\/a\/murali-per-gjidhenien-ne-zemer-te-prishtines\/33500214.html\">Copy link<\/button>\n                <a class=\"amc-visit\" href=\"https:\/\/www.evropaelire.org\/a\/murali-per-gjidhenien-ne-zemer-te-prishtines\/33500214.html\" target=\"_blank\" rel=\"noopener\">Open<\/a>\n              <\/div>\n            <\/div>\n          <\/article>\n                  <article class=\"amc-card\">\n            <a class=\"amc-thumb\" href=\"https:\/\/www.youtube.com\/watch?v=D5fPqGFVvfA\" target=\"_blank\" rel=\"noopener\">\n                  <img decoding=\"async\" src=\"https:\/\/amchealth.org\/wp-content\/uploads\/2026\/02\/Katror-Teshavesha-1024x629.png\" alt=\"- YouTube\" loading=\"lazy\">\n\t<\/a>\n            <div class=\"amc-body\">\n                              <p class=\"amc-desc\">\n                  Katror Media: &quot;Give with heart, buy with love&quot; - \u200b\u200bTeshavesha - June 24, 2024                <\/p>\n                            <div class=\"amc-actions\">\n                <button class=\"amc-copy\" data-copy=\"https:\/\/www.youtube.com\/watch?v=D5fPqGFVvfA\">Copy link<\/button>\n                <a class=\"amc-visit\" href=\"https:\/\/www.youtube.com\/watch?v=D5fPqGFVvfA\" target=\"_blank\" rel=\"noopener\">Open<\/a>\n              <\/div>\n            <\/div>\n          <\/article>\n                  <article class=\"amc-card\">\n            <a class=\"amc-thumb\" href=\"https:\/\/youtu.be\/f4w_3hMZMKU?si=vlPr1SAbackbJK7V\" target=\"_blank\" rel=\"noopener\">\n                  <img decoding=\"async\" src=\"https:\/\/amchealth.org\/wp-content\/uploads\/2026\/02\/KTV-AMC-1024x557.png\" alt=\"- YouTube\" loading=\"lazy\">\n\t<\/a>\n            <div class=\"amc-body\">\n                              <p class=\"amc-desc\">\n                  KTV\/\u201cThe American Returns to Kosovo\u201d: Action for Mothers and Children - Episode 17 - June 1, 2025                <\/p>\n                            <div class=\"amc-actions\">\n                <button class=\"amc-copy\" data-copy=\"https:\/\/youtu.be\/f4w_3hMZMKU?si=vlPr1SAbackbJK7V\">Copy link<\/button>\n                <a class=\"amc-visit\" href=\"https:\/\/youtu.be\/f4w_3hMZMKU?si=vlPr1SAbackbJK7V\" target=\"_blank\" rel=\"noopener\">Open<\/a>\n              <\/div>\n            <\/div>\n          <\/article>\n                  <article class=\"amc-card\">\n            <a class=\"amc-thumb\" href=\"https:\/\/kosovotwopointzero.com\/tash-nuk-me-intereson-per-nanen-vec-per-bebe\/\" target=\"_blank\" rel=\"noopener\">\n                  <img decoding=\"async\" src=\"https:\/\/amchealth.org\/wp-content\/uploads\/2026\/02\/K2.0-AMC.png\" alt=\"\u201cTash nuk m\u00eb intereson p\u00ebr nan\u00ebn, ve\u00e7 p\u00ebr bebe\u201d - Donika Gashi\" loading=\"lazy\">\n\t<\/a>\n            <div class=\"amc-body\">\n                              <p class=\"amc-desc\">\n                  Kosovo 2.0: &quot;Now I don&#039;t care about the mother, only about the baby&quot; - May 5, 2025                <\/p>\n                            <div class=\"amc-actions\">\n                <button class=\"amc-copy\" data-copy=\"https:\/\/kosovotwopointzero.com\/tash-nuk-me-intereson-per-nanen-vec-per-bebe\/\">Copy link<\/button>\n                <a class=\"amc-visit\" href=\"https:\/\/kosovotwopointzero.com\/tash-nuk-me-intereson-per-nanen-vec-per-bebe\/\" target=\"_blank\" rel=\"noopener\">Open<\/a>\n              <\/div>\n            <\/div>\n          <\/article>\n                  <article class=\"amc-card\">\n            <a class=\"amc-thumb\" href=\"https:\/\/klankosova.tv\/amc-dhuron-10-pompa-insulinike-per-femije-ne-kliniken-pediatrike-dhe-endokrinologjike\/\" target=\"_blank\" rel=\"noopener\">\n                  <img decoding=\"async\" src=\"https:\/\/amchealth.org\/wp-content\/uploads\/2026\/02\/Klan-Kosova-AMC.png\" alt=\"AMC dhuron 10 pompa insulinike p\u00ebr f\u00ebmij\u00eb n\u00eb Klinik\u00ebn Pediatrike dhe Endokrinologjike\" loading=\"lazy\">\n\t<\/a>\n            <div class=\"amc-body\">\n                              <p class=\"amc-desc\">\n                  Klan Kosova: AMC donates 10 insulin pumps for children at the Pediatric and Endocrinology Clinic - June 3, 2025                <\/p>\n                            <div class=\"amc-actions\">\n                <button class=\"amc-copy\" data-copy=\"https:\/\/klankosova.tv\/amc-dhuron-10-pompa-insulinike-per-femije-ne-kliniken-pediatrike-dhe-endokrinologjike\/\">Copy link<\/button>\n                <a class=\"amc-visit\" href=\"https:\/\/klankosova.tv\/amc-dhuron-10-pompa-insulinike-per-femije-ne-kliniken-pediatrike-dhe-endokrinologjike\/\" target=\"_blank\" rel=\"noopener\">Open<\/a>\n              <\/div>\n            <\/div>\n          <\/article>\n                  <article class=\"amc-card\">\n            <a class=\"amc-thumb\" href=\"https:\/\/www.youtube.com\/watch?v=FZlXqFTPakU\" target=\"_blank\" rel=\"noopener\">\n                  <img decoding=\"async\" src=\"https:\/\/amchealth.org\/wp-content\/uploads\/2026\/02\/Teve-1-Diabetes-Donation-1024x593.png\" alt=\"- YouTube\" loading=\"lazy\">\n\t<\/a>\n            <div class=\"amc-body\">\n                              <p class=\"amc-desc\">\n                  T\u00cbV\u00cb 1: Ten insulin pumps provided for children with diabetes - March 6, 2025                <\/p>\n                            <div class=\"amc-actions\">\n                <button class=\"amc-copy\" data-copy=\"https:\/\/www.youtube.com\/watch?v=FZlXqFTPakU\">Copy link<\/button>\n                <a class=\"amc-visit\" href=\"https:\/\/www.youtube.com\/watch?v=FZlXqFTPakU\" target=\"_blank\" rel=\"noopener\">Open<\/a>\n              <\/div>\n            <\/div>\n          <\/article>\n                  <article class=\"amc-card\">\n            <a class=\"amc-thumb\" href=\"https:\/\/gazetashneta.net\/medikamente-ne-vlere-rreth-550-mije-euro-per-trajtimin-e-diabetit-tip-2-aksioni-per-nena-dhe-femije-dhe-americares-mbeshtesin-personat-me-diabet-tip-2-ne-kliniken-e-endokrinologjise\/\" target=\"_blank\" rel=\"noopener\">\n                  <img decoding=\"async\" src=\"https:\/\/amchealth.org\/wp-content\/uploads\/2026\/02\/Gazeta-Shneta-AMC-Diabetes-Meds-Donation.png\" alt=\"Medikamente n\u00eb vler\u00eb rreth 550 mij\u00eb euro p\u00ebr trajtimin e diabetit TIP 2- Aksioni p\u00ebr n\u00ebna dhe f\u00ebmij\u00eb dhe Americares mb\u00ebshtesin personat me diabet TIP 2 n\u00eb Klinik\u00ebn e Endokrinologjis\u00eb\" loading=\"lazy\">\n\t<\/a>\n            <div class=\"amc-body\">\n                              <p class=\"amc-desc\">\n                  Gazeta Shneta: \u20ac550,000 worth of medications donated for Type 2 diabetes treatment - February 27, 2025                <\/p>\n                            <div class=\"amc-actions\">\n                <button class=\"amc-copy\" data-copy=\"https:\/\/gazetashneta.net\/medikamente-ne-vlere-rreth-550-mije-euro-per-trajtimin-e-diabetit-tip-2-aksioni-per-nena-dhe-femije-dhe-americares-mbeshtesin-personat-me-diabet-tip-2-ne-kliniken-e-endokrinologjise\/\">Copy link<\/button>\n                <a class=\"amc-visit\" href=\"https:\/\/gazetashneta.net\/medikamente-ne-vlere-rreth-550-mije-euro-per-trajtimin-e-diabetit-tip-2-aksioni-per-nena-dhe-femije-dhe-americares-mbeshtesin-personat-me-diabet-tip-2-ne-kliniken-e-endokrinologjise\/\" target=\"_blank\" rel=\"noopener\">Open<\/a>\n              <\/div>\n            <\/div>\n          <\/article>\n                  <article class=\"amc-card\">\n            <a class=\"amc-thumb\" href=\"https:\/\/www.youtube.com\/watch?v=1XVUFh0zouY\" target=\"_blank\" rel=\"noopener\">\n                  <img decoding=\"async\" src=\"https:\/\/amchealth.org\/wp-content\/uploads\/2026\/02\/RTK-Mothers-Classes-1024x589.png\" alt=\"- YouTube\" loading=\"lazy\">\n\t<\/a>\n            <div class=\"amc-body\">\n                              <p class=\"amc-desc\">\n                  RTK: Free Mothers\u2019 Classes for Women and Families - January 29, 2026                <\/p>\n                            <div class=\"amc-actions\">\n                <button class=\"amc-copy\" data-copy=\"https:\/\/www.youtube.com\/watch?v=1XVUFh0zouY\">Copy link<\/button>\n                <a class=\"amc-visit\" href=\"https:\/\/www.youtube.com\/watch?v=1XVUFh0zouY\" target=\"_blank\" rel=\"noopener\">Open<\/a>\n              <\/div>\n            <\/div>\n          <\/article>\n                  <article class=\"amc-card\">\n            <a class=\"amc-thumb\" href=\"https:\/\/www.youtube.com\/live\/jfeDNFHt6x8\" target=\"_blank\" rel=\"noopener\">\n                  <img decoding=\"async\" src=\"https:\/\/amchealth.org\/wp-content\/uploads\/2026\/02\/RTV-Dukagjini-Diabetes-Petition-1024x588.png\" alt=\"Before you continue to YouTube\" loading=\"lazy\">\n\t<\/a>\n            <div class=\"amc-body\">\n                              <p class=\"amc-desc\">\n                  RTV Dukagjini: Diabetes patients request help from the state - December 11, 2025                <\/p>\n                            <div class=\"amc-actions\">\n                <button class=\"amc-copy\" data-copy=\"https:\/\/www.youtube.com\/live\/jfeDNFHt6x8\">Copy link<\/button>\n                <a class=\"amc-visit\" href=\"https:\/\/www.youtube.com\/live\/jfeDNFHt6x8\" target=\"_blank\" rel=\"noopener\">Open<\/a>\n              <\/div>\n            <\/div>\n          <\/article>\n                  <article class=\"amc-card\">\n            <a class=\"amc-thumb\" href=\"https:\/\/www.youtube.com\/watch?v=AFcnYTMznf8\" target=\"_blank\" rel=\"noopener\">\n                  <img decoding=\"async\" src=\"https:\/\/amchealth.org\/wp-content\/uploads\/2026\/02\/KALLXO-Mothers-Classes-1024x606.png\" alt=\"- YouTube\" loading=\"lazy\">\n\t<\/a>\n            <div class=\"amc-body\">\n                              <p class=\"amc-desc\">\n                  Kallxo: Mothers\u2019 Classes - 25,000 parents take part in information sessions - January 24, 2026                <\/p>\n                            <div class=\"amc-actions\">\n                <button class=\"amc-copy\" data-copy=\"https:\/\/www.youtube.com\/watch?v=AFcnYTMznf8\">Copy link<\/button>\n                <a class=\"amc-visit\" href=\"https:\/\/www.youtube.com\/watch?v=AFcnYTMznf8\" target=\"_blank\" rel=\"noopener\">Open<\/a>\n              <\/div>\n            <\/div>\n          <\/article>\n              <\/div>\n    <\/section>\n    \n","protected":false},"excerpt":{"rendered":"<p>AMC n\u00eb Media<\/p>\n","protected":false},"author":1,"featured_media":0,"parent":0,"menu_order":0,"comment_status":"closed","ping_status":"closed","template":"","meta":{"_acf_changed":false,"give_campaign_id":0,"footnotes":""},"class_list":["post-7929","page","type-page","status-publish","hentry"],"acf":[],"campaignId":"","_links":{"self":[{"href":"https:\/\/amchealth.org\/sq\/wp-json\/wp\/v2\/pages\/7929","targetHints":{"allow":["GET"]}}],"collection":[{"href":"https:\/\/amchealth.org\/sq\/wp-json\/wp\/v2\/pages"}],"about":[{"href":"https:\/\/amchealth.org\/sq\/wp-json\/wp\/v2\/types\/page"}],"author":[{"embeddable":true,"href":"https:\/\/amchealth.org\/sq\/wp-json\/wp\/v2\/users\/1"}],"replies":[{"embeddable":true,"href":"https:\/\/amchealth.org\/sq\/wp-json\/wp\/v2\/comments?post=7929"}],"version-history":[{"count":0,"href":"https:\/\/amchealth.org\/sq\/wp-json\/wp\/v2\/pages\/7929\/revisions"}],"wp:attachment":[{"href":"https:\/\/amchealth.org\/sq\/wp-json\/wp\/v2\/media?parent=7929"}],"curies":[{"name":"wp","href":"https:\/\/api.w.org\/{rel}","templated":true}]}}