{"id":7384,"date":"2025-03-13T13:46:43","date_gmt":"2025-03-13T13:46:43","guid":{"rendered":"https:\/\/amc.bleart.dev\/blogu-i-amc-se\/"},"modified":"2025-08-13T12:25:05","modified_gmt":"2025-08-13T12:25:05","slug":"blogu-i-amc-se","status":"publish","type":"page","link":"https:\/\/amchealth.org\/sq\/blogu-i-amc-se\/","title":{"rendered":"Blogu i AMC-s\u00eb"},"content":{"rendered":"\t\t<div data-elementor-type=\"wp-page\" data-elementor-id=\"7384\" class=\"elementor elementor-7384 elementor-649\" data-elementor-post-type=\"page\">\n\t\t\t\t<div class=\"elementor-element elementor-element-5e46260 e-flex e-con-boxed e-con e-parent\" data-id=\"5e46260\" data-element_type=\"container\" data-e-type=\"container\" data-settings=\"{&quot;background_background&quot;:&quot;gradient&quot;}\">\n\t\t\t\t\t<div class=\"e-con-inner\">\n\t\t<div class=\"elementor-element elementor-element-0fb2a58 e-flex e-con-boxed e-con e-child\" data-id=\"0fb2a58\" data-element_type=\"container\" data-e-type=\"container\">\n\t\t\t\t\t<div class=\"e-con-inner\">\n\t\t<div class=\"elementor-element elementor-element-c434172 e-con-full e-flex e-con e-child\" data-id=\"c434172\" data-element_type=\"container\" data-e-type=\"container\">\n\t\t\t\t<div class=\"elementor-element elementor-element-4046fb1 elementor-widget elementor-widget-heading\" data-id=\"4046fb1\" data-element_type=\"widget\" data-e-type=\"widget\" data-widget_type=\"heading.default\">\n\t\t\t\t<div class=\"elementor-widget-container\">\n\t\t\t\t\t<h1 class=\"elementor-heading-title elementor-size-default\">Blogu i AMC \u2013 Sepse \u00e7do histori ka r\u00ebnd\u00ebsi! <\/h1>\t\t\t\t<\/div>\n\t\t\t\t<\/div>\n\t\t\t\t<div class=\"elementor-element elementor-element-9a6ae43 elementor-widget elementor-widget-heading\" data-id=\"9a6ae43\" data-element_type=\"widget\" data-e-type=\"widget\" data-widget_type=\"heading.default\">\n\t\t\t\t<div class=\"elementor-widget-container\">\n\t\t\t\t\t<p class=\"elementor-heading-title elementor-size-default\">Kjo \u00ebsht\u00eb nj\u00eb hap\u00ebsir\u00eb e dedikuar p\u00ebr z\u00ebrat e n\u00ebnave. K\u00ebtu ndajm\u00eb histori t\u00eb am\u00ebsis\u00eb dhe prind\u00ebrimit nga e gjith\u00eb Kosova dhe m\u00eb gjer\u00eb \u2013 t\u00eb v\u00ebrteta, personale dhe t\u00eb fuqishme.  <\/p>\t\t\t\t<\/div>\n\t\t\t\t<\/div>\n\t\t\t\t<\/div>\n\t\t\t\t\t<\/div>\n\t\t\t\t<\/div>\n\t\t\t\t\t<\/div>\n\t\t\t\t<\/div>\n\t\t<div class=\"elementor-element elementor-element-572221d e-flex e-con-boxed e-con e-parent\" data-id=\"572221d\" data-element_type=\"container\" data-e-type=\"container\">\n\t\t\t\t\t<div class=\"e-con-inner\">\n\t\t<div class=\"elementor-element elementor-element-7df8fbb e-flex e-con-boxed e-con e-child\" data-id=\"7df8fbb\" data-element_type=\"container\" data-e-type=\"container\">\n\t\t\t\t\t<div class=\"e-con-inner\">\n\t\t<div class=\"elementor-element elementor-element-a2370b1 e-flex e-con-boxed e-con e-child\" data-id=\"a2370b1\" data-element_type=\"container\" data-e-type=\"container\">\n\t\t\t\t\t<div class=\"e-con-inner\">\n\t\t\t\t<div class=\"elementor-element elementor-element-332d643 elementor-widget elementor-widget-text-editor\" data-id=\"332d643\" data-element_type=\"widget\" data-e-type=\"widget\" data-widget_type=\"text-editor.default\">\n\t\t\t\t<div class=\"elementor-widget-container\">\n\t\t\t\t\t\t\t\t\t<p>Nga momentet e g\u00ebzueshme te sfidat sh\u00ebndet\u00ebsore q\u00eb p\u00ebrballojn\u00eb n\u00ebnat dhe f\u00ebmij\u00ebt, \u00e7do p\u00ebrvoj\u00eb ka r\u00ebnd\u00ebsi. Qoft\u00eb nj\u00eb shtatz\u00ebni e v\u00ebshtir\u00eb, lindje e parakohshme, s\u00ebmundje e f\u00ebmij\u00ebris\u00eb apo v\u00ebshtir\u00ebsi n\u00eb sh\u00ebndetin mendor \u2013 z\u00ebri juaj mund t\u00eb ofroj\u00eb forc\u00eb dhe solidaritet p\u00ebr t\u00eb tjer\u00ebt. <\/p><p>Ne gjithashtu d\u00ebshirojm\u00eb t\u00eb d\u00ebgjojm\u00eb nga profesionist\u00ebt e kujdesit sh\u00ebndet\u00ebsor, ekspert\u00ebt e sh\u00ebndetit publik dhe t\u00eb gjith\u00eb ata q\u00eb punojn\u00eb p\u00ebr t\u00eb p\u00ebrmir\u00ebsuar jet\u00ebn e grave dhe f\u00ebmij\u00ebve!<\/p><p>Duke ndar\u00eb historin\u00eb tuaj, ju jo vet\u00ebm nderoni rrug\u00ebtimin tuaj, por edhe krijoni nj\u00eb val\u00eb empatie, mir\u00ebkuptimi dhe mb\u00ebshtetjeje. Ju ftojm\u00eb t\u00eb na shkruani dhe t\u00eb ndani mendimet, momentet dhe m\u00ebsimet tuaja. <a href=\"mailto:sara.mustafa@amchealth.org\">sara.mustafa@amchealth.<\/a><a href=\"mailto:sara.mustafa@amchealth.org\">org<\/a>  <\/p><p>\u00c7do z\u00eb ka r\u00ebnd\u00ebsi. \u00c7do histori mund sjell\u00eb ndryshim.<\/p>\t\t\t\t\t\t\t\t<\/div>\n\t\t\t\t<\/div>\n\t\t\t\t\t<\/div>\n\t\t\t\t<\/div>\n\t\t\t\t\t<\/div>\n\t\t\t\t<\/div>\n\t\t\t\t\t<\/div>\n\t\t\t\t<\/div>\n\t\t<div class=\"elementor-element elementor-element-83f29fb e-flex e-con-boxed e-con e-parent\" data-id=\"83f29fb\" data-element_type=\"container\" data-e-type=\"container\" data-settings=\"{&quot;background_background&quot;:&quot;classic&quot;}\">\n\t\t\t\t\t<div class=\"e-con-inner\">\n\t\t<div class=\"elementor-element elementor-element-5a0e9d9 e-con-full e-flex e-con e-child\" data-id=\"5a0e9d9\" data-element_type=\"container\" data-e-type=\"container\">\n\t\t\t\t<div class=\"elementor-element elementor-element-167ef41 elementor-grid-tablet-1 elementor-grid-3 elementor-grid-mobile-1 elementor-widget elementor-widget-loop-grid\" data-id=\"167ef41\" data-element_type=\"widget\" data-e-type=\"widget\" data-settings=\"{&quot;template_id&quot;:487,&quot;columns_tablet&quot;:1,&quot;pagination_type&quot;:&quot;load_more_on_click&quot;,&quot;row_gap&quot;:{&quot;unit&quot;:&quot;px&quot;,&quot;size&quot;:40,&quot;sizes&quot;:[]},&quot;row_gap_laptop&quot;:{&quot;unit&quot;:&quot;px&quot;,&quot;size&quot;:30,&quot;sizes&quot;:[]},&quot;row_gap_mobile&quot;:{&quot;unit&quot;:&quot;px&quot;,&quot;size&quot;:20,&quot;sizes&quot;:[]},&quot;_skin&quot;:&quot;post&quot;,&quot;columns&quot;:&quot;3&quot;,&quot;columns_mobile&quot;:&quot;1&quot;,&quot;edit_handle_selector&quot;:&quot;[data-elementor-type=\\&quot;loop-item\\&quot;]&quot;,&quot;load_more_spinner&quot;:{&quot;value&quot;:&quot;fas fa-spinner&quot;,&quot;library&quot;:&quot;fa-solid&quot;},&quot;row_gap_tablet&quot;:{&quot;unit&quot;:&quot;px&quot;,&quot;size&quot;:&quot;&quot;,&quot;sizes&quot;:[]}}\" data-widget_type=\"loop-grid.post\">\n\t\t\t\t<div class=\"elementor-widget-container\">\n\t\t\t\t\t\t\t<div class=\"elementor-loop-container elementor-grid\" role=\"list\">\r\n\t\t<style id=\"loop-487\">.elementor-487 .elementor-element.elementor-element-a44dd9d{--display:flex;--flex-direction:column;--container-widget-width:100%;--container-widget-height:initial;--container-widget-flex-grow:0;--container-widget-align-self:initial;--flex-wrap-mobile:wrap;--gap:20px 20px;--row-gap:20px;--column-gap:20px;--border-radius:20px 20px 20px 20px;--padding-top:20px;--padding-bottom:20px;--padding-left:20px;--padding-right:20px;}.elementor-487 .elementor-element.elementor-element-a44dd9d:not(.elementor-motion-effects-element-type-background), .elementor-487 .elementor-element.elementor-element-a44dd9d > .elementor-motion-effects-container > .elementor-motion-effects-layer{background-color:var( --e-global-color-accent );}.elementor-487 .elementor-element.elementor-element-9160731{--display:flex;--flex-direction:column;--container-widget-width:calc( ( 1 - var( --container-widget-flex-grow ) ) * 100% );--container-widget-height:initial;--container-widget-flex-grow:0;--container-widget-align-self:initial;--flex-wrap-mobile:wrap;--justify-content:flex-start;--align-items:stretch;--border-radius:0px 0px 0px 0px;--padding-top:0px;--padding-bottom:0px;--padding-left:0px;--padding-right:0px;}.elementor-widget-theme-post-featured-image .widget-image-caption{color:var( --e-global-color-text );font-family:var( --e-global-typography-text-font-family ), Sans-serif;font-size:var( --e-global-typography-text-font-size );font-weight:var( --e-global-typography-text-font-weight );line-height:var( --e-global-typography-text-line-height );}.elementor-487 .elementor-element.elementor-element-3453257 img{width:100%;max-width:100%;border-radius:12px 12px 12px 12px;}.elementor-487 .elementor-element.elementor-element-ef5ff31{--display:flex;--gap:20px 20px;--row-gap:20px;--column-gap:20px;}.elementor-487 .elementor-element.elementor-element-2e8f3cf{--display:flex;--flex-direction:row;--container-widget-width:calc( ( 1 - var( --container-widget-flex-grow ) ) * 100% );--container-widget-height:100%;--container-widget-flex-grow:1;--container-widget-align-self:stretch;--flex-wrap-mobile:wrap;--justify-content:space-between;--align-items:stretch;--gap:20px 20px;--row-gap:20px;--column-gap:20px;}.elementor-widget-heading .elementor-heading-title{font-family:var( --e-global-typography-primary-font-family ), Sans-serif;font-size:var( --e-global-typography-primary-font-size );font-weight:var( --e-global-typography-primary-font-weight );line-height:var( --e-global-typography-primary-line-height );color:var( --e-global-color-primary );}.elementor-487 .elementor-element.elementor-element-57069b2{text-align:start;}.elementor-487 .elementor-element.elementor-element-57069b2 .elementor-heading-title{font-family:var( --e-global-typography-f96aad6-font-family ), Sans-serif;font-size:var( --e-global-typography-f96aad6-font-size );font-weight:var( --e-global-typography-f96aad6-font-weight );line-height:var( --e-global-typography-f96aad6-line-height );letter-spacing:var( --e-global-typography-f96aad6-letter-spacing );word-spacing:var( --e-global-typography-f96aad6-word-spacing );color:var( --e-global-color-secondary );}.elementor-487 .elementor-element.elementor-element-57069b2.elementor-element{--align-self:center;}.elementor-487 .elementor-element.elementor-element-0c80d4e{--display:flex;--flex-direction:column;--container-widget-width:100%;--container-widget-height:initial;--container-widget-flex-grow:0;--container-widget-align-self:initial;--flex-wrap-mobile:wrap;}.elementor-487 .elementor-element.elementor-element-0c80d4e.e-con{--align-self:flex-start;--flex-grow:0;--flex-shrink:0;}.elementor-487 .elementor-element.elementor-element-b673d17{--display:flex;}.elementor-widget-text-editor{font-family:var( --e-global-typography-text-font-family ), Sans-serif;font-size:var( --e-global-typography-text-font-size );font-weight:var( --e-global-typography-text-font-weight );line-height:var( --e-global-typography-text-line-height );color:var( --e-global-color-text );}.elementor-widget-text-editor.elementor-drop-cap-view-stacked .elementor-drop-cap{background-color:var( --e-global-color-primary );}.elementor-widget-text-editor.elementor-drop-cap-view-framed .elementor-drop-cap, .elementor-widget-text-editor.elementor-drop-cap-view-default .elementor-drop-cap{color:var( --e-global-color-primary );border-color:var( --e-global-color-primary );}.elementor-487 .elementor-element.elementor-element-743ec78{font-family:var( --e-global-typography-3a33a16-font-family ), Sans-serif;font-size:var( --e-global-typography-3a33a16-font-size );font-weight:var( --e-global-typography-3a33a16-font-weight );line-height:var( --e-global-typography-3a33a16-line-height );letter-spacing:var( --e-global-typography-3a33a16-letter-spacing );word-spacing:var( --e-global-typography-3a33a16-word-spacing );}.elementor-487 .elementor-element.elementor-element-743ec78 p{margin-block-end:1em;}.elementor-487 .elementor-element.elementor-element-743ec78 > .elementor-widget-container{margin:0em 0em -1em 0em;}@media(min-width:768px){.elementor-487 .elementor-element.elementor-element-0c80d4e{--width:max-content;}}@media(max-width:1440px){.elementor-widget-theme-post-featured-image .widget-image-caption{font-size:var( --e-global-typography-text-font-size );line-height:var( --e-global-typography-text-line-height );}.elementor-widget-heading .elementor-heading-title{font-size:var( --e-global-typography-primary-font-size );line-height:var( --e-global-typography-primary-line-height );}.elementor-487 .elementor-element.elementor-element-57069b2 .elementor-heading-title{font-size:var( --e-global-typography-f96aad6-font-size );line-height:var( --e-global-typography-f96aad6-line-height );letter-spacing:var( --e-global-typography-f96aad6-letter-spacing );word-spacing:var( --e-global-typography-f96aad6-word-spacing );}.elementor-widget-text-editor{font-size:var( --e-global-typography-text-font-size );line-height:var( --e-global-typography-text-line-height );}.elementor-487 .elementor-element.elementor-element-743ec78{font-size:var( --e-global-typography-3a33a16-font-size );line-height:var( --e-global-typography-3a33a16-line-height );letter-spacing:var( --e-global-typography-3a33a16-letter-spacing );word-spacing:var( --e-global-typography-3a33a16-word-spacing );}}@media(max-width:1024px){.elementor-widget-theme-post-featured-image .widget-image-caption{font-size:var( --e-global-typography-text-font-size );line-height:var( --e-global-typography-text-line-height );}.elementor-widget-heading .elementor-heading-title{font-size:var( --e-global-typography-primary-font-size );line-height:var( --e-global-typography-primary-line-height );}.elementor-487 .elementor-element.elementor-element-57069b2 .elementor-heading-title{font-size:var( --e-global-typography-f96aad6-font-size );line-height:var( --e-global-typography-f96aad6-line-height );letter-spacing:var( --e-global-typography-f96aad6-letter-spacing );word-spacing:var( --e-global-typography-f96aad6-word-spacing );}.elementor-widget-text-editor{font-size:var( --e-global-typography-text-font-size );line-height:var( --e-global-typography-text-line-height );}.elementor-487 .elementor-element.elementor-element-743ec78{font-size:var( --e-global-typography-3a33a16-font-size );line-height:var( --e-global-typography-3a33a16-line-height );letter-spacing:var( --e-global-typography-3a33a16-letter-spacing );word-spacing:var( --e-global-typography-3a33a16-word-spacing );}}@media(max-width:767px){.elementor-487 .elementor-element.elementor-element-9160731{--min-height:59vw;}.elementor-widget-theme-post-featured-image .widget-image-caption{font-size:var( --e-global-typography-text-font-size );line-height:var( --e-global-typography-text-line-height );}.elementor-487 .elementor-element.elementor-element-3453257 img{height:59vw;object-fit:cover;object-position:center center;}.elementor-487 .elementor-element.elementor-element-2e8f3cf{--flex-wrap:nowrap;}.elementor-widget-heading .elementor-heading-title{font-size:var( --e-global-typography-primary-font-size );line-height:var( --e-global-typography-primary-line-height );}.elementor-487 .elementor-element.elementor-element-57069b2 .elementor-heading-title{font-size:var( --e-global-typography-f96aad6-font-size );line-height:var( --e-global-typography-f96aad6-line-height );letter-spacing:var( --e-global-typography-f96aad6-letter-spacing );word-spacing:var( --e-global-typography-f96aad6-word-spacing );}.elementor-487 .elementor-element.elementor-element-0c80d4e{--width:max-content;}.elementor-widget-text-editor{font-size:var( --e-global-typography-text-font-size );line-height:var( --e-global-typography-text-line-height );}.elementor-487 .elementor-element.elementor-element-743ec78{font-size:var( --e-global-typography-3a33a16-font-size );line-height:var( --e-global-typography-3a33a16-line-height );letter-spacing:var( --e-global-typography-3a33a16-letter-spacing );word-spacing:var( --e-global-typography-3a33a16-word-spacing );}}\/* Start custom CSS for theme-post-featured-image, class: .elementor-element-3453257 *\/@media (min-width: 767px) {\n.elementor-487 .elementor-element.elementor-element-3453257 img {\n    aspect-ratio: 3\/2;\n    object-fit: cover;\n    object-position: center center;\n}\n}\/* End custom CSS *\/\n\/* Start custom CSS for heading, class: .elementor-element-57069b2 *\/.elementor-487 .elementor-element.elementor-element-57069b2 {\n    white-space: normal !important;\n    overflow: hidden !important;\n    text-overflow: ellipsis !important;\n    -webkit-box-orient: vertical !important;\n    display: -webkit-box !important;\n    -webkit-line-clamp: 2 !important;\n}\/* End custom CSS *\/\n\/* Start custom CSS for shortcode, class: .elementor-element-54d894f *\/.elementor-487 .elementor-element.elementor-element-54d894f .button {\n  width: 50px;\n  height: 50px;\n  position: relative;\n  display: flex;\n  align-items: center;\n  justify-content: center;\n  background-color: #310A8D;\n  border-radius: 50%;\n  cursor: pointer;\n  transition-duration: .3s;\n  border: none;\n}\n\n.elementor-487 .elementor-element.elementor-element-54d894f .arrow {\n  width: 100px;\n}\n\n.elementor-487 .elementor-element.elementor-element-54d894f .arrow path {\n  fill: none;\n  stroke: white;\n}\n\n.elementor-487 .elementor-element.elementor-element-54d894f .button:hover {\n  background-color: #EEEBFC;\n}\n\n.elementor-487 .elementor-element.elementor-element-54d894f .button:hover .arrow {\n  animation: bellRing 0.9s both;\n}\n\n.elementor-487 .elementor-element.elementor-element-54d894f .button:hover .arrow path {\n    stroke: #310A8D;\n}\n\n\/* bell ringing animation keyframes*\/\n@keyframes bellRing {\n  0%,\n  100% {\n    transform-origin: top;\n  }\n\n  15% {\n    transform: rotateZ(10deg);\n  }\n\n  30% {\n    transform: rotateZ(-10deg);\n  }\n\n  45% {\n    transform: rotateZ(5deg);\n  }\n\n  60% {\n    transform: rotateZ(-5deg);\n  }\n\n  75% {\n    transform: rotateZ(2deg);\n  }\n}\n\n.elementor-487 .elementor-element.elementor-element-54d894f .button:active {\n  transform: scale(0.8);\n}\/* End custom CSS *\/<\/style>\t\t<div data-elementor-type=\"loop-item\" data-elementor-id=\"487\" class=\"elementor elementor-487 e-loop-item e-loop-item-8402 post-8402 post type-post status-publish format-standard has-post-thumbnail hentry category-uncategorized-sq\" data-elementor-post-type=\"elementor_library\" data-custom-edit-handle=\"1\">\r\n\t\t\t<div class=\"elementor-element elementor-element-a44dd9d e-con-full e-flex e-con e-child\" data-id=\"a44dd9d\" data-element_type=\"container\" data-e-type=\"container\" data-settings=\"{&quot;background_background&quot;:&quot;classic&quot;}\">\n\t\t<div class=\"elementor-element elementor-element-9160731 e-con-full e-flex e-con e-child\" data-id=\"9160731\" data-element_type=\"container\" data-e-type=\"container\">\n\t\t\t\t<div class=\"elementor-element elementor-element-3453257 elementor-widget elementor-widget-theme-post-featured-image elementor-widget-image\" data-id=\"3453257\" data-element_type=\"widget\" data-e-type=\"widget\" data-widget_type=\"theme-post-featured-image.default\">\n\t\t\t\t<div class=\"elementor-widget-container\">\n\t\t\t\t\t\t\t\t\t\t\t\t\t\t\t<img fetchpriority=\"high\" decoding=\"async\" width=\"800\" height=\"534\" src=\"https:\/\/amchealth.org\/wp-content\/uploads\/2025\/08\/HOMEVISIT-1024x683.jpg\" class=\"attachment-large size-large wp-image-8223\" alt=\"\" srcset=\"https:\/\/amchealth.org\/wp-content\/uploads\/2025\/08\/HOMEVISIT-1024x683.jpg 1024w, https:\/\/amchealth.org\/wp-content\/uploads\/2025\/08\/HOMEVISIT-scaled-600x400.jpg 600w, https:\/\/amchealth.org\/wp-content\/uploads\/2025\/08\/HOMEVISIT-300x200.jpg 300w, https:\/\/amchealth.org\/wp-content\/uploads\/2025\/08\/HOMEVISIT-768x512.jpg 768w, https:\/\/amchealth.org\/wp-content\/uploads\/2025\/08\/HOMEVISIT-1536x1024.jpg 1536w, https:\/\/amchealth.org\/wp-content\/uploads\/2025\/08\/HOMEVISIT-2048x1365.jpg 2048w\" sizes=\"(max-width: 800px) 100vw, 800px\" \/>\t\t\t\t\t\t\t\t\t\t\t\t\t\t\t<\/div>\n\t\t\t\t<\/div>\n\t\t\t\t<\/div>\n\t\t<div class=\"elementor-element elementor-element-ef5ff31 e-con-full e-flex e-con e-child\" data-id=\"ef5ff31\" data-element_type=\"container\" data-e-type=\"container\">\n\t\t<div class=\"elementor-element elementor-element-2e8f3cf e-con-full e-flex e-con e-child\" data-id=\"2e8f3cf\" data-element_type=\"container\" data-e-type=\"container\">\n\t\t\t\t<div class=\"elementor-element elementor-element-57069b2 elementor-widget elementor-widget-heading\" data-id=\"57069b2\" data-element_type=\"widget\" data-e-type=\"widget\" data-widget_type=\"heading.default\">\n\t\t\t\t<div class=\"elementor-widget-container\">\n\t\t\t\t\t<h6 class=\"elementor-heading-title elementor-size-default\">Kujdesi p\u00ebr Prind\u00ebrit Sot, Nd\u00ebrtimi i nj\u00eb t\u00eb Ardhme m\u00eb t\u00eb Sh\u00ebndetshme Nes\u00ebr<\/h6>\t\t\t\t<\/div>\n\t\t\t\t<\/div>\n\t\t<div class=\"elementor-element elementor-element-0c80d4e e-con-full e-flex e-con e-child\" data-id=\"0c80d4e\" data-element_type=\"container\" data-e-type=\"container\">\n\t\t\t\t<div class=\"elementor-element elementor-element-54d894f elementor-widget elementor-widget-shortcode\" data-id=\"54d894f\" data-element_type=\"widget\" data-e-type=\"widget\" data-widget_type=\"shortcode.default\">\n\t\t\t\t<div class=\"elementor-widget-container\">\n\t\t\t\t\t\t\t<div class=\"elementor-shortcode\"><a href=\"https:\/\/amchealth.org\/sq\/kujdesi-per-prinderit-sot-ndertimi-i-nje-te-ardhme-me-te-shendetshme-neser\/\">\n                <button class=\"button\">\n                    <svg viewBox=\"0 0 24 24\" fill=\"none\" class=\"arrow\" xmlns=\"http:\/\/www.w3.org\/2000\/svg\">\n                        <path d=\"M4 12H20M20 12L14 6M20 12L14 18\" stroke=\"white\" stroke-width=\"2\" stroke-linecap=\"round\" stroke-linejoin=\"round\"\/>\n                    <\/svg>\n                <\/button>\n             <\/a><\/div>\n\t\t\t\t\t\t<\/div>\n\t\t\t\t<\/div>\n\t\t\t\t<\/div>\n\t\t\t\t<\/div>\n\t\t<div class=\"elementor-element elementor-element-b673d17 e-con-full e-flex e-con e-child\" data-id=\"b673d17\" data-element_type=\"container\" data-e-type=\"container\">\n\t\t\t\t<div class=\"elementor-element elementor-element-743ec78 elementor-widget elementor-widget-text-editor\" data-id=\"743ec78\" data-element_type=\"widget\" data-e-type=\"widget\" data-widget_type=\"text-editor.default\">\n\t\t\t\t<div class=\"elementor-widget-container\">\n\t\t\t\t\t\t\t\t\t<p>N\u00eb nder t\u00eb Dit\u00ebs Bot\u00ebrore t\u00eb Sh\u00ebndetit Mendor (10 Tetor), Action for Mothers and Children (AMC) i bashkohet thirrjes globale&#8230;\t\t\t\t\t\t\t\t<\/div>\n\t\t\t\t<\/div>\n\t\t\t\t<\/div>\n\t\t\t\t<\/div>\n\t\t\t\t<\/div>\n\t\t\t\t<\/div>\r\n\t\t\t\t<\/div>\r\n\t\t\t\t\t<span class=\"e-load-more-spinner\">\r\n\t\t\t\t<svg aria-hidden=\"true\" class=\"e-font-icon-svg e-fas-spinner\" viewBox=\"0 0 512 512\" xmlns=\"http:\/\/www.w3.org\/2000\/svg\"><path d=\"M304 48c0 26.51-21.49 48-48 48s-48-21.49-48-48 21.49-48 48-48 48 21.49 48 48zm-48 368c-26.51 0-48 21.49-48 48s21.49 48 48 48 48-21.49 48-48-21.49-48-48-48zm208-208c-26.51 0-48 21.49-48 48s21.49 48 48 48 48-21.49 48-48-21.49-48-48-48zM96 256c0-26.51-21.49-48-48-48S0 229.49 0 256s21.49 48 48 48 48-21.49 48-48zm12.922 99.078c-26.51 0-48 21.49-48 48s21.49 48 48 48 48-21.49 48-48c0-26.509-21.491-48-48-48zm294.156 0c-26.51 0-48 21.49-48 48s21.49 48 48 48 48-21.49 48-48c0-26.509-21.49-48-48-48zM108.922 60.922c-26.51 0-48 21.49-48 48s21.49 48 48 48 48-21.49 48-48-21.491-48-48-48z\"><\/path><\/svg>\t\t\t<\/span>\r\n\t\t\r\n\t\t\t\t\t\t<\/div>\n\t\t\t\t<\/div>\n\t\t\t\t<\/div>\n\t\t\t\t\t<\/div>\n\t\t\t\t<\/div>\n\t\t\t\t<\/div>\n\t\t","protected":false},"excerpt":{"rendered":"<p>Blogu i AMC \u2013 Sepse \u00e7do histori ka r\u00ebnd\u00ebsi! Kjo \u00ebsht\u00eb nj\u00eb hap\u00ebsir\u00eb e dedikuar p\u00ebr z\u00ebrat e n\u00ebnave. K\u00ebtu ndajm\u00eb histori t\u00eb am\u00ebsis\u00eb dhe prind\u00ebrimit nga e gjith\u00eb Kosova dhe m\u00eb gjer\u00eb \u2013 t\u00eb v\u00ebrteta, personale dhe t\u00eb fuqishme. Nga momentet e g\u00ebzueshme te sfidat sh\u00ebndet\u00ebsore q\u00eb p\u00ebrballojn\u00eb n\u00ebnat dhe f\u00ebmij\u00ebt, \u00e7do p\u00ebrvoj\u00eb ka [&hellip;]<\/p>\n","protected":false},"author":1,"featured_media":0,"parent":0,"menu_order":0,"comment_status":"closed","ping_status":"closed","template":"","meta":{"_acf_changed":false,"give_campaign_id":0,"footnotes":""},"class_list":["post-7384","page","type-page","status-publish","hentry"],"acf":[],"campaignId":"","_links":{"self":[{"href":"https:\/\/amchealth.org\/sq\/wp-json\/wp\/v2\/pages\/7384","targetHints":{"allow":["GET"]}}],"collection":[{"href":"https:\/\/amchealth.org\/sq\/wp-json\/wp\/v2\/pages"}],"about":[{"href":"https:\/\/amchealth.org\/sq\/wp-json\/wp\/v2\/types\/page"}],"author":[{"embeddable":true,"href":"https:\/\/amchealth.org\/sq\/wp-json\/wp\/v2\/users\/1"}],"replies":[{"embeddable":true,"href":"https:\/\/amchealth.org\/sq\/wp-json\/wp\/v2\/comments?post=7384"}],"version-history":[{"count":0,"href":"https:\/\/amchealth.org\/sq\/wp-json\/wp\/v2\/pages\/7384\/revisions"}],"wp:attachment":[{"href":"https:\/\/amchealth.org\/sq\/wp-json\/wp\/v2\/media?parent=7384"}],"curies":[{"name":"wp","href":"https:\/\/api.w.org\/{rel}","templated":true}]}}