{"id":7372,"date":"2025-07-01T21:40:37","date_gmt":"2025-07-01T21:40:37","guid":{"rendered":"https:\/\/amc.bleart.dev\/la-leche-league-kosova\/"},"modified":"2025-08-21T21:18:46","modified_gmt":"2025-08-21T21:18:46","slug":"la-leche-league-kosova","status":"publish","type":"page","link":"https:\/\/amchealth.org\/sq\/la-leche-league-kosova\/","title":{"rendered":"La Leche League Kosova"},"content":{"rendered":"\t\t<div data-elementor-type=\"wp-page\" data-elementor-id=\"7372\" class=\"elementor elementor-7372 elementor-6846\" data-elementor-post-type=\"page\">\n\t\t\t\t<div class=\"elementor-element elementor-element-4889aba e-flex e-con-boxed e-con e-parent\" data-id=\"4889aba\" data-element_type=\"container\" data-e-type=\"container\" data-settings=\"{&quot;background_background&quot;:&quot;gradient&quot;}\">\n\t\t\t\t\t<div class=\"e-con-inner\">\n\t\t<div class=\"elementor-element elementor-element-0fb0f9b e-flex e-con-boxed e-con e-child\" data-id=\"0fb0f9b\" data-element_type=\"container\" data-e-type=\"container\">\n\t\t\t\t\t<div class=\"e-con-inner\">\n\t\t<div class=\"elementor-element elementor-element-8765998 e-con-full e-flex e-con e-child\" data-id=\"8765998\" data-element_type=\"container\" data-e-type=\"container\">\n\t\t<div class=\"elementor-element elementor-element-5e8cce8 e-con-full e-flex e-con e-child\" data-id=\"5e8cce8\" data-element_type=\"container\" data-e-type=\"container\">\n\t\t\t\t<div class=\"elementor-element elementor-element-4f57438 elementor-widget elementor-widget-image\" data-id=\"4f57438\" data-element_type=\"widget\" data-e-type=\"widget\" data-widget_type=\"image.default\">\n\t\t\t\t<div class=\"elementor-widget-container\">\n\t\t\t\t\t\t\t\t\t\t\t\t\t\t\t<img decoding=\"async\" src=\"https:\/\/amchealth.org\/wp-content\/uploads\/2025\/07\/lalecheleague.svg\" class=\"attachment-full size-full wp-image-6852\" alt=\"\" \/>\t\t\t\t\t\t\t\t\t\t\t\t\t\t\t<\/div>\n\t\t\t\t<\/div>\n\t\t\t\t<div class=\"elementor-element elementor-element-c0f6f57 elementor-widget elementor-widget-heading\" data-id=\"c0f6f57\" data-element_type=\"widget\" data-e-type=\"widget\" data-widget_type=\"heading.default\">\n\t\t\t\t<div class=\"elementor-widget-container\">\n\t\t\t\t\t<h1 class=\"elementor-heading-title elementor-size-default\">La Leche League Kosova<\/h1>\t\t\t\t<\/div>\n\t\t\t\t<\/div>\n\t\t\t\t<\/div>\n\t\t\t\t<div class=\"elementor-element elementor-element-a90998c elementor-shape-rounded elementor-grid-0 e-grid-align-center elementor-widget elementor-widget-social-icons\" data-id=\"a90998c\" data-element_type=\"widget\" data-e-type=\"widget\" data-widget_type=\"social-icons.default\">\n\t\t\t\t<div class=\"elementor-widget-container\">\n\t\t\t\t\t\t\t<div class=\"elementor-social-icons-wrapper elementor-grid\" role=\"list\">\n\t\t\t\t\t\t\t<span class=\"elementor-grid-item\" role=\"listitem\">\n\t\t\t\t\t<a class=\"elementor-icon elementor-social-icon elementor-social-icon-facebook elementor-repeater-item-512a538\" href=\"https:\/\/www.facebook.com\/p\/La-Leche-League-Kosova-100069529983542\/\" target=\"_blank\">\n\t\t\t\t\t\t<span class=\"elementor-screen-only\">Facebook<\/span>\n\t\t\t\t\t\t<svg aria-hidden=\"true\" class=\"e-font-icon-svg e-fab-facebook\" viewBox=\"0 0 512 512\" xmlns=\"http:\/\/www.w3.org\/2000\/svg\"><path d=\"M504 256C504 119 393 8 256 8S8 119 8 256c0 123.78 90.69 226.38 209.25 245V327.69h-63V256h63v-54.64c0-62.15 37-96.48 93.67-96.48 27.14 0 55.52 4.84 55.52 4.84v61h-31.28c-30.8 0-40.41 19.12-40.41 38.73V256h68.78l-11 71.69h-57.78V501C413.31 482.38 504 379.78 504 256z\"><\/path><\/svg>\t\t\t\t\t<\/a>\n\t\t\t\t<\/span>\n\t\t\t\t\t\t\t<span class=\"elementor-grid-item\" role=\"listitem\">\n\t\t\t\t\t<a class=\"elementor-icon elementor-social-icon elementor-social-icon-instagram elementor-repeater-item-5b79d49\" href=\"https:\/\/www.instagram.com\/lalecheleague_kosova\/\" target=\"_blank\">\n\t\t\t\t\t\t<span class=\"elementor-screen-only\">Instagram<\/span>\n\t\t\t\t\t\t<svg aria-hidden=\"true\" class=\"e-font-icon-svg e-fab-instagram\" viewBox=\"0 0 448 512\" xmlns=\"http:\/\/www.w3.org\/2000\/svg\"><path d=\"M224.1 141c-63.6 0-114.9 51.3-114.9 114.9s51.3 114.9 114.9 114.9S339 319.5 339 255.9 287.7 141 224.1 141zm0 189.6c-41.1 0-74.7-33.5-74.7-74.7s33.5-74.7 74.7-74.7 74.7 33.5 74.7 74.7-33.6 74.7-74.7 74.7zm146.4-194.3c0 14.9-12 26.8-26.8 26.8-14.9 0-26.8-12-26.8-26.8s12-26.8 26.8-26.8 26.8 12 26.8 26.8zm76.1 27.2c-1.7-35.9-9.9-67.7-36.2-93.9-26.2-26.2-58-34.4-93.9-36.2-37-2.1-147.9-2.1-184.9 0-35.8 1.7-67.6 9.9-93.9 36.1s-34.4 58-36.2 93.9c-2.1 37-2.1 147.9 0 184.9 1.7 35.9 9.9 67.7 36.2 93.9s58 34.4 93.9 36.2c37 2.1 147.9 2.1 184.9 0 35.9-1.7 67.7-9.9 93.9-36.2 26.2-26.2 34.4-58 36.2-93.9 2.1-37 2.1-147.8 0-184.8zM398.8 388c-7.8 19.6-22.9 34.7-42.6 42.6-29.5 11.7-99.5 9-132.1 9s-102.7 2.6-132.1-9c-19.6-7.8-34.7-22.9-42.6-42.6-11.7-29.5-9-99.5-9-132.1s-2.6-102.7 9-132.1c7.8-19.6 22.9-34.7 42.6-42.6 29.5-11.7 99.5-9 132.1-9s102.7-2.6 132.1 9c19.6 7.8 34.7 22.9 42.6 42.6 11.7 29.5 9 99.5 9 132.1s2.7 102.7-9 132.1z\"><\/path><\/svg>\t\t\t\t\t<\/a>\n\t\t\t\t<\/span>\n\t\t\t\t\t<\/div>\n\t\t\t\t\t\t<\/div>\n\t\t\t\t<\/div>\n\t\t\t\t<\/div>\n\t\t\t\t\t<\/div>\n\t\t\t\t<\/div>\n\t\t\t\t\t<\/div>\n\t\t\t\t<\/div>\n\t\t<div class=\"elementor-element elementor-element-07a0d46 e-flex e-con-boxed e-con e-parent\" data-id=\"07a0d46\" data-element_type=\"container\" data-e-type=\"container\" data-settings=\"{&quot;background_background&quot;:&quot;classic&quot;}\">\n\t\t\t\t\t<div class=\"e-con-inner\">\n\t\t<div class=\"elementor-element elementor-element-3a3f48b e-con-full e-flex e-con e-child\" data-id=\"3a3f48b\" data-element_type=\"container\" data-e-type=\"container\">\n\t\t\t\t<div class=\"elementor-element elementor-element-4cde40d elementor-widget elementor-widget-heading\" data-id=\"4cde40d\" data-element_type=\"widget\" data-e-type=\"widget\" data-widget_type=\"heading.default\">\n\t\t\t\t<div class=\"elementor-widget-container\">\n\t\t\t\t\t<h4 class=\"elementor-heading-title elementor-size-default\">\u00c7do Pik\u00eb Ka R\u00ebnd\u00ebsi \u2013 La Leche League Kosova \u2013 Mb\u00ebshtetje p\u00ebr Ushqyerjen me Gji, N\u00ebn\u00eb p\u00ebr N\u00ebn\u00eb<\/h4>\t\t\t\t<\/div>\n\t\t\t\t<\/div>\n\t\t\t\t<\/div>\n\t\t<div class=\"elementor-element elementor-element-9703dd1 e-con-full e-flex e-con e-child\" data-id=\"9703dd1\" data-element_type=\"container\" data-e-type=\"container\">\n\t\t<div class=\"elementor-element elementor-element-c125b2a e-con-full e-flex e-con e-child\" data-id=\"c125b2a\" data-element_type=\"container\" data-e-type=\"container\" data-settings=\"{&quot;background_background&quot;:&quot;classic&quot;}\">\n\t\t<div class=\"elementor-element elementor-element-bfca8bd e-con-full e-flex e-con e-child\" data-id=\"bfca8bd\" data-element_type=\"container\" data-e-type=\"container\">\n\t\t<div class=\"elementor-element elementor-element-b108219 e-con-full e-flex e-con e-child\" data-id=\"b108219\" data-element_type=\"container\" data-e-type=\"container\">\n\t\t\t\t<div class=\"elementor-element elementor-element-c819418 elementor-widget elementor-widget-text-editor\" data-id=\"c819418\" data-element_type=\"widget\" data-e-type=\"widget\" data-widget_type=\"text-editor.default\">\n\t\t\t\t<div class=\"elementor-widget-container\">\n\t\t\t\t\t\t\t\t\t<p>La Leche League (LLL) \u00ebsht\u00eb nj\u00eb l\u00ebvizje globale me baz\u00eb n\u00eb komunitet, e themeluar n\u00eb vitin 1956 dhe e pranishme n\u00eb mbi 80 vende, q\u00eb ofron mb\u00ebshtetje n\u00ebn\u00eb p\u00ebr n\u00ebn\u00eb p\u00ebr ushqyerjen me gji p\u00ebrmes informacionit, inkurajimit dhe krijimit t\u00eb komunitetit. Ajo fuqizon grat\u00eb t\u00eb marrin vendime t\u00eb informuara, t\u00eb tejkalojn\u00eb sfidat dhe t\u00eb ken\u00eb besim n\u00eb aft\u00ebsin\u00eb e tyre natyrore p\u00ebr t\u00eb ushqyer foshnjat. <\/p>\t\t\t\t\t\t\t\t<\/div>\n\t\t\t\t<\/div>\n\t\t\t\t<div class=\"elementor-element elementor-element-c3da174 elementor-widget elementor-widget-text-editor\" data-id=\"c3da174\" data-element_type=\"widget\" data-e-type=\"widget\" data-widget_type=\"text-editor.default\">\n\t\t\t\t<div class=\"elementor-widget-container\">\n\t\t\t\t\t\t\t\t\t<p><strong>La Leche League Kosova \u00ebsht\u00eb nj\u00eb iniciativ\u00eb<\/strong> e pavarur e udh\u00ebhequr nga vullnetare t\u00eb trajnuara q\u00eb besojn\u00eb n\u00eb fuqin\u00eb e mb\u00ebshtetjes nga bashk\u00ebmoshataret. Edhe pse LLL funksionon n\u00eb m\u00ebnyr\u00eb t\u00eb pavarur, <strong>Action for Mothers and Children (AMC) e mb\u00ebshtet me krenari k\u00ebt\u00eb mision duke ofruar hap\u00ebsir\u00eb, dukshm\u00ebri dhe ndonj\u00ebher\u00eb mb\u00ebshtetje logjistike<\/strong>, duke njohur q\u00ebllimin e p\u00ebrbashk\u00ebt p\u00ebr mbrojtjen dhe promovimin e ushqyerjes me gji n\u00eb Kosov\u00eb. <\/p>\t\t\t\t\t\t\t\t<\/div>\n\t\t\t\t<\/div>\n\t\t\t\t<div class=\"elementor-element elementor-element-00f979e elementor-widget elementor-widget-text-editor\" data-id=\"00f979e\" data-element_type=\"widget\" data-e-type=\"widget\" data-widget_type=\"text-editor.default\">\n\t\t\t\t<div class=\"elementor-widget-container\">\n\t\t\t\t\t\t\t\t\t<p>AMC nuk nd\u00ebrhyn n\u00eb p\u00ebrmbajtjen apo operimin e LLL, por q\u00ebndron pas qasjes s\u00eb tyre t\u00eb bazuar n\u00eb evidenc\u00eb dhe mb\u00ebshtetje t\u00eb dhembshur p\u00ebr n\u00ebnat.<\/p>\t\t\t\t\t\t\t\t<\/div>\n\t\t\t\t<\/div>\n\t\t\t\t<div class=\"elementor-element elementor-element-ce2240c elementor-widget elementor-widget-text-editor\" data-id=\"ce2240c\" data-element_type=\"widget\" data-e-type=\"widget\" data-widget_type=\"text-editor.default\">\n\t\t\t\t<div class=\"elementor-widget-container\">\n\t\t\t\t\t\t\t\t\t<p>N\u00ebse je n\u00eb pritje, ushqen me gji apo je n\u00eb dit\u00ebt e para t\u00eb prind\u00ebrimit \u2013 nuk je vet\u00ebm. Bashkohu n\u00eb nj\u00eb takim mb\u00ebshtet\u00ebs, ndiq pun\u00ebn e tyre ose kontakto nj\u00eb Udh\u00ebheq\u00ebse t\u00eb LLL n\u00eb Kosov\u00eb. <\/p>\t\t\t\t\t\t\t\t<\/div>\n\t\t\t\t<\/div>\n\t\t\t\t<\/div>\n\t\t\t\t<\/div>\n\t\t\t\t<\/div>\n\t\t\t\t<\/div>\n\t\t<div class=\"elementor-element elementor-element-513f89d e-con-full e-flex e-con e-child\" data-id=\"513f89d\" data-element_type=\"container\" data-e-type=\"container\">\n\t\t\t\t<div class=\"elementor-element elementor-element-3bcd529 elementor-widget elementor-widget-jet-woo-product-gallery-slider\" data-id=\"3bcd529\" data-element_type=\"widget\" data-e-type=\"widget\" data-settings=\"{&quot;slider_center_mode_slides&quot;:&quot;3&quot;,&quot;slider_center_mode_slides_laptop&quot;:&quot;2&quot;,&quot;slider_center_mode_slides_tablet&quot;:&quot;2&quot;,&quot;slider_center_mode_slides_mobile&quot;:&quot;1&quot;,&quot;slider_center_mode_space_between&quot;:40,&quot;slider_center_mode_space_between_laptop&quot;:40,&quot;slider_center_mode_space_between_tablet&quot;:40,&quot;slider_center_mode_space_between_mobile&quot;:20}\" data-widget_type=\"jet-woo-product-gallery-slider.default\">\n\t\t\t\t<div class=\"elementor-widget-container\">\n\t\t\t\t\t<div class=\"jet-woo-product-gallery\" data-gallery-settings=\"{&quot;enableGallery&quot;:true,&quot;enableZoom&quot;:false,&quot;zoomMagnify&quot;:1,&quot;caption&quot;:false,&quot;zoom&quot;:true,&quot;fullscreen&quot;:true,&quot;share&quot;:false,&quot;counter&quot;:false,&quot;arrows&quot;:true,&quot;hasVideo&quot;:false,&quot;videoType&quot;:&quot;&quot;,&quot;videoIn&quot;:&quot;content&quot;,&quot;videoAutoplay&quot;:false,&quot;videoLoop&quot;:false,&quot;videoFirst&quot;:false}\"><div class=\"jet-woo-product-gallery__content\" data-featured-image=\"\">\r\n\t<div class=\"jet-woo-swiper jet-woo-swiper-horizontal jet-gallery-swiper-horizontal-pos-bottom\">\r\n\t\t<div class=\"jet-gallery-swiper-slider\">\r\n\t\t\t<div class=\"jet-woo-product-gallery-slider swiper-container\" data-swiper-settings=\"{&quot;autoHeight&quot;:true,&quot;centeredSlides&quot;:true,&quot;direction&quot;:&quot;horizontal&quot;,&quot;effect&quot;:&quot;slide&quot;,&quot;longSwipesRatio&quot;:0.8,&quot;showNavigation&quot;:true,&quot;showPagination&quot;:true,&quot;loop&quot;:true,&quot;paginationControllerType&quot;:&quot;bullets&quot;,&quot;paginationType&quot;:&quot;bullets&quot;,&quot;dynamicBullets&quot;:true,&quot;breakpoints&quot;:{&quot;0&quot;:{&quot;slidesPerView&quot;:&quot;1&quot;,&quot;spaceBetween&quot;:20},&quot;768&quot;:{&quot;slidesPerView&quot;:&quot;2&quot;,&quot;spaceBetween&quot;:40},&quot;1025&quot;:{&quot;slidesPerView&quot;:&quot;3&quot;,&quot;spaceBetween&quot;:40}}}\" data-swiper-thumb-settings=\"[]\" dir=\"ltr\" >\r\n\t\t\t\t<div class=\"swiper-wrapper\">\r\n\t\t\t\t\t\r\n<div class=\"jet-woo-product-gallery__image-item swiper-slide\">\r\n\t<div class=\"jet-woo-product-gallery__image\">\r\n\t\t<a class=\"jet-woo-product-gallery__image-link jet-woo-product-gallery__trigger\" href=\"https:\/\/amchealth.org\/wp-content\/uploads\/2025\/08\/La-Leche-League-1.jpg\" itemprop=\"image\" title=\"La Leche League 1\" rel=\"prettyPhoto[jet-gallery]\" data-e-disable-page-transition=\"\"><img fetchpriority=\"high\" decoding=\"async\" width=\"768\" height=\"768\" src=\"https:\/\/amchealth.org\/wp-content\/uploads\/2025\/08\/La-Leche-League-1-768x768.jpg\" class=\"wp-post-gallery\" alt=\"\" title=\"La Leche League 1\" data-caption=\"\" data-src=\"https:\/\/amchealth.org\/wp-content\/uploads\/2025\/08\/La-Leche-League-1.jpg\" data-large_image=\"https:\/\/amchealth.org\/wp-content\/uploads\/2025\/08\/La-Leche-League-1.jpg\" data-large_image_width=\"1440\" data-large_image_height=\"1440\" srcset=\"https:\/\/amchealth.org\/wp-content\/uploads\/2025\/08\/La-Leche-League-1-768x768.jpg 768w, https:\/\/amchealth.org\/wp-content\/uploads\/2025\/08\/La-Leche-League-1-300x300.jpg 300w, https:\/\/amchealth.org\/wp-content\/uploads\/2025\/08\/La-Leche-League-1-100x100.jpg 100w, https:\/\/amchealth.org\/wp-content\/uploads\/2025\/08\/La-Leche-League-1-600x600.jpg 600w, https:\/\/amchealth.org\/wp-content\/uploads\/2025\/08\/La-Leche-League-1-1024x1024.jpg 1024w, https:\/\/amchealth.org\/wp-content\/uploads\/2025\/08\/La-Leche-League-1-150x150.jpg 150w, https:\/\/amchealth.org\/wp-content\/uploads\/2025\/08\/La-Leche-League-1.jpg 1440w\" sizes=\"(max-width: 768px) 100vw, 768px\" \/><\/a>\t<\/div>\r\n<\/div>\r\n<div class=\"jet-woo-product-gallery__image-item swiper-slide\">\r\n\t<div class=\"jet-woo-product-gallery__image\">\r\n\t\t<a class=\"jet-woo-product-gallery__image-link jet-woo-product-gallery__trigger\" href=\"https:\/\/amchealth.org\/wp-content\/uploads\/2025\/08\/La-Leche-League-2.jpg\" itemprop=\"image\" title=\"La Leche League 2\" rel=\"prettyPhoto[jet-gallery]\" data-e-disable-page-transition=\"\"><img decoding=\"async\" width=\"768\" height=\"768\" src=\"https:\/\/amchealth.org\/wp-content\/uploads\/2025\/08\/La-Leche-League-2-768x768.jpg\" class=\"wp-post-gallery\" alt=\"\" title=\"La Leche League 2\" data-caption=\"\" data-src=\"https:\/\/amchealth.org\/wp-content\/uploads\/2025\/08\/La-Leche-League-2.jpg\" data-large_image=\"https:\/\/amchealth.org\/wp-content\/uploads\/2025\/08\/La-Leche-League-2.jpg\" data-large_image_width=\"1440\" data-large_image_height=\"1440\" srcset=\"https:\/\/amchealth.org\/wp-content\/uploads\/2025\/08\/La-Leche-League-2-768x768.jpg 768w, https:\/\/amchealth.org\/wp-content\/uploads\/2025\/08\/La-Leche-League-2-300x300.jpg 300w, https:\/\/amchealth.org\/wp-content\/uploads\/2025\/08\/La-Leche-League-2-100x100.jpg 100w, https:\/\/amchealth.org\/wp-content\/uploads\/2025\/08\/La-Leche-League-2-600x600.jpg 600w, https:\/\/amchealth.org\/wp-content\/uploads\/2025\/08\/La-Leche-League-2-1024x1024.jpg 1024w, https:\/\/amchealth.org\/wp-content\/uploads\/2025\/08\/La-Leche-League-2-150x150.jpg 150w, https:\/\/amchealth.org\/wp-content\/uploads\/2025\/08\/La-Leche-League-2.jpg 1440w\" sizes=\"(max-width: 768px) 100vw, 768px\" \/><\/a>\t<\/div>\r\n<\/div>\r\n<div class=\"jet-woo-product-gallery__image-item swiper-slide\">\r\n\t<div class=\"jet-woo-product-gallery__image\">\r\n\t\t<a class=\"jet-woo-product-gallery__image-link jet-woo-product-gallery__trigger\" href=\"https:\/\/amchealth.org\/wp-content\/uploads\/2025\/08\/La-Leche-League-3.jpg\" itemprop=\"image\" title=\"La Leche League 3\" rel=\"prettyPhoto[jet-gallery]\" data-e-disable-page-transition=\"\"><img decoding=\"async\" width=\"768\" height=\"577\" src=\"https:\/\/amchealth.org\/wp-content\/uploads\/2025\/08\/La-Leche-League-3-768x577.jpg\" class=\"wp-post-gallery\" alt=\"\" title=\"La Leche League 3\" data-caption=\"\" data-src=\"https:\/\/amchealth.org\/wp-content\/uploads\/2025\/08\/La-Leche-League-3.jpg\" data-large_image=\"https:\/\/amchealth.org\/wp-content\/uploads\/2025\/08\/La-Leche-League-3.jpg\" data-large_image_width=\"2048\" data-large_image_height=\"1539\" srcset=\"https:\/\/amchealth.org\/wp-content\/uploads\/2025\/08\/La-Leche-League-3-768x577.jpg 768w, https:\/\/amchealth.org\/wp-content\/uploads\/2025\/08\/La-Leche-League-3-600x451.jpg 600w, https:\/\/amchealth.org\/wp-content\/uploads\/2025\/08\/La-Leche-League-3-300x225.jpg 300w, https:\/\/amchealth.org\/wp-content\/uploads\/2025\/08\/La-Leche-League-3-1024x770.jpg 1024w, https:\/\/amchealth.org\/wp-content\/uploads\/2025\/08\/La-Leche-League-3-1536x1154.jpg 1536w, https:\/\/amchealth.org\/wp-content\/uploads\/2025\/08\/La-Leche-League-3.jpg 2048w\" sizes=\"(max-width: 768px) 100vw, 768px\" \/><\/a>\t<\/div>\r\n<\/div>\t\t\t\t<\/div>\r\n\r\n\t\t\t\t<span class=\"jet-product-gallery-icon jet-swiper-nav jet-swiper-button-prev\"><svg xmlns=\"http:\/\/www.w3.org\/2000\/svg\" width=\"24\" height=\"24\" viewBox=\"0 0 24 24\" fill=\"none\"><path d=\"M20 12H4M4 12L10 18M4 12L10 6\" stroke=\"black\" stroke-width=\"1.5\" stroke-linecap=\"round\" stroke-linejoin=\"round\"><\/path><\/svg><\/span><span class=\"jet-product-gallery-icon jet-swiper-nav jet-swiper-button-next\"><svg xmlns=\"http:\/\/www.w3.org\/2000\/svg\" width=\"24\" height=\"24\" viewBox=\"0 0 24 24\" fill=\"none\"><path d=\"M4 12H20M20 12L14 6M20 12L14 18\" stroke=\"black\" stroke-width=\"1.5\" stroke-linecap=\"round\" stroke-linejoin=\"round\"><\/path><\/svg><\/span>\r\n\t\t\t\t\t\t\t\t\t\t\t\t\t\t\t<div class=\"swiper-pagination swiper-pagination-bullets\">\r\n\t\t\t\t\t\t\t<span class=\"swiper-pagination-bullet swiper-pagination-bullet-active placeholder\"><\/span>\r\n\t\t\t\t\t\t\t<span class=\"swiper-pagination-bullet placeholder\"><\/span>\r\n\t\t\t\t\t\t\t<span class=\"swiper-pagination-bullet placeholder\"><\/span>\r\n\t\t\t\t\t\t<\/div>\r\n\t\t\t\t\t\t\t\t\t\t\t\t<\/div>\r\n\t\t<\/div>\r\n\r\n\t\t\r\n\t<\/div>\r\n\r\n\t\r\n<\/div>\r\n<\/div>\t\t\t\t<\/div>\n\t\t\t\t<\/div>\n\t\t\t\t<\/div>\n\t\t<div class=\"elementor-element elementor-element-b27f159 e-con-full e-flex e-con e-child\" data-id=\"b27f159\" data-element_type=\"container\" data-e-type=\"container\">\n\t\t\t\t<div class=\"elementor-element elementor-element-e036ef3 elementor-widget elementor-widget-heading\" data-id=\"e036ef3\" data-element_type=\"widget\" data-e-type=\"widget\" data-widget_type=\"heading.default\">\n\t\t\t\t<div class=\"elementor-widget-container\">\n\t\t\t\t\t<h4 class=\"elementor-heading-title elementor-size-default\">T\u00eb interesuar t\u00eb b\u00ebheni Udh\u00ebheq\u00ebse ose t\u00eb merrni pjes\u00eb n\u00eb nj\u00eb takim? <\/h4>\t\t\t\t<\/div>\n\t\t\t\t<\/div>\n\t\t\t\t<\/div>\n\t\t<div class=\"elementor-element elementor-element-2a466ef e-con-full e-flex e-con e-child\" data-id=\"2a466ef\" data-element_type=\"container\" data-e-type=\"container\">\n\t\t<div class=\"elementor-element elementor-element-2a9eefc e-grid e-con-full e-con e-child\" data-id=\"2a9eefc\" data-element_type=\"container\" data-e-type=\"container\">\n\t\t<div class=\"elementor-element elementor-element-8f5b7f1 e-con-full e-flex e-con e-child\" data-id=\"8f5b7f1\" data-element_type=\"container\" data-e-type=\"container\" data-settings=\"{&quot;background_background&quot;:&quot;classic&quot;}\">\n\t\t\t\t<div class=\"elementor-element elementor-element-1995df7 elementor-view-default elementor-position-block-start elementor-mobile-position-block-start elementor-widget elementor-widget-icon-box\" data-id=\"1995df7\" data-element_type=\"widget\" data-e-type=\"widget\" data-widget_type=\"icon-box.default\">\n\t\t\t\t<div class=\"elementor-widget-container\">\n\t\t\t\t\t\t\t<div class=\"elementor-icon-box-wrapper\">\n\n\t\t\t\t\t\t<div class=\"elementor-icon-box-icon\">\n\t\t\t\t<a href=\"https:\/\/www.instagram.com\/lalecheleague_kosova\/\" target=\"_blank\" class=\"elementor-icon elementor-animation-shrink\" tabindex=\"-1\" aria-label=\"@lalecheleague_kosova\">\n\t\t\t\t<svg aria-hidden=\"true\" class=\"e-font-icon-svg e-fab-instagram\" viewBox=\"0 0 448 512\" xmlns=\"http:\/\/www.w3.org\/2000\/svg\"><path d=\"M224.1 141c-63.6 0-114.9 51.3-114.9 114.9s51.3 114.9 114.9 114.9S339 319.5 339 255.9 287.7 141 224.1 141zm0 189.6c-41.1 0-74.7-33.5-74.7-74.7s33.5-74.7 74.7-74.7 74.7 33.5 74.7 74.7-33.6 74.7-74.7 74.7zm146.4-194.3c0 14.9-12 26.8-26.8 26.8-14.9 0-26.8-12-26.8-26.8s12-26.8 26.8-26.8 26.8 12 26.8 26.8zm76.1 27.2c-1.7-35.9-9.9-67.7-36.2-93.9-26.2-26.2-58-34.4-93.9-36.2-37-2.1-147.9-2.1-184.9 0-35.8 1.7-67.6 9.9-93.9 36.1s-34.4 58-36.2 93.9c-2.1 37-2.1 147.9 0 184.9 1.7 35.9 9.9 67.7 36.2 93.9s58 34.4 93.9 36.2c37 2.1 147.9 2.1 184.9 0 35.9-1.7 67.7-9.9 93.9-36.2 26.2-26.2 34.4-58 36.2-93.9 2.1-37 2.1-147.8 0-184.8zM398.8 388c-7.8 19.6-22.9 34.7-42.6 42.6-29.5 11.7-99.5 9-132.1 9s-102.7 2.6-132.1-9c-19.6-7.8-34.7-22.9-42.6-42.6-11.7-29.5-9-99.5-9-132.1s-2.6-102.7 9-132.1c7.8-19.6 22.9-34.7 42.6-42.6 29.5-11.7 99.5-9 132.1-9s102.7-2.6 132.1 9c19.6 7.8 34.7 22.9 42.6 42.6 11.7 29.5 9 99.5 9 132.1s2.7 102.7-9 132.1z\"><\/path><\/svg>\t\t\t\t<\/a>\n\t\t\t<\/div>\n\t\t\t\n\t\t\t\t\t\t<div class=\"elementor-icon-box-content\">\n\n\t\t\t\t\t\t\t\t\t<h4 class=\"elementor-icon-box-title\">\n\t\t\t\t\t\t<a href=\"https:\/\/www.instagram.com\/lalecheleague_kosova\/\" target=\"_blank\" >\n\t\t\t\t\t\t\t@lalecheleague_kosova\t\t\t\t\t\t<\/a>\n\t\t\t\t\t<\/h4>\n\t\t\t\t\n\t\t\t\t\t\t\t\t\t<p class=\"elementor-icon-box-description\">\n\t\t\t\t\t\tKontaktoni ekipin p\u00ebrmes Instagramit\t\t\t\t\t<\/p>\n\t\t\t\t\n\t\t\t<\/div>\n\t\t\t\n\t\t<\/div>\n\t\t\t\t\t\t<\/div>\n\t\t\t\t<\/div>\n\t\t\t\t<\/div>\n\t\t<div class=\"elementor-element elementor-element-6b00ffa e-con-full e-flex e-con e-child\" data-id=\"6b00ffa\" data-element_type=\"container\" data-e-type=\"container\" data-settings=\"{&quot;background_background&quot;:&quot;classic&quot;}\">\n\t\t\t\t<div class=\"elementor-element elementor-element-2ccc1dc elementor-view-default elementor-position-block-start elementor-mobile-position-block-start elementor-widget elementor-widget-icon-box\" data-id=\"2ccc1dc\" data-element_type=\"widget\" data-e-type=\"widget\" data-widget_type=\"icon-box.default\">\n\t\t\t\t<div class=\"elementor-widget-container\">\n\t\t\t\t\t\t\t<div class=\"elementor-icon-box-wrapper\">\n\n\t\t\t\t\t\t<div class=\"elementor-icon-box-icon\">\n\t\t\t\t<a href=\"mailto:info@amchealth.org\" class=\"elementor-icon elementor-animation-shrink\" tabindex=\"-1\" aria-label=\"info@amchealth.org\">\n\t\t\t\t<svg xmlns=\"http:\/\/www.w3.org\/2000\/svg\" width=\"24\" height=\"24\" viewBox=\"0 0 24 24\" fill=\"none\"><path d=\"M21.5 18L14.8571 12M9.14286 12L2.50003 18M2 7L10.1649 12.7154C10.8261 13.1783 11.1567 13.4097 11.5163 13.4993C11.8339 13.5785 12.1661 13.5785 12.4837 13.4993C12.8433 13.4097 13.1739 13.1783 13.8351 12.7154L22 7M6.8 20H17.2C18.8802 20 19.7202 20 20.362 19.673C20.9265 19.3854 21.3854 18.9265 21.673 18.362C22 17.7202 22 16.8802 22 15.2V8.8C22 7.11984 22 6.27976 21.673 5.63803C21.3854 5.07354 20.9265 4.6146 20.362 4.32698C19.7202 4 18.8802 4 17.2 4H6.8C5.11984 4 4.27976 4 3.63803 4.32698C3.07354 4.6146 2.6146 5.07354 2.32698 5.63803C2 6.27976 2 7.11984 2 8.8V15.2C2 16.8802 2 17.7202 2.32698 18.362C2.6146 18.9265 3.07354 19.3854 3.63803 19.673C4.27976 20 5.11984 20 6.8 20Z\" stroke=\"#B8ADDF\" stroke-width=\"1.5\" stroke-linecap=\"round\" stroke-linejoin=\"round\"><\/path><\/svg>\t\t\t\t<\/a>\n\t\t\t<\/div>\n\t\t\t\n\t\t\t\t\t\t<div class=\"elementor-icon-box-content\">\n\n\t\t\t\t\t\t\t\t\t<h4 class=\"elementor-icon-box-title\">\n\t\t\t\t\t\t<a href=\"mailto:info@amchealth.org\" >\n\t\t\t\t\t\t\tinfo@amchealth.org\t\t\t\t\t\t<\/a>\n\t\t\t\t\t<\/h4>\n\t\t\t\t\n\t\t\t\t\t\t\t\t\t<p class=\"elementor-icon-box-description\">\n\t\t\t\t\t\tKontaktoni ekipin p\u00ebrmes Email\t\t\t\t\t<\/p>\n\t\t\t\t\n\t\t\t<\/div>\n\t\t\t\n\t\t<\/div>\n\t\t\t\t\t\t<\/div>\n\t\t\t\t<\/div>\n\t\t\t\t<\/div>\n\t\t\t\t<\/div>\n\t\t\t\t<\/div>\n\t\t<div class=\"elementor-element elementor-element-1f85812 e-con-full e-flex e-con e-child\" data-id=\"1f85812\" data-element_type=\"container\" data-e-type=\"container\">\n\t\t\t\t<div class=\"elementor-element elementor-element-79fbee8 elementor-widget elementor-widget-heading\" data-id=\"79fbee8\" data-element_type=\"widget\" data-e-type=\"widget\" data-widget_type=\"heading.default\">\n\t\t\t\t<div class=\"elementor-widget-container\">\n\t\t\t\t\t<div class=\"elementor-heading-title elementor-size-default\">S\u00eb bashku, kultivojm\u00eb besim, lidhje dhe kujdes \u2013 nj\u00eb n\u00ebn\u00eb n\u00eb \u00e7do hap.<\/div>\t\t\t\t<\/div>\n\t\t\t\t<\/div>\n\t\t\t\t<\/div>\n\t\t\t\t\t<\/div>\n\t\t\t\t<\/div>\n\t\t\t\t<\/div>\n\t\t","protected":false},"excerpt":{"rendered":"<p>La Leche League Kosova Facebook Instagram \u00c7do Pik\u00eb Ka R\u00ebnd\u00ebsi \u2013 La Leche League Kosova \u2013 Mb\u00ebshtetje p\u00ebr Ushqyerjen me Gji, N\u00ebn\u00eb p\u00ebr N\u00ebn\u00eb La Leche League (LLL) \u00ebsht\u00eb nj\u00eb l\u00ebvizje globale me baz\u00eb n\u00eb komunitet, e themeluar n\u00eb vitin 1956 dhe e pranishme n\u00eb mbi 80 vende, q\u00eb ofron mb\u00ebshtetje n\u00ebn\u00eb p\u00ebr n\u00ebn\u00eb p\u00ebr [&hellip;]<\/p>\n","protected":false},"author":1,"featured_media":0,"parent":0,"menu_order":0,"comment_status":"closed","ping_status":"closed","template":"","meta":{"_acf_changed":false,"give_campaign_id":0,"footnotes":""},"class_list":["post-7372","page","type-page","status-publish","hentry"],"acf":[],"campaignId":"","_links":{"self":[{"href":"https:\/\/amchealth.org\/sq\/wp-json\/wp\/v2\/pages\/7372","targetHints":{"allow":["GET"]}}],"collection":[{"href":"https:\/\/amchealth.org\/sq\/wp-json\/wp\/v2\/pages"}],"about":[{"href":"https:\/\/amchealth.org\/sq\/wp-json\/wp\/v2\/types\/page"}],"author":[{"embeddable":true,"href":"https:\/\/amchealth.org\/sq\/wp-json\/wp\/v2\/users\/1"}],"replies":[{"embeddable":true,"href":"https:\/\/amchealth.org\/sq\/wp-json\/wp\/v2\/comments?post=7372"}],"version-history":[{"count":0,"href":"https:\/\/amchealth.org\/sq\/wp-json\/wp\/v2\/pages\/7372\/revisions"}],"wp:attachment":[{"href":"https:\/\/amchealth.org\/sq\/wp-json\/wp\/v2\/media?parent=7372"}],"curies":[{"name":"wp","href":"https:\/\/api.w.org\/{rel}","templated":true}]}}