{"id":7360,"date":"2025-07-01T21:32:57","date_gmt":"2025-07-01T21:32:57","guid":{"rendered":"https:\/\/amc.bleart.dev\/vullnetare\/"},"modified":"2026-02-12T10:37:16","modified_gmt":"2026-02-12T10:37:16","slug":"vullnetare","status":"publish","type":"page","link":"https:\/\/amchealth.org\/sq\/vullnetare\/","title":{"rendered":"Vullnetar\u00eb"},"content":{"rendered":"\t\t<div data-elementor-type=\"wp-page\" data-elementor-id=\"7360\" class=\"elementor elementor-7360 elementor-6838\" data-elementor-post-type=\"page\">\n\t\t\t\t<div class=\"elementor-element elementor-element-635d576 e-flex e-con-boxed e-con e-parent\" data-id=\"635d576\" data-element_type=\"container\" data-e-type=\"container\" data-settings=\"{&quot;background_background&quot;:&quot;gradient&quot;}\">\n\t\t\t\t\t<div class=\"e-con-inner\">\n\t\t<div class=\"elementor-element elementor-element-ff542d0 e-flex e-con-boxed e-con e-child\" data-id=\"ff542d0\" data-element_type=\"container\" data-e-type=\"container\">\n\t\t\t\t\t<div class=\"e-con-inner\">\n\t\t<div class=\"elementor-element elementor-element-7b128fc e-con-full e-flex e-con e-child\" data-id=\"7b128fc\" data-element_type=\"container\" data-e-type=\"container\">\n\t\t\t\t<div class=\"elementor-element elementor-element-5bd113b elementor-widget elementor-widget-heading\" data-id=\"5bd113b\" data-element_type=\"widget\" data-e-type=\"widget\" data-widget_type=\"heading.default\">\n\t\t\t\t<div class=\"elementor-widget-container\">\n\t\t\t\t\t<h1 class=\"elementor-heading-title elementor-size-default\">B\u00ebhu Vullnetar dhe b\u00ebhu ndryshimi!<\/h1>\t\t\t\t<\/div>\n\t\t\t\t<\/div>\n\t\t\t\t<div class=\"elementor-element elementor-element-b64ca72 elementor-widget elementor-widget-heading\" data-id=\"b64ca72\" data-element_type=\"widget\" data-e-type=\"widget\" data-widget_type=\"heading.default\">\n\t\t\t\t<div class=\"elementor-widget-container\">\n\t\t\t\t\t<p class=\"elementor-heading-title elementor-size-default\">Po k\u00ebrkon m\u00ebnyra p\u00ebr t\u00eb dh\u00ebn\u00eb kontribut, p\u00ebr t\u2019u zhvilluar dhe p\u00ebr t\u00eb ndikuar realisht? Ne po k\u00ebrkojm\u00eb vullnetar\u00eb me pasion \u2013 student\u00eb, hulumtues, avoukues dhe ndryshimtar\u00eb q\u00eb t\u00eb bashkohen me misionin ton\u00eb.<\/p>\t\t\t\t<\/div>\n\t\t\t\t<\/div>\n\t\t\t\t<\/div>\n\t\t\t\t\t<\/div>\n\t\t\t\t<\/div>\n\t\t\t\t\t<\/div>\n\t\t\t\t<\/div>\n\t\t<div class=\"elementor-element elementor-element-0a08da0 e-con-full e-flex e-con e-parent\" data-id=\"0a08da0\" data-element_type=\"container\" data-e-type=\"container\" data-settings=\"{&quot;background_background&quot;:&quot;classic&quot;}\">\n\t\t<div class=\"elementor-element elementor-element-1d4ad15 e-flex e-con-boxed e-con e-child\" data-id=\"1d4ad15\" data-element_type=\"container\" data-e-type=\"container\">\n\t\t\t\t\t<div class=\"e-con-inner\">\n\t\t\t\t<div class=\"elementor-element elementor-element-17a3062 elementor-pagination-type-bullets elementor-arrows-position-inside elementor-pagination-position-outside elementor-widget elementor-widget-n-carousel\" data-id=\"17a3062\" data-element_type=\"widget\" data-e-type=\"widget\" data-settings=\"{&quot;carousel_items&quot;:[{&quot;slide_title&quot;:&quot;Slide #1&quot;,&quot;_id&quot;:&quot;dbdc4b6&quot;},{&quot;slide_title&quot;:&quot;Slide #1&quot;,&quot;_id&quot;:&quot;b091233&quot;},{&quot;slide_title&quot;:&quot;Slide #1&quot;,&quot;_id&quot;:&quot;fbb86d6&quot;}],&quot;slides_to_show&quot;:&quot;3&quot;,&quot;slides_to_show_laptop&quot;:&quot;2&quot;,&quot;slides_to_scroll&quot;:&quot;1&quot;,&quot;slides_to_scroll_laptop&quot;:&quot;1&quot;,&quot;image_spacing_custom&quot;:{&quot;unit&quot;:&quot;px&quot;,&quot;size&quot;:40,&quot;sizes&quot;:[]},&quot;image_spacing_custom_laptop&quot;:{&quot;unit&quot;:&quot;px&quot;,&quot;size&quot;:40,&quot;sizes&quot;:[]},&quot;image_spacing_custom_mobile&quot;:{&quot;unit&quot;:&quot;px&quot;,&quot;size&quot;:20,&quot;sizes&quot;:[]},&quot;slides_to_show_tablet&quot;:&quot;2&quot;,&quot;slides_to_show_mobile&quot;:&quot;1&quot;,&quot;autoplay&quot;:&quot;yes&quot;,&quot;autoplay_speed&quot;:5000,&quot;pause_on_interaction&quot;:&quot;yes&quot;,&quot;infinite&quot;:&quot;yes&quot;,&quot;speed&quot;:500,&quot;offset_sides&quot;:&quot;none&quot;,&quot;arrows&quot;:&quot;yes&quot;,&quot;pagination&quot;:&quot;bullets&quot;,&quot;image_spacing_custom_tablet&quot;:{&quot;unit&quot;:&quot;px&quot;,&quot;size&quot;:&quot;&quot;,&quot;sizes&quot;:[]}}\" data-widget_type=\"nested-carousel.default\">\n\t\t\t\t<div class=\"elementor-widget-container\">\n\t\t\t\t\t\t\t<div class=\"e-n-carousel swiper\" role=\"region\" aria-roledescription=\"carousel\" aria-label=\"Carousel\" dir=\"ltr\">\r\n\t\t\t<div class=\"swiper-wrapper\" aria-live=\"off\">\r\n\t\t\t\t\t\t\t\t\t\t<div class=\"swiper-slide\" data-slide=\"1\" role=\"group\" aria-roledescription=\"slide\" aria-label=\"1 of 3\">\r\n\t\t\t\t\t\t\t<div class=\"elementor-element elementor-element-f5d001b e-con-full e-flex e-con e-child\" data-id=\"f5d001b\" data-element_type=\"container\" data-e-type=\"container\">\n\t\t<div class=\"elementor-element elementor-element-47550db e-con-full e-flex e-con e-child\" data-id=\"47550db\" data-element_type=\"container\" data-e-type=\"container\">\n\t\t<div class=\"elementor-element elementor-element-64d8fa3 e-con-full e-flex e-con e-child\" data-id=\"64d8fa3\" data-element_type=\"container\" data-e-type=\"container\">\n\t\t\t\t<div class=\"elementor-element elementor-element-de3b163 swiper-image elementor-widget elementor-widget-image\" data-id=\"de3b163\" data-element_type=\"widget\" data-e-type=\"widget\" data-widget_type=\"image.default\">\n\t\t\t\t<div class=\"elementor-widget-container\">\n\t\t\t\t\t\t\t\t\t\t\t\t\t\t\t<img fetchpriority=\"high\" decoding=\"async\" width=\"1200\" height=\"1600\" src=\"https:\/\/amchealth.org\/wp-content\/uploads\/2025\/08\/viber_image_2025-08-15_14-19-29-775-Custom.jpg\" class=\"attachment-full size-full wp-image-7698\" alt=\"\" srcset=\"https:\/\/amchealth.org\/wp-content\/uploads\/2025\/08\/viber_image_2025-08-15_14-19-29-775-Custom.jpg 1200w, https:\/\/amchealth.org\/wp-content\/uploads\/2025\/08\/viber_image_2025-08-15_14-19-29-775-Custom-600x800.jpg 600w, https:\/\/amchealth.org\/wp-content\/uploads\/2025\/08\/viber_image_2025-08-15_14-19-29-775-Custom-225x300.jpg 225w, https:\/\/amchealth.org\/wp-content\/uploads\/2025\/08\/viber_image_2025-08-15_14-19-29-775-Custom-768x1024.jpg 768w, https:\/\/amchealth.org\/wp-content\/uploads\/2025\/08\/viber_image_2025-08-15_14-19-29-775-Custom-1152x1536.jpg 1152w\" sizes=\"(max-width: 1200px) 100vw, 1200px\" \/>\t\t\t\t\t\t\t\t\t\t\t\t\t\t\t<\/div>\n\t\t\t\t<\/div>\n\t\t\t\t<\/div>\n\t\t<div class=\"elementor-element elementor-element-884b50e e-con-full e-flex e-con e-child\" data-id=\"884b50e\" data-element_type=\"container\" data-e-type=\"container\" data-settings=\"{&quot;background_background&quot;:&quot;classic&quot;}\">\n\t\t\t\t<div class=\"elementor-element elementor-element-60f9dfd elementor-widget elementor-widget-text-editor\" data-id=\"60f9dfd\" data-element_type=\"widget\" data-e-type=\"widget\" data-widget_type=\"text-editor.default\">\n\t\t\t\t<div class=\"elementor-widget-container\">\n\t\t\t\t\t\t\t\t\t<p>T\u00eb qenit pjes\u00eb e Teshavesha \u00ebsht\u00eb nj\u00eb p\u00ebrvoj\u00eb v\u00ebrtet shp\u00ebrblyese. \u00c7do kontribut, qoft\u00eb p\u00ebrmes vullnetarizmit, dhurimit t\u00eb rrobave apo promovimit t\u00eb pun\u00ebs, mb\u00ebshtet programet sh\u00ebndet\u00ebsore t\u00eb AMC-s\u00eb dhe ndihmon n\u00eb forcimin e komunitetit ton\u00eb.<\/p><p>\u00a0<\/p><p>Teshavesha \u00ebsht\u00eb m\u00eb shum\u00eb se nj\u00eb dyqan rrobash t\u00eb dor\u00ebs s\u00eb dyt\u00eb; \u00ebsht\u00eb nj\u00eb l\u00ebvizje mir\u00ebsie, q\u00ebndrueshm\u00ebrie dhe fuqizimi. Vullnetar\u00ebt luajn\u00eb nj\u00eb rol jetik n\u00eb avancimin e k\u00ebtij misioni, duke ndihmuar n\u00eb krijimin e ndryshimit pozitiv dhe duke i dh\u00ebn\u00eb jet\u00eb t\u00eb re si sendeve ashtu edhe shpres\u00ebs<\/p>\t\t\t\t\t\t\t\t<\/div>\n\t\t\t\t<\/div>\n\t\t\t\t<\/div>\n\t\t\t\t<\/div>\n\t\t\t\t<\/div>\n\t\t\t\t\t\t\t\t<\/div>\r\n\t\t\t\t\t\t\t\t\t\t\t<div class=\"swiper-slide\" data-slide=\"2\" role=\"group\" aria-roledescription=\"slide\" aria-label=\"2 of 3\">\r\n\t\t\t\t\t\t\t<div class=\"elementor-element elementor-element-e9ff9e3 e-con-full e-flex e-con e-child\" data-id=\"e9ff9e3\" data-element_type=\"container\" data-e-type=\"container\">\n\t\t<div class=\"elementor-element elementor-element-d5d1ecf e-con-full e-flex e-con e-child\" data-id=\"d5d1ecf\" data-element_type=\"container\" data-e-type=\"container\">\n\t\t<div class=\"elementor-element elementor-element-37cf881 e-con-full e-flex e-con e-child\" data-id=\"37cf881\" data-element_type=\"container\" data-e-type=\"container\">\n\t\t\t\t<div class=\"elementor-element elementor-element-f2d24e2 swiper-image elementor-widget elementor-widget-image\" data-id=\"f2d24e2\" data-element_type=\"widget\" data-e-type=\"widget\" data-widget_type=\"image.default\">\n\t\t\t\t<div class=\"elementor-widget-container\">\n\t\t\t\t\t\t\t\t\t\t\t\t\t\t\t<img decoding=\"async\" width=\"1200\" height=\"1500\" src=\"https:\/\/amchealth.org\/wp-content\/uploads\/2025\/08\/Volunteer-Custom.jpg\" class=\"attachment-full size-full wp-image-7700\" alt=\"\" srcset=\"https:\/\/amchealth.org\/wp-content\/uploads\/2025\/08\/Volunteer-Custom.jpg 1200w, https:\/\/amchealth.org\/wp-content\/uploads\/2025\/08\/Volunteer-Custom-600x750.jpg 600w, https:\/\/amchealth.org\/wp-content\/uploads\/2025\/08\/Volunteer-Custom-240x300.jpg 240w, https:\/\/amchealth.org\/wp-content\/uploads\/2025\/08\/Volunteer-Custom-819x1024.jpg 819w, https:\/\/amchealth.org\/wp-content\/uploads\/2025\/08\/Volunteer-Custom-768x960.jpg 768w\" sizes=\"(max-width: 1200px) 100vw, 1200px\" \/>\t\t\t\t\t\t\t\t\t\t\t\t\t\t\t<\/div>\n\t\t\t\t<\/div>\n\t\t\t\t<\/div>\n\t\t<div class=\"elementor-element elementor-element-7801737 e-con-full e-flex e-con e-child\" data-id=\"7801737\" data-element_type=\"container\" data-e-type=\"container\" data-settings=\"{&quot;background_background&quot;:&quot;classic&quot;}\">\n\t\t\t\t<div class=\"elementor-element elementor-element-32f8517 elementor-widget elementor-widget-text-editor\" data-id=\"32f8517\" data-element_type=\"widget\" data-e-type=\"widget\" data-widget_type=\"text-editor.default\">\n\t\t\t\t<div class=\"elementor-widget-container\">\n\t\t\t\t\t\t\t\t\t<p>\u201cNa p\u00eblqeu shum\u00eb t\u00eb ishim pjes\u00eb e eventit t\u00eb AMC-s\u00eb <em data-start=\"721\" data-end=\"738\">Meet Us Halfway<\/em> n\u00eb New York! Q\u00ebllimi i eventit ishte t\u00eb bashkonte komunitetin shqiptar n\u00eb SHBA p\u00ebr t\u00eb mbledhur fonde n\u00eb mb\u00ebshtetje t\u00eb misionit t\u00eb AMC-s\u00eb.<\/p><p>Ishim t\u00eb lumtura t\u00eb ndihmonim duke mir\u00ebpritur t\u00eb ftuarit dhe duke asistuar me procesin e regjistrimit gjat\u00eb gjith\u00eb mbr\u00ebmjes.\u201d<br data-start=\"1002\" data-end=\"1005\" \/>\u2013 <strong data-start=\"1007\" data-end=\"1022\">Er\u00ebza Gashi<\/strong><\/p>\t\t\t\t\t\t\t\t<\/div>\n\t\t\t\t<\/div>\n\t\t\t\t<\/div>\n\t\t\t\t<\/div>\n\t\t\t\t<\/div>\n\t\t\t\t\t\t\t\t<\/div>\r\n\t\t\t\t\t\t\t\t\t\t\t<div class=\"swiper-slide\" data-slide=\"3\" role=\"group\" aria-roledescription=\"slide\" aria-label=\"3 of 3\">\r\n\t\t\t\t\t\t\t<div class=\"elementor-element elementor-element-d83e66b e-con-full e-flex e-con e-child\" data-id=\"d83e66b\" data-element_type=\"container\" data-e-type=\"container\">\n\t\t<div class=\"elementor-element elementor-element-b0821c2 e-con-full e-flex e-con e-child\" data-id=\"b0821c2\" data-element_type=\"container\" data-e-type=\"container\">\n\t\t<div class=\"elementor-element elementor-element-037d54d e-con-full e-flex e-con e-child\" data-id=\"037d54d\" data-element_type=\"container\" data-e-type=\"container\">\n\t\t\t\t<div class=\"elementor-element elementor-element-b8ef3c1 swiper-image elementor-widget elementor-widget-image\" data-id=\"b8ef3c1\" data-element_type=\"widget\" data-e-type=\"widget\" data-widget_type=\"image.default\">\n\t\t\t\t<div class=\"elementor-widget-container\">\n\t\t\t\t\t\t\t\t\t\t\t\t\t\t\t<img decoding=\"async\" width=\"2048\" height=\"1365\" src=\"https:\/\/amchealth.org\/wp-content\/uploads\/2026\/02\/rohini.webp\" class=\"attachment-full size-full wp-image-9438\" alt=\"\" srcset=\"https:\/\/amchealth.org\/wp-content\/uploads\/2026\/02\/rohini.webp 2048w, https:\/\/amchealth.org\/wp-content\/uploads\/2026\/02\/rohini-300x200.webp 300w, https:\/\/amchealth.org\/wp-content\/uploads\/2026\/02\/rohini-1024x683.webp 1024w, https:\/\/amchealth.org\/wp-content\/uploads\/2026\/02\/rohini-768x512.webp 768w, https:\/\/amchealth.org\/wp-content\/uploads\/2026\/02\/rohini-1536x1024.webp 1536w, https:\/\/amchealth.org\/wp-content\/uploads\/2026\/02\/rohini-60x40.webp 60w, https:\/\/amchealth.org\/wp-content\/uploads\/2026\/02\/rohini-600x400.webp 600w\" sizes=\"(max-width: 2048px) 100vw, 2048px\" \/>\t\t\t\t\t\t\t\t\t\t\t\t\t\t\t<\/div>\n\t\t\t\t<\/div>\n\t\t\t\t<\/div>\n\t\t<div class=\"elementor-element elementor-element-ae1c2c2 e-con-full e-flex e-con e-child\" data-id=\"ae1c2c2\" data-element_type=\"container\" data-e-type=\"container\" data-settings=\"{&quot;background_background&quot;:&quot;classic&quot;}\">\n\t\t\t\t<div class=\"elementor-element elementor-element-8dfff13 elementor-widget elementor-widget-text-editor\" data-id=\"8dfff13\" data-element_type=\"widget\" data-e-type=\"widget\" data-widget_type=\"text-editor.default\">\n\t\t\t\t<div class=\"elementor-widget-container\">\n\t\t\t\t\t\t\t\t\t<p>\u201cJam e entuziazmuar t\u00eb eksploroj nd\u00ebrthurjen e sh\u00ebndetit dhe shkencave humane p\u00ebrmes rr\u00ebfimit mjek\u00ebsor dhe t\u00eb krijoj projekte multimediale q\u00eb rrisin nd\u00ebrgjegj\u00ebsimin dhe mb\u00ebshtetjen p\u00ebr programet e AMC-s\u00eb.\u201d<br data-start=\"1257\" data-end=\"1260\" \/>\u2013 <strong data-start=\"1262\" data-end=\"1279\">Rohini Mandal<\/strong><\/p>\t\t\t\t\t\t\t\t<\/div>\n\t\t\t\t<\/div>\n\t\t\t\t<\/div>\n\t\t\t\t<\/div>\n\t\t\t\t<\/div>\n\t\t\t\t\t\t\t\t<\/div>\r\n\t\t\t\t\t\t\t\t<\/div>\r\n\t\t<\/div>\r\n\t\t\t\t\t<div class=\"elementor-swiper-button elementor-swiper-button-prev\" role=\"button\" tabindex=\"0\" aria-label=\"Previous\">\r\n\t\t\t\t<svg xmlns=\"http:\/\/www.w3.org\/2000\/svg\" width=\"24\" height=\"24\" viewBox=\"0 0 24 24\" fill=\"none\"><path d=\"M20 12H4M4 12L10 18M4 12L10 6\" stroke=\"black\" stroke-width=\"1.5\" stroke-linecap=\"round\" stroke-linejoin=\"round\"><\/path><\/svg>\t\t\t<\/div>\r\n\t\t\t<div class=\"elementor-swiper-button elementor-swiper-button-next\" role=\"button\" tabindex=\"0\" aria-label=\"Next\">\r\n\t\t\t\t<svg xmlns=\"http:\/\/www.w3.org\/2000\/svg\" width=\"24\" height=\"24\" viewBox=\"0 0 24 24\" fill=\"none\"><path d=\"M4 12H20M20 12L14 6M20 12L14 18\" stroke=\"black\" stroke-width=\"1.5\" stroke-linecap=\"round\" stroke-linejoin=\"round\"><\/path><\/svg>\t\t\t<\/div>\r\n\t\t\t\t\t<div class=\"swiper-pagination\"><\/div>\r\n\t\t\t\t\t\t<\/div>\n\t\t\t\t<\/div>\n\t\t\t\t\t<\/div>\n\t\t\t\t<\/div>\n\t\t\t\t<\/div>\n\t\t<div class=\"elementor-element elementor-element-494040a e-flex e-con-boxed e-con e-parent\" data-id=\"494040a\" data-element_type=\"container\" data-e-type=\"container\">\n\t\t\t\t\t<div class=\"e-con-inner\">\n\t\t<div class=\"elementor-element elementor-element-3b2fb77 e-flex e-con-boxed e-con e-child\" data-id=\"3b2fb77\" data-element_type=\"container\" data-e-type=\"container\">\n\t\t\t\t\t<div class=\"e-con-inner\">\n\t\t<div class=\"elementor-element elementor-element-7f56581 e-flex e-con-boxed e-con e-child\" data-id=\"7f56581\" data-element_type=\"container\" data-e-type=\"container\">\n\t\t\t\t\t<div class=\"e-con-inner\">\n\t\t\t\t<div class=\"elementor-element elementor-element-8dbf5d9 elementor-widget elementor-widget-heading\" data-id=\"8dbf5d9\" data-element_type=\"widget\" data-e-type=\"widget\" data-widget_type=\"heading.default\">\n\t\t\t\t<div class=\"elementor-widget-container\">\n\t\t\t\t\t<h4 class=\"elementor-heading-title elementor-size-default\">Duke u b\u00ebr\u00eb pjes\u00eb e ekipit t\u00eb AMC si vullnetar, ju mund t\u00eb:<\/h4>\t\t\t\t<\/div>\n\t\t\t\t<\/div>\n\t\t\t\t<div class=\"elementor-element elementor-element-90b9e6c elementor-icon-list--layout-traditional elementor-list-item-link-full_width elementor-widget elementor-widget-icon-list\" data-id=\"90b9e6c\" data-element_type=\"widget\" data-e-type=\"widget\" data-widget_type=\"icon-list.default\">\n\t\t\t\t<div class=\"elementor-widget-container\">\n\t\t\t\t\t\t\t<ul class=\"elementor-icon-list-items\">\n\t\t\t\t\t\t\t<li class=\"elementor-icon-list-item\">\n\t\t\t\t\t\t\t\t\t\t\t<span class=\"elementor-icon-list-icon\">\n\t\t\t\t\t\t\t<svg aria-hidden=\"true\" class=\"e-font-icon-svg e-fas-check\" viewBox=\"0 0 512 512\" xmlns=\"http:\/\/www.w3.org\/2000\/svg\"><path d=\"M173.898 439.404l-166.4-166.4c-9.997-9.997-9.997-26.206 0-36.204l36.203-36.204c9.997-9.998 26.207-9.998 36.204 0L192 312.69 432.095 72.596c9.997-9.997 26.207-9.997 36.204 0l36.203 36.204c9.997 9.997 9.997 26.206 0 36.204l-294.4 294.401c-9.998 9.997-26.207 9.997-36.204-.001z\"><\/path><\/svg>\t\t\t\t\t\t<\/span>\n\t\t\t\t\t\t\t\t\t\t<span class=\"elementor-icon-list-text\">Mb\u00ebshtesni programe jetike p\u00ebr komunitetin<\/span>\n\t\t\t\t\t\t\t\t\t<\/li>\n\t\t\t\t\t\t\t\t<li class=\"elementor-icon-list-item\">\n\t\t\t\t\t\t\t\t\t\t\t<span class=\"elementor-icon-list-icon\">\n\t\t\t\t\t\t\t<svg aria-hidden=\"true\" class=\"e-font-icon-svg e-fas-check\" viewBox=\"0 0 512 512\" xmlns=\"http:\/\/www.w3.org\/2000\/svg\"><path d=\"M173.898 439.404l-166.4-166.4c-9.997-9.997-9.997-26.206 0-36.204l36.203-36.204c9.997-9.998 26.207-9.998 36.204 0L192 312.69 432.095 72.596c9.997-9.997 26.207-9.997 36.204 0l36.203 36.204c9.997 9.997 9.997 26.206 0 36.204l-294.4 294.401c-9.998 9.997-26.207 9.997-36.204-.001z\"><\/path><\/svg>\t\t\t\t\t\t<\/span>\n\t\t\t\t\t\t\t\t\t\t<span class=\"elementor-icon-list-text\">Rritni nd\u00ebrgjegj\u00ebsimin p\u00ebr sh\u00ebndetin e n\u00ebn\u00ebs dhe f\u00ebmij\u00ebs<\/span>\n\t\t\t\t\t\t\t\t\t<\/li>\n\t\t\t\t\t\t\t\t<li class=\"elementor-icon-list-item\">\n\t\t\t\t\t\t\t\t\t\t\t<span class=\"elementor-icon-list-icon\">\n\t\t\t\t\t\t\t<svg aria-hidden=\"true\" class=\"e-font-icon-svg e-fas-check\" viewBox=\"0 0 512 512\" xmlns=\"http:\/\/www.w3.org\/2000\/svg\"><path d=\"M173.898 439.404l-166.4-166.4c-9.997-9.997-9.997-26.206 0-36.204l36.203-36.204c9.997-9.998 26.207-9.998 36.204 0L192 312.69 432.095 72.596c9.997-9.997 26.207-9.997 36.204 0l36.203 36.204c9.997 9.997 9.997 26.206 0 36.204l-294.4 294.401c-9.998 9.997-26.207 9.997-36.204-.001z\"><\/path><\/svg>\t\t\t\t\t\t<\/span>\n\t\t\t\t\t\t\t\t\t\t<span class=\"elementor-icon-list-text\">Dhuroni koh\u00ebn, energjin\u00eb dhe aft\u00ebsit\u00eb tuaja aty ku kan\u00eb m\u00eb shum\u00eb ndikim<\/span>\n\t\t\t\t\t\t\t\t\t<\/li>\n\t\t\t\t\t\t<\/ul>\n\t\t\t\t\t\t<\/div>\n\t\t\t\t<\/div>\n\t\t\t\t<div class=\"elementor-element elementor-element-e7727ff elementor-widget elementor-widget-heading\" data-id=\"e7727ff\" data-element_type=\"widget\" data-e-type=\"widget\" data-widget_type=\"heading.default\">\n\t\t\t\t<div class=\"elementor-widget-container\">\n\t\t\t\t\t<p class=\"elementor-heading-title elementor-size-default\">Pavar\u00ebsisht p\u00ebrvoj\u00ebs suaj, ju mund t\u00eb b\u00ebni ndryshim.<br>Plot\u00ebsoni formularin m\u00eb posht\u00eb dhe p\u00ebrfshihuni q\u00eb sot.<br>Koha juaj ka fuqi. P\u00ebrdoreni p\u00ebr t\u00eb ngritur t\u00eb tjer\u00ebt. B\u00ebhu vullnetar tani!\n<\/p>\t\t\t\t<\/div>\n\t\t\t\t<\/div>\n\t\t\t\t\t<\/div>\n\t\t\t\t<\/div>\n\t\t\t\t\t<\/div>\n\t\t\t\t<\/div>\n\t\t<div class=\"elementor-element elementor-element-7911461 e-con-full e-flex e-con e-child\" data-id=\"7911461\" data-element_type=\"container\" data-e-type=\"container\">\n\t\t\t\t<div class=\"elementor-element elementor-element-3224815 elementor-button-align-stretch elementor-widget elementor-widget-form\" data-id=\"3224815\" data-element_type=\"widget\" data-e-type=\"widget\" data-settings=\"{&quot;step_next_label&quot;:&quot;Tjetra&quot;,&quot;step_previous_label&quot;:&quot;Prapa&quot;,&quot;button_width&quot;:&quot;100&quot;,&quot;step_type&quot;:&quot;number_text&quot;,&quot;step_icon_shape&quot;:&quot;circle&quot;}\" data-widget_type=\"form.default\">\n\t\t\t\t<div class=\"elementor-widget-container\">\n\t\t\t\t\t\t\t<form class=\"elementor-form\" method=\"post\" name=\"Forma Vullnetar\u00eb\" aria-label=\"Forma Vullnetar\u00eb\">\r\n\t\t\t<input type=\"hidden\" name=\"post_id\" value=\"7360\"\/>\r\n\t\t\t<input type=\"hidden\" name=\"form_id\" value=\"3224815\"\/>\r\n\t\t\t<input type=\"hidden\" name=\"referer_title\" value=\"\" \/>\r\n\r\n\t\t\t\r\n\t\t\t<div class=\"elementor-form-fields-wrapper elementor-labels-above\">\r\n\t\t\t\t\t\t\t\t<div class=\"elementor-field-type-text elementor-field-group elementor-column elementor-field-group-name elementor-col-50 elementor-field-required elementor-mark-required\">\r\n\t\t\t\t\t\t\t\t\t\t\t\t<label for=\"form-field-name\" class=\"elementor-field-label\">\r\n\t\t\t\t\t\t\t\tEmri\t\t\t\t\t\t\t<\/label>\r\n\t\t\t\t\t\t\t\t\t\t\t\t\t\t<input size=\"1\" type=\"text\" name=\"form_fields[name]\" id=\"form-field-name\" class=\"elementor-field elementor-size-md  elementor-field-textual\" placeholder=\"Emri\" required=\"required\">\r\n\t\t\t\t\t\t\t\t\t\t\t<\/div>\r\n\t\t\t\t\t\t\t\t<div class=\"elementor-field-type-text elementor-field-group elementor-column elementor-field-group-surname elementor-col-50 elementor-field-required elementor-mark-required\">\r\n\t\t\t\t\t\t\t\t\t\t\t\t<label for=\"form-field-surname\" class=\"elementor-field-label\">\r\n\t\t\t\t\t\t\t\tMbiemri\t\t\t\t\t\t\t<\/label>\r\n\t\t\t\t\t\t\t\t\t\t\t\t\t\t<input size=\"1\" type=\"text\" name=\"form_fields[surname]\" id=\"form-field-surname\" class=\"elementor-field elementor-size-md  elementor-field-textual\" placeholder=\"Mbiemri\" required=\"required\">\r\n\t\t\t\t\t\t\t\t\t\t\t<\/div>\r\n\t\t\t\t\t\t\t\t<div class=\"elementor-field-type-tel elementor-field-group elementor-column elementor-field-group-phone elementor-col-50 elementor-field-required elementor-mark-required\">\r\n\t\t\t\t\t\t\t\t\t\t\t\t<label for=\"form-field-phone\" class=\"elementor-field-label\">\r\n\t\t\t\t\t\t\t\tNumri i Telefonit\t\t\t\t\t\t\t<\/label>\r\n\t\t\t\t\t\t\t\t<input size=\"1\" type=\"tel\" name=\"form_fields[phone]\" id=\"form-field-phone\" class=\"elementor-field elementor-size-md  elementor-field-textual\" placeholder=\"Numri i Telefonit\" required=\"required\" pattern=\"[0-9()#&amp;+*-=.]+\" title=\"Only numbers and phone characters (#, -, *, etc) are accepted.\">\r\n\r\n\t\t\t\t\t\t<\/div>\r\n\t\t\t\t\t\t\t\t<div class=\"elementor-field-type-email elementor-field-group elementor-column elementor-field-group-email elementor-col-50 elementor-field-required elementor-mark-required\">\r\n\t\t\t\t\t\t\t\t\t\t\t\t<label for=\"form-field-email\" class=\"elementor-field-label\">\r\n\t\t\t\t\t\t\t\tEmail\t\t\t\t\t\t\t<\/label>\r\n\t\t\t\t\t\t\t\t\t\t\t\t\t\t<input size=\"1\" type=\"email\" name=\"form_fields[email]\" id=\"form-field-email\" class=\"elementor-field elementor-size-md  elementor-field-textual\" placeholder=\"Email\" required=\"required\">\r\n\t\t\t\t\t\t\t\t\t\t\t<\/div>\r\n\t\t\t\t\t\t\t\t<div class=\"elementor-field-type-upload elementor-field-group elementor-column elementor-field-group-upload elementor-col-100 elementor-field-required elementor-mark-required\">\r\n\t\t\t\t\t\t\t\t\t\t\t\t<label for=\"form-field-upload\" class=\"elementor-field-label\">\r\n\t\t\t\t\t\t\t\tNgarko CV Tuaj\t\t\t\t\t\t\t<\/label>\r\n\t\t\t\t\t\t\t\t<input type=\"file\" name=\"form_fields[upload]\" id=\"form-field-upload\" class=\"elementor-field elementor-size-md  elementor-upload-field\" required=\"required\" data-maxsize=\"10\" data-maxsize-message=\"This file exceeds the maximum allowed size.\">\r\n\r\n\t\t\t\t\t\t<\/div>\r\n\t\t\t\t\t\t\t\t<div class=\"elementor-field-group elementor-column elementor-field-type-submit elementor-col-100 e-form__buttons\">\r\n\t\t\t\t\t<button class=\"elementor-button elementor-size-sm\" type=\"submit\">\r\n\t\t\t\t\t\t<span class=\"elementor-button-content-wrapper\">\r\n\t\t\t\t\t\t\t\t\t\t\t\t\t\t\t\t\t\t\t\t\t\t<span class=\"elementor-button-text\">D\u00ebrgo<\/span>\r\n\t\t\t\t\t\t\t\t\t\t\t\t\t<\/span>\r\n\t\t\t\t\t<\/button>\r\n\t\t\t\t<\/div>\r\n\t\t\t<\/div>\r\n\t\t<\/form>\r\n\t\t\t\t\t\t<\/div>\n\t\t\t\t<\/div>\n\t\t\t\t<\/div>\n\t\t\t\t\t<\/div>\n\t\t\t\t<\/div>\n\t\t\t\t<\/div>\n\t\t","protected":false},"excerpt":{"rendered":"<p>B\u00ebhu Vullnetar dhe b\u00ebhu ndryshimi! Po k\u00ebrkon m\u00ebnyra p\u00ebr t\u00eb dh\u00ebn\u00eb kontribut, p\u00ebr t\u2019u zhvilluar dhe p\u00ebr t\u00eb ndikuar realisht? Ne po k\u00ebrkojm\u00eb vullnetar\u00eb me pasion \u2013 student\u00eb, hulumtues, avoukues dhe ndryshimtar\u00eb q\u00eb t\u00eb bashkohen me misionin ton\u00eb. T\u00eb qenit pjes\u00eb e Teshavesha \u00ebsht\u00eb nj\u00eb p\u00ebrvoj\u00eb v\u00ebrtet shp\u00ebrblyese. \u00c7do kontribut, qoft\u00eb p\u00ebrmes vullnetarizmit, dhurimit t\u00eb [&hellip;]<\/p>\n","protected":false},"author":1,"featured_media":0,"parent":0,"menu_order":0,"comment_status":"closed","ping_status":"closed","template":"","meta":{"_acf_changed":false,"give_campaign_id":0,"footnotes":""},"class_list":["post-7360","page","type-page","status-publish","hentry"],"acf":[],"campaignId":"","_links":{"self":[{"href":"https:\/\/amchealth.org\/sq\/wp-json\/wp\/v2\/pages\/7360","targetHints":{"allow":["GET"]}}],"collection":[{"href":"https:\/\/amchealth.org\/sq\/wp-json\/wp\/v2\/pages"}],"about":[{"href":"https:\/\/amchealth.org\/sq\/wp-json\/wp\/v2\/types\/page"}],"author":[{"embeddable":true,"href":"https:\/\/amchealth.org\/sq\/wp-json\/wp\/v2\/users\/1"}],"replies":[{"embeddable":true,"href":"https:\/\/amchealth.org\/sq\/wp-json\/wp\/v2\/comments?post=7360"}],"version-history":[{"count":3,"href":"https:\/\/amchealth.org\/sq\/wp-json\/wp\/v2\/pages\/7360\/revisions"}],"predecessor-version":[{"id":9442,"href":"https:\/\/amchealth.org\/sq\/wp-json\/wp\/v2\/pages\/7360\/revisions\/9442"}],"wp:attachment":[{"href":"https:\/\/amchealth.org\/sq\/wp-json\/wp\/v2\/media?parent=7360"}],"curies":[{"name":"wp","href":"https:\/\/api.w.org\/{rel}","templated":true}]}}