{"id":7352,"date":"2025-03-13T13:04:52","date_gmt":"2025-03-13T13:04:52","guid":{"rendered":"https:\/\/amc.bleart.dev\/zgjedh-dhurata\/"},"modified":"2026-02-05T13:44:52","modified_gmt":"2026-02-05T13:44:52","slug":"zgjedh-dhurata","status":"publish","type":"page","link":"https:\/\/amchealth.org\/sq\/zgjedh-dhurata\/","title":{"rendered":"Zgjedh Dhurata"},"content":{"rendered":"\t\t<div data-elementor-type=\"wp-page\" data-elementor-id=\"7352\" class=\"elementor elementor-7352 elementor-609\" data-elementor-post-type=\"page\">\n\t\t\t\t<div class=\"elementor-element elementor-element-c0ad38a e-flex e-con-boxed e-con e-parent\" data-id=\"c0ad38a\" data-element_type=\"container\" data-e-type=\"container\" data-settings=\"{&quot;background_background&quot;:&quot;gradient&quot;}\">\n\t\t\t\t\t<div class=\"e-con-inner\">\n\t\t<div class=\"elementor-element elementor-element-46d0d48 e-flex e-con-boxed e-con e-child\" data-id=\"46d0d48\" data-element_type=\"container\" data-e-type=\"container\">\n\t\t\t\t\t<div class=\"e-con-inner\">\n\t\t<div class=\"elementor-element elementor-element-fe740af e-con-full e-flex e-con e-child\" data-id=\"fe740af\" data-element_type=\"container\" data-e-type=\"container\">\n\t\t\t\t<div class=\"elementor-element elementor-element-61364db elementor-widget elementor-widget-heading\" data-id=\"61364db\" data-element_type=\"widget\" data-e-type=\"widget\" data-widget_type=\"heading.default\">\n\t\t\t\t<div class=\"elementor-widget-container\">\n\t\t\t\t\t<h1 class=\"elementor-heading-title elementor-size-default\">Zgjedh Dhurata<\/h1>\t\t\t\t<\/div>\n\t\t\t\t<\/div>\n\t\t\t\t<div class=\"elementor-element elementor-element-5d85d58 elementor-widget elementor-widget-heading\" data-id=\"5d85d58\" data-element_type=\"widget\" data-e-type=\"widget\" data-widget_type=\"heading.default\">\n\t\t\t\t<div class=\"elementor-widget-container\">\n\t\t\t\t\t<p class=\"elementor-heading-title elementor-size-default\">Zgjidhni dhurata unike q\u00eb mund t\u00eb p\u00ebrmir\u00ebsojn\u00eb drejtp\u00ebrdrejt jet\u00ebn e f\u00ebmij\u00ebve n\u00eb nevoj\u00eb. <\/p>\t\t\t\t<\/div>\n\t\t\t\t<\/div>\n\t\t\t\t<\/div>\n\t\t\t\t\t<\/div>\n\t\t\t\t<\/div>\n\t\t\t\t\t<\/div>\n\t\t\t\t<\/div>\n\t\t<div class=\"elementor-element elementor-element-f7dccc1 e-flex e-con-boxed e-con e-parent\" data-id=\"f7dccc1\" data-element_type=\"container\" data-e-type=\"container\">\n\t\t\t\t\t<div class=\"e-con-inner\">\n\t\t<div class=\"elementor-element elementor-element-9c42576 e-con-full e-flex e-con e-child\" data-id=\"9c42576\" data-element_type=\"container\" data-e-type=\"container\">\n\t\t<div class=\"elementor-element elementor-element-17508af e-grid e-con-full e-con e-child\" data-id=\"17508af\" data-element_type=\"container\" data-e-type=\"container\">\n\t\t<div class=\"elementor-element elementor-element-f9fa554 e-con-full e-flex e-con e-child\" data-id=\"f9fa554\" data-element_type=\"container\" data-e-type=\"container\" data-settings=\"{&quot;background_background&quot;:&quot;classic&quot;}\">\n\t\t<div class=\"elementor-element elementor-element-920ad23 e-con-full e-flex e-con e-child\" data-id=\"920ad23\" data-element_type=\"container\" data-e-type=\"container\" data-settings=\"{&quot;background_background&quot;:&quot;classic&quot;}\">\n\t\t<div class=\"elementor-element elementor-element-6998240 e-con-full e-flex e-con e-child\" data-id=\"6998240\" data-element_type=\"container\" data-e-type=\"container\" data-settings=\"{&quot;background_background&quot;:&quot;classic&quot;}\">\n\t\t\t\t<div class=\"elementor-element elementor-element-abbb40a elementor-view-default elementor-widget elementor-widget-icon\" data-id=\"abbb40a\" data-element_type=\"widget\" data-e-type=\"widget\" data-widget_type=\"icon.default\">\n\t\t\t\t<div class=\"elementor-widget-container\">\n\t\t\t\t\t\t\t<div class=\"elementor-icon-wrapper\">\n\t\t\t<div class=\"elementor-icon\">\n\t\t\t<svg xmlns=\"http:\/\/www.w3.org\/2000\/svg\" width=\"24\" height=\"24\" viewBox=\"0 0 24 24\" fill=\"none\"><path d=\"M19 5.51903C17.5176 4.25973 15.5975 3.5 13.5 3.5C8.80558 3.5 5 7.30558 5 12C5 16.6944 8.80558 20.5 13.5 20.5C15.5975 20.5 17.5176 19.7403 19 18.481M3 14H13M3 10H13\" stroke=\"#B6ADDB\" stroke-width=\"2\" stroke-linecap=\"round\" stroke-linejoin=\"round\"><\/path><\/svg>\t\t\t<\/div>\n\t\t<\/div>\n\t\t\t\t\t\t<\/div>\n\t\t\t\t<\/div>\n\t\t\t\t<div class=\"elementor-element elementor-element-0c45979 elementor-widget elementor-widget-heading\" data-id=\"0c45979\" data-element_type=\"widget\" data-e-type=\"widget\" data-widget_type=\"heading.default\">\n\t\t\t\t<div class=\"elementor-widget-container\">\n\t\t\t\t\t<div class=\"elementor-heading-title elementor-size-default\">~ 25\u20ac<\/div>\t\t\t\t<\/div>\n\t\t\t\t<\/div>\n\t\t\t\t<\/div>\n\t\t\t\t<\/div>\n\t\t<div class=\"elementor-element elementor-element-03cd1f4 e-con-full e-flex e-con e-child\" data-id=\"03cd1f4\" data-element_type=\"container\" data-e-type=\"container\">\n\t\t<div class=\"elementor-element elementor-element-b51ea17 e-con-full e-flex e-con e-child\" data-id=\"b51ea17\" data-element_type=\"container\" data-e-type=\"container\">\n\t\t\t\t<div class=\"elementor-element elementor-element-d47ddac elementor-widget elementor-widget-heading\" data-id=\"d47ddac\" data-element_type=\"widget\" data-e-type=\"widget\" data-widget_type=\"heading.default\">\n\t\t\t\t<div class=\"elementor-widget-container\">\n\t\t\t\t\t<h6 class=\"elementor-heading-title elementor-size-default\">Mb\u00ebshtetje p\u00ebr gjidh\u00ebnie<\/h6>\t\t\t\t<\/div>\n\t\t\t\t<\/div>\n\t\t<div class=\"elementor-element elementor-element-22c26c8 e-con-full e-flex e-con e-child\" data-id=\"22c26c8\" data-element_type=\"container\" data-e-type=\"container\">\n\t\t\t\t<div class=\"elementor-element elementor-element-1afe9dd elementor-widget elementor-widget-html\" data-id=\"1afe9dd\" data-element_type=\"widget\" data-e-type=\"widget\" data-widget_type=\"html.default\">\n\t\t\t\t<div class=\"elementor-widget-container\">\n\t\t\t\t\t<a href=\"#\"><button class=\"button\">\n   <svg xmlns=\"http:\/\/www.w3.org\/2000\/svg\" viewbox=\"0 0 24 24\" fill=\"none\" class=\"arrow\"><path d=\"M12 6V22M12 6H8.46429C7.94332 6 7.4437 5.78929 7.07533 5.41421C6.70695 5.03914 6.5 4.53043 6.5 4C6.5 3.46957 6.70695 2.96086 7.07533 2.58579C7.4437 2.21071 7.94332 2 8.46429 2C11.2143 2 12 6 12 6ZM12 6H15.5357C16.0567 6 16.5563 5.78929 16.9247 5.41421C17.293 5.03914 17.5 4.53043 17.5 4C17.5 3.46957 17.293 2.96086 16.9247 2.58579C16.5563 2.21071 16.0567 2 15.5357 2C12.7857 2 12 6 12 6ZM20 11V18.8C20 19.9201 20 20.4802 19.782 20.908C19.5903 21.2843 19.2843 21.5903 18.908 21.782C18.4802 22 17.9201 22 16.8 22L7.2 22C6.07989 22 5.51984 22 5.09202 21.782C4.71569 21.5903 4.40973 21.2843 4.21799 20.908C4 20.4802 4 19.9201 4 18.8V11M2 7.6L2 9.4C2 9.96005 2 10.2401 2.10899 10.454C2.20487 10.6422 2.35785 10.7951 2.54601 10.891C2.75992 11 3.03995 11 3.6 11L20.4 11C20.9601 11 21.2401 11 21.454 10.891C21.6422 10.7951 21.7951 10.6422 21.891 10.454C22 10.2401 22 9.96005 22 9.4V7.6C22 7.03995 22 6.75992 21.891 6.54601C21.7951 6.35785 21.6422 6.20487 21.454 6.10899C21.2401 6 20.9601 6 20.4 6L3.6 6C3.03995 6 2.75992 6 2.54601 6.10899C2.35785 6.20487 2.20487 6.35785 2.10899 6.54601C2 6.75992 2 7.03995 2 7.6Z\" stroke=\"black\" stroke-width=\"1.5\" stroke-linecap=\"round\" stroke-linejoin=\"round\"><\/path><\/svg>\n<\/button>\n<\/a>\t\t\t\t<\/div>\n\t\t\t\t<\/div>\n\t\t\t\t<\/div>\n\t\t\t\t<\/div>\n\t\t<div class=\"elementor-element elementor-element-182c584 e-con-full e-flex e-con e-child\" data-id=\"182c584\" data-element_type=\"container\" data-e-type=\"container\">\n\t\t\t\t<div class=\"elementor-element elementor-element-e11057c elementor-widget elementor-widget-text-editor\" data-id=\"e11057c\" data-element_type=\"widget\" data-e-type=\"widget\" data-widget_type=\"text-editor.default\">\n\t\t\t\t<div class=\"elementor-widget-container\">\n\t\t\t\t\t\t\t\t\t<p>Ofroni nj\u00eb sesion me nj\u00eb konsulente t\u00eb certifikuar p\u00ebr gjidh\u00ebnie p\u00ebr nj\u00eb grup grash shtatz\u00ebna dhe n\u00ebna t\u00eb reja.<\/p>\t\t\t\t\t\t\t\t<\/div>\n\t\t\t\t<\/div>\n\t\t\t\t<\/div>\n\t\t<div class=\"elementor-element elementor-element-3522579 e-con-full e-flex e-con e-child\" data-id=\"3522579\" data-element_type=\"container\" data-e-type=\"container\">\n\t\t\t\t<div class=\"elementor-element elementor-element-341d05c elementor-align-justify amc-btn elementor-widget elementor-widget-button\" data-id=\"341d05c\" data-element_type=\"widget\" data-e-type=\"widget\" data-widget_type=\"button.default\">\n\t\t\t\t<div class=\"elementor-widget-container\">\n\t\t\t\t\t\t\t\t\t<div class=\"elementor-button-wrapper\">\n\t\t\t\t\t<a class=\"elementor-button elementor-button-link elementor-size-sm\" href=\"https:\/\/amchealth.org\/sq\/dhuro\/\">\n\t\t\t\t\t\t<span class=\"elementor-button-content-wrapper\">\n\t\t\t\t\t\t\t\t\t<span class=\"elementor-button-text\">Dhuro Tani<\/span>\n\t\t\t\t\t<\/span>\n\t\t\t\t\t<\/a>\n\t\t\t\t<\/div>\n\t\t\t\t\t\t\t\t<\/div>\n\t\t\t\t<\/div>\n\t\t\t\t<\/div>\n\t\t\t\t<\/div>\n\t\t\t\t<\/div>\n\t\t<div class=\"elementor-element elementor-element-47a76a0 e-con-full e-flex e-con e-child\" data-id=\"47a76a0\" data-element_type=\"container\" data-e-type=\"container\" data-settings=\"{&quot;background_background&quot;:&quot;classic&quot;}\">\n\t\t<div class=\"elementor-element elementor-element-82c9295 e-con-full e-flex e-con e-child\" data-id=\"82c9295\" data-element_type=\"container\" data-e-type=\"container\" data-settings=\"{&quot;background_background&quot;:&quot;classic&quot;}\">\n\t\t<div class=\"elementor-element elementor-element-dece7a3 e-con-full e-flex e-con e-child\" data-id=\"dece7a3\" data-element_type=\"container\" data-e-type=\"container\" data-settings=\"{&quot;background_background&quot;:&quot;classic&quot;}\">\n\t\t\t\t<div class=\"elementor-element elementor-element-c6f8573 elementor-view-default elementor-widget elementor-widget-icon\" data-id=\"c6f8573\" data-element_type=\"widget\" data-e-type=\"widget\" data-widget_type=\"icon.default\">\n\t\t\t\t<div class=\"elementor-widget-container\">\n\t\t\t\t\t\t\t<div class=\"elementor-icon-wrapper\">\n\t\t\t<div class=\"elementor-icon\">\n\t\t\t<svg xmlns=\"http:\/\/www.w3.org\/2000\/svg\" width=\"24\" height=\"24\" viewBox=\"0 0 24 24\" fill=\"none\"><path d=\"M19 5.51903C17.5176 4.25973 15.5975 3.5 13.5 3.5C8.80558 3.5 5 7.30558 5 12C5 16.6944 8.80558 20.5 13.5 20.5C15.5975 20.5 17.5176 19.7403 19 18.481M3 14H13M3 10H13\" stroke=\"#B6ADDB\" stroke-width=\"2\" stroke-linecap=\"round\" stroke-linejoin=\"round\"><\/path><\/svg>\t\t\t<\/div>\n\t\t<\/div>\n\t\t\t\t\t\t<\/div>\n\t\t\t\t<\/div>\n\t\t\t\t<div class=\"elementor-element elementor-element-3669d05 elementor-widget elementor-widget-heading\" data-id=\"3669d05\" data-element_type=\"widget\" data-e-type=\"widget\" data-widget_type=\"heading.default\">\n\t\t\t\t<div class=\"elementor-widget-container\">\n\t\t\t\t\t<div class=\"elementor-heading-title elementor-size-default\">~ 500 \u20ac<\/div>\t\t\t\t<\/div>\n\t\t\t\t<\/div>\n\t\t\t\t<\/div>\n\t\t\t\t<\/div>\n\t\t<div class=\"elementor-element elementor-element-6ae8553 e-con-full e-flex e-con e-child\" data-id=\"6ae8553\" data-element_type=\"container\" data-e-type=\"container\">\n\t\t<div class=\"elementor-element elementor-element-6484367 e-con-full e-flex e-con e-child\" data-id=\"6484367\" data-element_type=\"container\" data-e-type=\"container\">\n\t\t\t\t<div class=\"elementor-element elementor-element-8c8c0f0 elementor-widget elementor-widget-heading\" data-id=\"8c8c0f0\" data-element_type=\"widget\" data-e-type=\"widget\" data-widget_type=\"heading.default\">\n\t\t\t\t<div class=\"elementor-widget-container\">\n\t\t\t\t\t<h6 class=\"elementor-heading-title elementor-size-default\">Mb\u00ebshtetje p\u00ebr Programin e Klasave p\u00ebr N\u00ebna<\/h6>\t\t\t\t<\/div>\n\t\t\t\t<\/div>\n\t\t<div class=\"elementor-element elementor-element-fefa6e2 e-con-full e-flex e-con e-child\" data-id=\"fefa6e2\" data-element_type=\"container\" data-e-type=\"container\">\n\t\t\t\t<div class=\"elementor-element elementor-element-18b056d elementor-widget elementor-widget-html\" data-id=\"18b056d\" data-element_type=\"widget\" data-e-type=\"widget\" data-widget_type=\"html.default\">\n\t\t\t\t<div class=\"elementor-widget-container\">\n\t\t\t\t\t<a href=\"#\"><button class=\"button\">\n   <svg xmlns=\"http:\/\/www.w3.org\/2000\/svg\" viewbox=\"0 0 24 24\" fill=\"none\" class=\"arrow\"><path d=\"M12 6V22M12 6H8.46429C7.94332 6 7.4437 5.78929 7.07533 5.41421C6.70695 5.03914 6.5 4.53043 6.5 4C6.5 3.46957 6.70695 2.96086 7.07533 2.58579C7.4437 2.21071 7.94332 2 8.46429 2C11.2143 2 12 6 12 6ZM12 6H15.5357C16.0567 6 16.5563 5.78929 16.9247 5.41421C17.293 5.03914 17.5 4.53043 17.5 4C17.5 3.46957 17.293 2.96086 16.9247 2.58579C16.5563 2.21071 16.0567 2 15.5357 2C12.7857 2 12 6 12 6ZM20 11V18.8C20 19.9201 20 20.4802 19.782 20.908C19.5903 21.2843 19.2843 21.5903 18.908 21.782C18.4802 22 17.9201 22 16.8 22L7.2 22C6.07989 22 5.51984 22 5.09202 21.782C4.71569 21.5903 4.40973 21.2843 4.21799 20.908C4 20.4802 4 19.9201 4 18.8V11M2 7.6L2 9.4C2 9.96005 2 10.2401 2.10899 10.454C2.20487 10.6422 2.35785 10.7951 2.54601 10.891C2.75992 11 3.03995 11 3.6 11L20.4 11C20.9601 11 21.2401 11 21.454 10.891C21.6422 10.7951 21.7951 10.6422 21.891 10.454C22 10.2401 22 9.96005 22 9.4V7.6C22 7.03995 22 6.75992 21.891 6.54601C21.7951 6.35785 21.6422 6.20487 21.454 6.10899C21.2401 6 20.9601 6 20.4 6L3.6 6C3.03995 6 2.75992 6 2.54601 6.10899C2.35785 6.20487 2.20487 6.35785 2.10899 6.54601C2 6.75992 2 7.03995 2 7.6Z\" stroke=\"black\" stroke-width=\"1.5\" stroke-linecap=\"round\" stroke-linejoin=\"round\"><\/path><\/svg>\n<\/button>\n<\/a>\t\t\t\t<\/div>\n\t\t\t\t<\/div>\n\t\t\t\t<\/div>\n\t\t\t\t<\/div>\n\t\t<div class=\"elementor-element elementor-element-c99e1a5 e-con-full e-flex e-con e-child\" data-id=\"c99e1a5\" data-element_type=\"container\" data-e-type=\"container\">\n\t\t\t\t<div class=\"elementor-element elementor-element-37a073c elementor-widget elementor-widget-text-editor\" data-id=\"37a073c\" data-element_type=\"widget\" data-e-type=\"widget\" data-widget_type=\"text-editor.default\">\n\t\t\t\t<div class=\"elementor-widget-container\">\n\t\t\t\t\t\t\t\t\t<p data-start=\"24\" data-end=\"191\">Ofroni mb\u00ebshtetje dhe udh\u00ebzim thelb\u00ebsor p\u00ebr nj\u00eb grup t\u00eb grave shtatz\u00ebna dhe partner\u00ebt e tyre, p\u00ebr t\u00eb ndihmuar q\u00eb \u00e7do f\u00ebmij\u00eb t\u00eb ket\u00eb nj\u00eb fillim t\u00eb sh\u00ebndetsh\u00ebm n\u00eb jet\u00eb.<\/p><p data-start=\"193\" data-end=\"287\" data-is-last-node=\"\" data-is-only-node=\"\">\u00a0<\/p>\t\t\t\t\t\t\t\t<\/div>\n\t\t\t\t<\/div>\n\t\t\t\t<\/div>\n\t\t<div class=\"elementor-element elementor-element-bb6c3e8 e-con-full e-flex e-con e-child\" data-id=\"bb6c3e8\" data-element_type=\"container\" data-e-type=\"container\">\n\t\t\t\t<div class=\"elementor-element elementor-element-fb44f0e elementor-align-justify amc-btn elementor-widget elementor-widget-button\" data-id=\"fb44f0e\" data-element_type=\"widget\" data-e-type=\"widget\" data-widget_type=\"button.default\">\n\t\t\t\t<div class=\"elementor-widget-container\">\n\t\t\t\t\t\t\t\t\t<div class=\"elementor-button-wrapper\">\n\t\t\t\t\t<a class=\"elementor-button elementor-button-link elementor-size-sm\" href=\"https:\/\/www.globalgiving.org\/projects\/cycle-kosovo-for-children-11th-edition\/\" target=\"_blank\">\n\t\t\t\t\t\t<span class=\"elementor-button-content-wrapper\">\n\t\t\t\t\t\t\t\t\t<span class=\"elementor-button-text\">Dhuro Tani<\/span>\n\t\t\t\t\t<\/span>\n\t\t\t\t\t<\/a>\n\t\t\t\t<\/div>\n\t\t\t\t\t\t\t\t<\/div>\n\t\t\t\t<\/div>\n\t\t\t\t<\/div>\n\t\t\t\t<\/div>\n\t\t\t\t<\/div>\n\t\t\t\t<\/div>\n\t\t\t\t<\/div>\n\t\t\t\t\t<\/div>\n\t\t\t\t<\/div>\n\t\t<div class=\"elementor-element elementor-element-15f89f7 e-flex e-con-boxed e-con e-parent\" data-id=\"15f89f7\" data-element_type=\"container\" data-e-type=\"container\" data-settings=\"{&quot;background_background&quot;:&quot;classic&quot;}\">\n\t\t\t\t\t<div class=\"e-con-inner\">\n\t\t\t\t<div class=\"elementor-element elementor-element-e180208 elementor-align-start elementor-laptop-align-start elementor-icon-list--layout-traditional elementor-list-item-link-full_width elementor-widget elementor-widget-icon-list\" data-id=\"e180208\" data-element_type=\"widget\" data-e-type=\"widget\" data-widget_type=\"icon-list.default\">\n\t\t\t\t<div class=\"elementor-widget-container\">\n\t\t\t\t\t\t\t<ul class=\"elementor-icon-list-items\">\n\t\t\t\t\t\t\t<li class=\"elementor-icon-list-item\">\n\t\t\t\t\t\t\t\t\t\t\t<span class=\"elementor-icon-list-icon\">\n\t\t\t\t\t\t\t<svg aria-hidden=\"true\" class=\"e-font-icon-svg e-fas-info-circle\" viewBox=\"0 0 512 512\" xmlns=\"http:\/\/www.w3.org\/2000\/svg\"><path d=\"M256 8C119.043 8 8 119.083 8 256c0 136.997 111.043 248 248 248s248-111.003 248-248C504 119.083 392.957 8 256 8zm0 110c23.196 0 42 18.804 42 42s-18.804 42-42 42-42-18.804-42-42 18.804-42 42-42zm56 254c0 6.627-5.373 12-12 12h-88c-6.627 0-12-5.373-12-12v-24c0-6.627 5.373-12 12-12h12v-64h-12c-6.627 0-12-5.373-12-12v-24c0-6.627 5.373-12 12-12h64c6.627 0 12 5.373 12 12v100h12c6.627 0 12 5.373 12 12v24z\"><\/path><\/svg>\t\t\t\t\t\t<\/span>\n\t\t\t\t\t\t\t\t\t\t<span class=\"elementor-icon-list-text\">Sh\u00ebnim: K\u00ebto jan\u00eb \u00e7mime t\u00eb p\u00ebraf\u00ebrta pasi kostoja mund t\u00eb ndryshoj\u00eb n\u00eb \u00e7do koh\u00eb.<\/span>\n\t\t\t\t\t\t\t\t\t<\/li>\n\t\t\t\t\t\t<\/ul>\n\t\t\t\t\t\t<\/div>\n\t\t\t\t<\/div>\n\t\t\t\t\t<\/div>\n\t\t\t\t<\/div>\n\t\t\t\t<\/div>\n\t\t","protected":false},"excerpt":{"rendered":"<p>Zgjedh Dhurata Zgjidhni dhurata unike q\u00eb mund t\u00eb p\u00ebrmir\u00ebsojn\u00eb drejtp\u00ebrdrejt jet\u00ebn e f\u00ebmij\u00ebve n\u00eb nevoj\u00eb. ~ 25\u20ac Mb\u00ebshtetje p\u00ebr gjidh\u00ebnie Ofroni nj\u00eb sesion me nj\u00eb konsulente t\u00eb certifikuar p\u00ebr gjidh\u00ebnie p\u00ebr nj\u00eb grup grash shtatz\u00ebna dhe n\u00ebna t\u00eb reja. Dhuro Tani ~ 500 \u20ac Mb\u00ebshtetje p\u00ebr Programin e Klasave p\u00ebr N\u00ebna Ofroni mb\u00ebshtetje dhe udh\u00ebzim [&hellip;]<\/p>\n","protected":false},"author":1,"featured_media":0,"parent":0,"menu_order":0,"comment_status":"closed","ping_status":"closed","template":"","meta":{"_acf_changed":false,"give_campaign_id":0,"footnotes":""},"class_list":["post-7352","page","type-page","status-publish","hentry"],"acf":[],"campaignId":"","_links":{"self":[{"href":"https:\/\/amchealth.org\/sq\/wp-json\/wp\/v2\/pages\/7352","targetHints":{"allow":["GET"]}}],"collection":[{"href":"https:\/\/amchealth.org\/sq\/wp-json\/wp\/v2\/pages"}],"about":[{"href":"https:\/\/amchealth.org\/sq\/wp-json\/wp\/v2\/types\/page"}],"author":[{"embeddable":true,"href":"https:\/\/amchealth.org\/sq\/wp-json\/wp\/v2\/users\/1"}],"replies":[{"embeddable":true,"href":"https:\/\/amchealth.org\/sq\/wp-json\/wp\/v2\/comments?post=7352"}],"version-history":[{"count":18,"href":"https:\/\/amchealth.org\/sq\/wp-json\/wp\/v2\/pages\/7352\/revisions"}],"predecessor-version":[{"id":9264,"href":"https:\/\/amchealth.org\/sq\/wp-json\/wp\/v2\/pages\/7352\/revisions\/9264"}],"wp:attachment":[{"href":"https:\/\/amchealth.org\/sq\/wp-json\/wp\/v2\/media?parent=7352"}],"curies":[{"name":"wp","href":"https:\/\/api.w.org\/{rel}","templated":true}]}}