{"id":7349,"date":"2025-08-11T14:18:29","date_gmt":"2025-08-11T14:18:29","guid":{"rendered":"https:\/\/amc.bleart.dev\/sponsorizime\/"},"modified":"2025-08-21T21:25:01","modified_gmt":"2025-08-21T21:25:01","slug":"sponsorizime","status":"publish","type":"page","link":"https:\/\/amchealth.org\/sq\/sponsorizime\/","title":{"rendered":"Sponsorizime"},"content":{"rendered":"\t\t<div data-elementor-type=\"wp-page\" data-elementor-id=\"7349\" class=\"elementor elementor-7349 elementor-7125\" data-elementor-post-type=\"page\">\n\t\t\t\t<div class=\"elementor-element elementor-element-44d646f e-flex e-con-boxed e-con e-parent\" data-id=\"44d646f\" data-element_type=\"container\" data-e-type=\"container\" data-settings=\"{&quot;background_background&quot;:&quot;gradient&quot;}\">\n\t\t\t\t\t<div class=\"e-con-inner\">\n\t\t<div class=\"elementor-element elementor-element-d4d18ac e-flex e-con-boxed e-con e-child\" data-id=\"d4d18ac\" data-element_type=\"container\" data-e-type=\"container\">\n\t\t\t\t\t<div class=\"e-con-inner\">\n\t\t<div class=\"elementor-element elementor-element-7d229dd e-con-full e-flex e-con e-child\" data-id=\"7d229dd\" data-element_type=\"container\" data-e-type=\"container\">\n\t\t\t\t<div class=\"elementor-element elementor-element-33d7e93 elementor-widget elementor-widget-heading\" data-id=\"33d7e93\" data-element_type=\"widget\" data-e-type=\"widget\" data-widget_type=\"heading.default\">\n\t\t\t\t<div class=\"elementor-widget-container\">\n\t\t\t\t\t<h1 class=\"elementor-heading-title elementor-size-default\">B\u00ebhuni sponsor i AMC-s\u00eb<\/h1>\t\t\t\t<\/div>\n\t\t\t\t<\/div>\n\t\t\t\t<\/div>\n\t\t\t\t\t<\/div>\n\t\t\t\t<\/div>\n\t\t\t\t\t<\/div>\n\t\t\t\t<\/div>\n\t\t<div class=\"elementor-element elementor-element-d61c21c e-con-full e-flex e-con e-parent\" data-id=\"d61c21c\" data-element_type=\"container\" data-e-type=\"container\">\n\t\t<div class=\"elementor-element elementor-element-390119f e-con-full e-flex e-con e-child\" data-id=\"390119f\" data-element_type=\"container\" data-e-type=\"container\">\n\t\t\t\t<div class=\"elementor-element elementor-element-1bd113e elementor-widget elementor-widget-jet-woo-product-gallery-slider\" data-id=\"1bd113e\" data-element_type=\"widget\" data-e-type=\"widget\" data-settings=\"{&quot;slider_center_mode_slides&quot;:&quot;3&quot;,&quot;slider_center_mode_slides_laptop&quot;:&quot;2&quot;,&quot;slider_center_mode_slides_tablet&quot;:&quot;2&quot;,&quot;slider_center_mode_slides_mobile&quot;:&quot;1&quot;,&quot;slider_center_mode_space_between&quot;:40,&quot;slider_center_mode_space_between_laptop&quot;:40,&quot;slider_center_mode_space_between_tablet&quot;:40,&quot;slider_center_mode_space_between_mobile&quot;:20}\" data-widget_type=\"jet-woo-product-gallery-slider.default\">\n\t\t\t\t<div class=\"elementor-widget-container\">\n\t\t\t\t\t<div class=\"jet-woo-product-gallery\" data-gallery-settings=\"{&quot;enableGallery&quot;:true,&quot;enableZoom&quot;:false,&quot;zoomMagnify&quot;:1,&quot;caption&quot;:false,&quot;zoom&quot;:true,&quot;fullscreen&quot;:true,&quot;share&quot;:false,&quot;counter&quot;:false,&quot;arrows&quot;:true,&quot;hasVideo&quot;:false,&quot;videoType&quot;:&quot;&quot;,&quot;videoIn&quot;:&quot;content&quot;,&quot;videoAutoplay&quot;:false,&quot;videoLoop&quot;:false,&quot;videoFirst&quot;:false}\"><div class=\"jet-woo-product-gallery__content\" data-featured-image=\"\">\r\n\t<div class=\"jet-woo-swiper jet-woo-swiper-horizontal jet-gallery-swiper-horizontal-pos-bottom\">\r\n\t\t<div class=\"jet-gallery-swiper-slider\">\r\n\t\t\t<div class=\"jet-woo-product-gallery-slider swiper-container\" data-swiper-settings=\"{&quot;autoHeight&quot;:true,&quot;centeredSlides&quot;:true,&quot;direction&quot;:&quot;horizontal&quot;,&quot;effect&quot;:&quot;slide&quot;,&quot;longSwipesRatio&quot;:0.8,&quot;showNavigation&quot;:true,&quot;showPagination&quot;:true,&quot;loop&quot;:true,&quot;paginationControllerType&quot;:&quot;bullets&quot;,&quot;paginationType&quot;:&quot;bullets&quot;,&quot;dynamicBullets&quot;:true,&quot;breakpoints&quot;:{&quot;0&quot;:{&quot;slidesPerView&quot;:&quot;1&quot;,&quot;spaceBetween&quot;:20},&quot;768&quot;:{&quot;slidesPerView&quot;:&quot;2&quot;,&quot;spaceBetween&quot;:40},&quot;1025&quot;:{&quot;slidesPerView&quot;:&quot;3&quot;,&quot;spaceBetween&quot;:40}}}\" data-swiper-thumb-settings=\"[]\" dir=\"ltr\" >\r\n\t\t\t\t<div class=\"swiper-wrapper\">\r\n\t\t\t\t\t\r\n<div class=\"jet-woo-product-gallery__image-item swiper-slide\">\r\n\t<div class=\"jet-woo-product-gallery__image\">\r\n\t\t<a class=\"jet-woo-product-gallery__image-link jet-woo-product-gallery__trigger\" href=\"https:\/\/amchealth.org\/wp-content\/uploads\/2025\/08\/1.-Sponsor_-Custom.jpg\" itemprop=\"image\" title=\"1. Sponsor_ (Custom)\" rel=\"prettyPhoto[jet-gallery]\" data-e-disable-page-transition=\"\"><img fetchpriority=\"high\" decoding=\"async\" width=\"768\" height=\"576\" src=\"https:\/\/amchealth.org\/wp-content\/uploads\/2025\/08\/1.-Sponsor_-Custom-768x576.jpg\" class=\"wp-post-gallery\" alt=\"\" title=\"1. Sponsor_ (Custom)\" data-caption=\"\" data-src=\"https:\/\/amchealth.org\/wp-content\/uploads\/2025\/08\/1.-Sponsor_-Custom.jpg\" data-large_image=\"https:\/\/amchealth.org\/wp-content\/uploads\/2025\/08\/1.-Sponsor_-Custom.jpg\" data-large_image_width=\"1200\" data-large_image_height=\"900\" srcset=\"https:\/\/amchealth.org\/wp-content\/uploads\/2025\/08\/1.-Sponsor_-Custom-768x576.jpg 768w, https:\/\/amchealth.org\/wp-content\/uploads\/2025\/08\/1.-Sponsor_-Custom-600x450.jpg 600w, https:\/\/amchealth.org\/wp-content\/uploads\/2025\/08\/1.-Sponsor_-Custom-300x225.jpg 300w, https:\/\/amchealth.org\/wp-content\/uploads\/2025\/08\/1.-Sponsor_-Custom-1024x768.jpg 1024w, https:\/\/amchealth.org\/wp-content\/uploads\/2025\/08\/1.-Sponsor_-Custom.jpg 1200w\" sizes=\"(max-width: 768px) 100vw, 768px\" \/><\/a>\t<\/div>\r\n<\/div>\r\n<div class=\"jet-woo-product-gallery__image-item swiper-slide\">\r\n\t<div class=\"jet-woo-product-gallery__image\">\r\n\t\t<a class=\"jet-woo-product-gallery__image-link jet-woo-product-gallery__trigger\" href=\"https:\/\/amchealth.org\/wp-content\/uploads\/2025\/08\/2.-Sposor-Custom.jpg\" itemprop=\"image\" title=\"2. Sposor (Custom)\" rel=\"prettyPhoto[jet-gallery]\" data-e-disable-page-transition=\"\"><img decoding=\"async\" width=\"768\" height=\"512\" src=\"https:\/\/amchealth.org\/wp-content\/uploads\/2025\/08\/2.-Sposor-Custom-768x512.jpg\" class=\"wp-post-gallery\" alt=\"\" title=\"2. Sposor (Custom)\" data-caption=\"\" data-src=\"https:\/\/amchealth.org\/wp-content\/uploads\/2025\/08\/2.-Sposor-Custom.jpg\" data-large_image=\"https:\/\/amchealth.org\/wp-content\/uploads\/2025\/08\/2.-Sposor-Custom.jpg\" data-large_image_width=\"1200\" data-large_image_height=\"800\" srcset=\"https:\/\/amchealth.org\/wp-content\/uploads\/2025\/08\/2.-Sposor-Custom-768x512.jpg 768w, https:\/\/amchealth.org\/wp-content\/uploads\/2025\/08\/2.-Sposor-Custom-600x400.jpg 600w, https:\/\/amchealth.org\/wp-content\/uploads\/2025\/08\/2.-Sposor-Custom-300x200.jpg 300w, https:\/\/amchealth.org\/wp-content\/uploads\/2025\/08\/2.-Sposor-Custom-1024x683.jpg 1024w, https:\/\/amchealth.org\/wp-content\/uploads\/2025\/08\/2.-Sposor-Custom.jpg 1200w\" sizes=\"(max-width: 768px) 100vw, 768px\" \/><\/a>\t<\/div>\r\n<\/div>\r\n<div class=\"jet-woo-product-gallery__image-item swiper-slide\">\r\n\t<div class=\"jet-woo-product-gallery__image\">\r\n\t\t<a class=\"jet-woo-product-gallery__image-link jet-woo-product-gallery__trigger\" href=\"https:\/\/amchealth.org\/wp-content\/uploads\/2025\/08\/3.-Sponsor-Custom.jpg\" itemprop=\"image\" title=\"3. Sponsor (Custom)\" rel=\"prettyPhoto[jet-gallery]\" data-e-disable-page-transition=\"\"><img decoding=\"async\" width=\"768\" height=\"512\" src=\"https:\/\/amchealth.org\/wp-content\/uploads\/2025\/08\/3.-Sponsor-Custom-768x512.jpg\" class=\"wp-post-gallery\" alt=\"\" title=\"3. Sponsor (Custom)\" data-caption=\"\" data-src=\"https:\/\/amchealth.org\/wp-content\/uploads\/2025\/08\/3.-Sponsor-Custom.jpg\" data-large_image=\"https:\/\/amchealth.org\/wp-content\/uploads\/2025\/08\/3.-Sponsor-Custom.jpg\" data-large_image_width=\"1200\" data-large_image_height=\"800\" srcset=\"https:\/\/amchealth.org\/wp-content\/uploads\/2025\/08\/3.-Sponsor-Custom-768x512.jpg 768w, https:\/\/amchealth.org\/wp-content\/uploads\/2025\/08\/3.-Sponsor-Custom-600x400.jpg 600w, https:\/\/amchealth.org\/wp-content\/uploads\/2025\/08\/3.-Sponsor-Custom-300x200.jpg 300w, https:\/\/amchealth.org\/wp-content\/uploads\/2025\/08\/3.-Sponsor-Custom-1024x683.jpg 1024w, https:\/\/amchealth.org\/wp-content\/uploads\/2025\/08\/3.-Sponsor-Custom.jpg 1200w\" sizes=\"(max-width: 768px) 100vw, 768px\" \/><\/a>\t<\/div>\r\n<\/div>\r\n<div class=\"jet-woo-product-gallery__image-item swiper-slide\">\r\n\t<div class=\"jet-woo-product-gallery__image\">\r\n\t\t<a class=\"jet-woo-product-gallery__image-link jet-woo-product-gallery__trigger\" href=\"https:\/\/amchealth.org\/wp-content\/uploads\/2025\/08\/4.-Sponsor-Custom.jpg\" itemprop=\"image\" title=\"4. Sponsor (Custom)\" rel=\"prettyPhoto[jet-gallery]\" data-e-disable-page-transition=\"\"><img loading=\"lazy\" decoding=\"async\" width=\"768\" height=\"512\" src=\"https:\/\/amchealth.org\/wp-content\/uploads\/2025\/08\/4.-Sponsor-Custom-768x512.jpg\" class=\"wp-post-gallery\" alt=\"\" title=\"4. Sponsor (Custom)\" data-caption=\"\" data-src=\"https:\/\/amchealth.org\/wp-content\/uploads\/2025\/08\/4.-Sponsor-Custom.jpg\" data-large_image=\"https:\/\/amchealth.org\/wp-content\/uploads\/2025\/08\/4.-Sponsor-Custom.jpg\" data-large_image_width=\"1200\" data-large_image_height=\"800\" srcset=\"https:\/\/amchealth.org\/wp-content\/uploads\/2025\/08\/4.-Sponsor-Custom-768x512.jpg 768w, https:\/\/amchealth.org\/wp-content\/uploads\/2025\/08\/4.-Sponsor-Custom-600x400.jpg 600w, https:\/\/amchealth.org\/wp-content\/uploads\/2025\/08\/4.-Sponsor-Custom-300x200.jpg 300w, https:\/\/amchealth.org\/wp-content\/uploads\/2025\/08\/4.-Sponsor-Custom-1024x683.jpg 1024w, https:\/\/amchealth.org\/wp-content\/uploads\/2025\/08\/4.-Sponsor-Custom.jpg 1200w\" sizes=\"(max-width: 768px) 100vw, 768px\" \/><\/a>\t<\/div>\r\n<\/div>\r\n<div class=\"jet-woo-product-gallery__image-item swiper-slide\">\r\n\t<div class=\"jet-woo-product-gallery__image\">\r\n\t\t<a class=\"jet-woo-product-gallery__image-link jet-woo-product-gallery__trigger\" href=\"https:\/\/amchealth.org\/wp-content\/uploads\/2025\/08\/5.-Sponsor-Custom.jpg\" itemprop=\"image\" title=\"5. Sponsor (Custom)\" rel=\"prettyPhoto[jet-gallery]\" data-e-disable-page-transition=\"\"><img loading=\"lazy\" decoding=\"async\" width=\"768\" height=\"512\" src=\"https:\/\/amchealth.org\/wp-content\/uploads\/2025\/08\/5.-Sponsor-Custom-768x512.jpg\" class=\"wp-post-gallery\" alt=\"\" title=\"5. Sponsor (Custom)\" data-caption=\"\" data-src=\"https:\/\/amchealth.org\/wp-content\/uploads\/2025\/08\/5.-Sponsor-Custom.jpg\" data-large_image=\"https:\/\/amchealth.org\/wp-content\/uploads\/2025\/08\/5.-Sponsor-Custom.jpg\" data-large_image_width=\"1200\" data-large_image_height=\"800\" srcset=\"https:\/\/amchealth.org\/wp-content\/uploads\/2025\/08\/5.-Sponsor-Custom-768x512.jpg 768w, https:\/\/amchealth.org\/wp-content\/uploads\/2025\/08\/5.-Sponsor-Custom-600x400.jpg 600w, https:\/\/amchealth.org\/wp-content\/uploads\/2025\/08\/5.-Sponsor-Custom-300x200.jpg 300w, https:\/\/amchealth.org\/wp-content\/uploads\/2025\/08\/5.-Sponsor-Custom-1024x683.jpg 1024w, https:\/\/amchealth.org\/wp-content\/uploads\/2025\/08\/5.-Sponsor-Custom.jpg 1200w\" sizes=\"(max-width: 768px) 100vw, 768px\" \/><\/a>\t<\/div>\r\n<\/div>\t\t\t\t<\/div>\r\n\r\n\t\t\t\t<span class=\"jet-product-gallery-icon jet-swiper-nav jet-swiper-button-prev\"><svg xmlns=\"http:\/\/www.w3.org\/2000\/svg\" width=\"24\" height=\"24\" viewBox=\"0 0 24 24\" fill=\"none\"><path d=\"M20 12H4M4 12L10 18M4 12L10 6\" stroke=\"black\" stroke-width=\"1.5\" stroke-linecap=\"round\" stroke-linejoin=\"round\"><\/path><\/svg><\/span><span class=\"jet-product-gallery-icon jet-swiper-nav jet-swiper-button-next\"><svg xmlns=\"http:\/\/www.w3.org\/2000\/svg\" width=\"24\" height=\"24\" viewBox=\"0 0 24 24\" fill=\"none\"><path d=\"M4 12H20M20 12L14 6M20 12L14 18\" stroke=\"black\" stroke-width=\"1.5\" stroke-linecap=\"round\" stroke-linejoin=\"round\"><\/path><\/svg><\/span>\r\n\t\t\t\t\t\t\t\t\t\t\t\t\t\t\t<div class=\"swiper-pagination swiper-pagination-bullets\">\r\n\t\t\t\t\t\t\t<span class=\"swiper-pagination-bullet swiper-pagination-bullet-active placeholder\"><\/span>\r\n\t\t\t\t\t\t\t<span class=\"swiper-pagination-bullet placeholder\"><\/span>\r\n\t\t\t\t\t\t\t<span class=\"swiper-pagination-bullet placeholder\"><\/span>\r\n\t\t\t\t\t\t<\/div>\r\n\t\t\t\t\t\t\t\t\t\t\t\t<\/div>\r\n\t\t<\/div>\r\n\r\n\t\t\r\n\t<\/div>\r\n\r\n\t\r\n<\/div>\r\n<\/div>\t\t\t\t<\/div>\n\t\t\t\t<\/div>\n\t\t\t\t<\/div>\n\t\t\t\t<\/div>\n\t\t<div class=\"elementor-element elementor-element-c2c3b77 e-flex e-con-boxed e-con e-parent\" data-id=\"c2c3b77\" data-element_type=\"container\" data-e-type=\"container\" data-settings=\"{&quot;background_background&quot;:&quot;classic&quot;}\">\n\t\t\t\t\t<div class=\"e-con-inner\">\n\t\t<div class=\"elementor-element elementor-element-04d3475 e-con-full e-flex e-con e-child\" data-id=\"04d3475\" data-element_type=\"container\" data-e-type=\"container\">\n\t\t\t\t<div class=\"elementor-element elementor-element-e0ac34e elementor-widget elementor-widget-text-editor\" data-id=\"e0ac34e\" data-element_type=\"widget\" data-e-type=\"widget\" data-widget_type=\"text-editor.default\">\n\t\t\t\t<div class=\"elementor-widget-container\">\n\t\t\t\t\t\t\t\t\t<p>Tregoni p\u00ebrkushtimin tuaj p\u00ebr t\u00eb ndihmuar t\u00eb tjer\u00ebt duke u bashkuar me AMC-n\u00eb n\u00eb\/ p\u00ebr nj\u00eb ngjarje apo projekt. Mb\u00ebshtetja juaj ofron kujdes m\u00eb t\u00eb mir\u00eb dhe krijon t\u00eb ardhme m\u00eb t\u00eb sh\u00ebndetshme p\u00ebr grat\u00eb dhe f\u00ebmij\u00ebt n\u00eb gjith\u00eb Kosov\u00ebn.<br>Pavar\u00ebsisht n\u00ebse jeni individ, organizat\u00eb apo biznes, mb\u00ebshtetja juaj mund t\u00eb shp\u00ebtoj\u00eb jet\u00eb!  <\/p>\t\t\t\t\t\t\t\t<\/div>\n\t\t\t\t<\/div>\n\t\t\t\t<\/div>\n\t\t<div class=\"elementor-element elementor-element-99ee01a e-con-full e-flex e-con e-child\" data-id=\"99ee01a\" data-element_type=\"container\" data-e-type=\"container\">\n\t\t\t\t<div class=\"elementor-element elementor-element-aa1d49f elementor-widget elementor-widget-image\" data-id=\"aa1d49f\" data-element_type=\"widget\" data-e-type=\"widget\" data-widget_type=\"image.default\">\n\t\t\t\t<div class=\"elementor-widget-container\">\n\t\t\t\t\t\t\t\t\t\t\t\t\t\t\t<img loading=\"lazy\" decoding=\"async\" width=\"800\" height=\"534\" src=\"https:\/\/amchealth.org\/wp-content\/uploads\/2025\/08\/2-Custom-1024x683.jpg\" class=\"attachment-large size-large wp-image-7237\" alt=\"\" srcset=\"https:\/\/amchealth.org\/wp-content\/uploads\/2025\/08\/2-Custom-1024x683.jpg 1024w, https:\/\/amchealth.org\/wp-content\/uploads\/2025\/08\/2-Custom-600x400.jpg 600w, https:\/\/amchealth.org\/wp-content\/uploads\/2025\/08\/2-Custom-300x200.jpg 300w, https:\/\/amchealth.org\/wp-content\/uploads\/2025\/08\/2-Custom-768x512.jpg 768w, https:\/\/amchealth.org\/wp-content\/uploads\/2025\/08\/2-Custom.jpg 1440w\" sizes=\"(max-width: 800px) 100vw, 800px\" \/>\t\t\t\t\t\t\t\t\t\t\t\t\t\t\t<\/div>\n\t\t\t\t<\/div>\n\t\t\t\t<\/div>\n\t\t<div class=\"elementor-element elementor-element-9770368 e-con-full e-flex e-con e-child\" data-id=\"9770368\" data-element_type=\"container\" data-e-type=\"container\">\n\t\t\t\t<div class=\"elementor-element elementor-element-c2b3dc3 elementor-widget elementor-widget-heading\" data-id=\"c2b3dc3\" data-element_type=\"widget\" data-e-type=\"widget\" data-widget_type=\"heading.default\">\n\t\t\t\t<div class=\"elementor-widget-container\">\n\t\t\t\t\t<h4 class=\"elementor-heading-title elementor-size-default\">To learn more about how you, your business, or your organization can become an AMC partner, please  send an email to:<\/h4>\t\t\t\t<\/div>\n\t\t\t\t<\/div>\n\t\t\t\t<\/div>\n\t\t<div class=\"elementor-element elementor-element-a5f7f46 e-con-full e-flex e-con e-child\" data-id=\"a5f7f46\" data-element_type=\"container\" data-e-type=\"container\">\n\t\t<div class=\"elementor-element elementor-element-92a5387 e-grid e-con-full e-con e-child\" data-id=\"92a5387\" data-element_type=\"container\" data-e-type=\"container\">\n\t\t<div class=\"elementor-element elementor-element-2ea07d8 e-con-full e-flex e-con e-child\" data-id=\"2ea07d8\" data-element_type=\"container\" data-e-type=\"container\" data-settings=\"{&quot;background_background&quot;:&quot;classic&quot;}\">\n\t\t\t\t<div class=\"elementor-element elementor-element-94b9577 elementor-view-default elementor-position-block-start elementor-mobile-position-block-start elementor-widget elementor-widget-icon-box\" data-id=\"94b9577\" data-element_type=\"widget\" data-e-type=\"widget\" data-widget_type=\"icon-box.default\">\n\t\t\t\t<div class=\"elementor-widget-container\">\n\t\t\t\t\t\t\t<div class=\"elementor-icon-box-wrapper\">\n\n\t\t\t\t\t\t<div class=\"elementor-icon-box-icon\">\n\t\t\t\t<a href=\"mailto:sara.mustafa@amchealth.org\" class=\"elementor-icon elementor-animation-shrink\" tabindex=\"-1\" aria-label=\"sara.mustafa@amchealth.org\">\n\t\t\t\t<svg xmlns=\"http:\/\/www.w3.org\/2000\/svg\" width=\"24\" height=\"24\" viewBox=\"0 0 24 24\" fill=\"none\"><path d=\"M21.5 18L14.8571 12M9.14286 12L2.50003 18M2 7L10.1649 12.7154C10.8261 13.1783 11.1567 13.4097 11.5163 13.4993C11.8339 13.5785 12.1661 13.5785 12.4837 13.4993C12.8433 13.4097 13.1739 13.1783 13.8351 12.7154L22 7M6.8 20H17.2C18.8802 20 19.7202 20 20.362 19.673C20.9265 19.3854 21.3854 18.9265 21.673 18.362C22 17.7202 22 16.8802 22 15.2V8.8C22 7.11984 22 6.27976 21.673 5.63803C21.3854 5.07354 20.9265 4.6146 20.362 4.32698C19.7202 4 18.8802 4 17.2 4H6.8C5.11984 4 4.27976 4 3.63803 4.32698C3.07354 4.6146 2.6146 5.07354 2.32698 5.63803C2 6.27976 2 7.11984 2 8.8V15.2C2 16.8802 2 17.7202 2.32698 18.362C2.6146 18.9265 3.07354 19.3854 3.63803 19.673C4.27976 20 5.11984 20 6.8 20Z\" stroke=\"#B8ADDF\" stroke-width=\"1.5\" stroke-linecap=\"round\" stroke-linejoin=\"round\"><\/path><\/svg>\t\t\t\t<\/a>\n\t\t\t<\/div>\n\t\t\t\n\t\t\t\t\t\t<div class=\"elementor-icon-box-content\">\n\n\t\t\t\t\t\t\t\t\t<h4 class=\"elementor-icon-box-title\">\n\t\t\t\t\t\t<a href=\"mailto:sara.mustafa@amchealth.org\" >\n\t\t\t\t\t\t\tsara.mustafa@amchealth.org\t\t\t\t\t\t<\/a>\n\t\t\t\t\t<\/h4>\n\t\t\t\t\n\t\t\t\t\t\t\t\t\t<p class=\"elementor-icon-box-description\">\n\t\t\t\t\t\tEmail\t\t\t\t\t<\/p>\n\t\t\t\t\n\t\t\t<\/div>\n\t\t\t\n\t\t<\/div>\n\t\t\t\t\t\t<\/div>\n\t\t\t\t<\/div>\n\t\t\t\t<\/div>\n\t\t\t\t<\/div>\n\t\t\t\t<\/div>\n\t\t\t\t\t<\/div>\n\t\t\t\t<\/div>\n\t\t\t\t<\/div>\n\t\t","protected":false},"excerpt":{"rendered":"<p>B\u00ebhuni sponsor i AMC-s\u00eb Tregoni p\u00ebrkushtimin tuaj p\u00ebr t\u00eb ndihmuar t\u00eb tjer\u00ebt duke u bashkuar me AMC-n\u00eb n\u00eb\/ p\u00ebr nj\u00eb ngjarje apo projekt. Mb\u00ebshtetja juaj ofron kujdes m\u00eb t\u00eb mir\u00eb dhe krijon t\u00eb ardhme m\u00eb t\u00eb sh\u00ebndetshme p\u00ebr grat\u00eb dhe f\u00ebmij\u00ebt n\u00eb gjith\u00eb Kosov\u00ebn.Pavar\u00ebsisht n\u00ebse jeni individ, organizat\u00eb apo biznes, mb\u00ebshtetja juaj mund t\u00eb shp\u00ebtoj\u00eb [&hellip;]<\/p>\n","protected":false},"author":1,"featured_media":0,"parent":0,"menu_order":0,"comment_status":"closed","ping_status":"closed","template":"","meta":{"_acf_changed":false,"give_campaign_id":0,"footnotes":""},"class_list":["post-7349","page","type-page","status-publish","hentry"],"acf":[],"campaignId":"","_links":{"self":[{"href":"https:\/\/amchealth.org\/sq\/wp-json\/wp\/v2\/pages\/7349","targetHints":{"allow":["GET"]}}],"collection":[{"href":"https:\/\/amchealth.org\/sq\/wp-json\/wp\/v2\/pages"}],"about":[{"href":"https:\/\/amchealth.org\/sq\/wp-json\/wp\/v2\/types\/page"}],"author":[{"embeddable":true,"href":"https:\/\/amchealth.org\/sq\/wp-json\/wp\/v2\/users\/1"}],"replies":[{"embeddable":true,"href":"https:\/\/amchealth.org\/sq\/wp-json\/wp\/v2\/comments?post=7349"}],"version-history":[{"count":0,"href":"https:\/\/amchealth.org\/sq\/wp-json\/wp\/v2\/pages\/7349\/revisions"}],"wp:attachment":[{"href":"https:\/\/amchealth.org\/sq\/wp-json\/wp\/v2\/media?parent=7349"}],"curies":[{"name":"wp","href":"https:\/\/api.w.org\/{rel}","templated":true}]}}