{"id":7342,"date":"2025-08-11T14:09:15","date_gmt":"2025-08-11T14:09:15","guid":{"rendered":"https:\/\/amc.bleart.dev\/dhuro\/"},"modified":"2026-02-12T17:41:20","modified_gmt":"2026-02-12T17:41:20","slug":"dhuro","status":"publish","type":"page","link":"https:\/\/amchealth.org\/sq\/dhuro\/","title":{"rendered":"Dhuro"},"content":{"rendered":"\t\t<div data-elementor-type=\"wp-page\" data-elementor-id=\"7342\" class=\"elementor elementor-7342 elementor-7120\" data-elementor-post-type=\"page\">\n\t\t\t\t<div class=\"elementor-element elementor-element-335de4f e-flex e-con-boxed e-con e-parent\" data-id=\"335de4f\" data-element_type=\"container\" data-e-type=\"container\" data-settings=\"{&quot;background_background&quot;:&quot;gradient&quot;}\">\n\t\t\t\t\t<div class=\"e-con-inner\">\n\t\t<div class=\"elementor-element elementor-element-bfb5c98 e-flex e-con-boxed e-con e-child\" data-id=\"bfb5c98\" data-element_type=\"container\" data-e-type=\"container\">\n\t\t\t\t\t<div class=\"e-con-inner\">\n\t\t<div class=\"elementor-element elementor-element-960f943 e-con-full e-flex e-con e-child\" data-id=\"960f943\" data-element_type=\"container\" data-e-type=\"container\">\n\t\t\t\t<div class=\"elementor-element elementor-element-0064225 elementor-widget elementor-widget-heading\" data-id=\"0064225\" data-element_type=\"widget\" data-e-type=\"widget\" data-widget_type=\"heading.default\">\n\t\t\t\t<div class=\"elementor-widget-container\">\n\t\t\t\t\t<h1 class=\"elementor-heading-title elementor-size-default\">B\u00ebhu nj\u00eb hero i kujdesit sh\u00ebndet\u00ebsor: Dhuro tani!<\/h1>\t\t\t\t<\/div>\n\t\t\t\t<\/div>\n\t\t\t\t<div class=\"elementor-element elementor-element-6a92f9f elementor-widget elementor-widget-heading\" data-id=\"6a92f9f\" data-element_type=\"widget\" data-e-type=\"widget\" data-widget_type=\"heading.default\">\n\t\t\t\t<div class=\"elementor-widget-container\">\n\t\t\t\t\t<p class=\"elementor-heading-title elementor-size-default\">Donacioni juaj mund t\u00eb shp\u00ebtoj\u00eb jet\u00eb dhe t\u00eb nd\u00ebrtoj\u00eb t\u00eb ardhme m\u00eb t\u00eb sh\u00ebndetshme p\u00ebr n\u00ebnat dhe f\u00ebmij\u00ebt n\u00eb Kosov\u00eb. \u00c7do kontribut ka r\u00ebnd\u00ebsi!<\/p>\t\t\t\t<\/div>\n\t\t\t\t<\/div>\n\t\t\t\t<\/div>\n\t\t\t\t\t<\/div>\n\t\t\t\t<\/div>\n\t\t\t\t\t<\/div>\n\t\t\t\t<\/div>\n\t\t<div class=\"elementor-element elementor-element-7387d7d e-flex e-con-boxed e-con e-parent\" data-id=\"7387d7d\" data-element_type=\"container\" data-e-type=\"container\" data-settings=\"{&quot;background_background&quot;:&quot;classic&quot;}\">\n\t\t\t\t\t<div class=\"e-con-inner\">\n\t\t\t\t\t<\/div>\n\t\t\t\t<\/div>\n\t\t<div class=\"elementor-element elementor-element-a73b07e e-flex e-con-boxed e-con e-parent\" data-id=\"a73b07e\" data-element_type=\"container\" data-e-type=\"container\" data-settings=\"{&quot;background_background&quot;:&quot;classic&quot;}\">\n\t\t\t\t\t<div class=\"e-con-inner\">\n\t\t\t\t<div class=\"elementor-element elementor-element-2b887d6 e-n-tabs-none elementor-widget elementor-widget-n-tabs\" data-id=\"2b887d6\" data-element_type=\"widget\" data-e-type=\"widget\" data-settings=\"{&quot;tabs_justify_horizontal&quot;:&quot;center&quot;,&quot;horizontal_scroll_mobile&quot;:&quot;enable&quot;,&quot;horizontal_scroll&quot;:&quot;disable&quot;}\" data-widget_type=\"nested-tabs.default\">\n\t\t\t\t<div class=\"elementor-widget-container\">\n\t\t\t\t\t\t\t<div class=\"e-n-tabs\" data-widget-number=\"45647830\" aria-label=\"Tabs. Open items with Enter or Space, close with Escape and navigate using the Arrow keys.\">\n\t\t\t<div class=\"e-n-tabs-heading\" role=\"tablist\">\n\t\t\t\t\t<button id=\"e-n-tab-title-456478301\" data-tab-title-id=\"e-n-tab-title-456478301\" class=\"e-n-tab-title\" aria-selected=\"true\" data-tab-index=\"1\" role=\"tab\" tabindex=\"0\" aria-controls=\"e-n-tab-content-456478301\" style=\"--n-tabs-title-order: 1;\">\n\t\t\t\t\t\t<span class=\"e-n-tab-title-text\">\n\t\t\t\tTransfer Bankar\t\t\t<\/span>\n\t\t<\/button>\n\t\t\t\t<button id=\"e-n-tab-title-456478302\" data-tab-title-id=\"e-n-tab-title-456478302\" class=\"e-n-tab-title\" aria-selected=\"false\" data-tab-index=\"2\" role=\"tab\" tabindex=\"-1\" aria-controls=\"e-n-tab-content-456478302\" style=\"--n-tabs-title-order: 2;\">\n\t\t\t\t\t\t<span class=\"e-n-tab-title-text\">\n\t\t\t\tPaysera\t\t\t<\/span>\n\t\t<\/button>\n\t\t\t\t<button id=\"e-n-tab-title-456478303\" data-tab-title-id=\"e-n-tab-title-456478303\" class=\"e-n-tab-title\" aria-selected=\"false\" data-tab-index=\"3\" role=\"tab\" tabindex=\"-1\" aria-controls=\"e-n-tab-content-456478303\" style=\"--n-tabs-title-order: 3;\">\n\t\t\t\t\t\t<span class=\"e-n-tab-title-text\">\n\t\t\t\tDonacione nga SHBA\t\t\t<\/span>\n\t\t<\/button>\n\t\t\t\t<button id=\"global-giving-tab\" data-tab-title-id=\"e-n-tab-title-456478304\" class=\"e-n-tab-title\" aria-selected=\"false\" data-tab-index=\"4\" role=\"tab\" tabindex=\"-1\" aria-controls=\"e-n-tab-content-456478304\" style=\"--n-tabs-title-order: 4;\">\n\t\t\t\t\t\t<span class=\"e-n-tab-title-text\">\n\t\t\t\tGlobal Giving\t\t\t<\/span>\n\t\t<\/button>\n\t\t\t\t\t<\/div>\n\t\t\t<div class=\"e-n-tabs-content\">\n\t\t\t\t<div id=\"e-n-tab-content-456478301\" role=\"tabpanel\" aria-labelledby=\"e-n-tab-title-456478301\" data-tab-index=\"1\" style=\"--n-tabs-title-order: 1;\" class=\"e-active elementor-element elementor-element-298ea54 e-con-full e-flex e-con e-child\" data-id=\"298ea54\" data-element_type=\"container\" data-e-type=\"container\">\n\t\t<div class=\"elementor-element elementor-element-85a4870 e-flex e-con-boxed e-con e-child\" data-id=\"85a4870\" data-element_type=\"container\" data-e-type=\"container\">\n\t\t\t\t\t<div class=\"e-con-inner\">\n\t\t\t\t<div class=\"elementor-element elementor-element-89e84e8 elementor-widget elementor-widget-html\" data-id=\"89e84e8\" data-element_type=\"widget\" data-e-type=\"widget\" data-widget_type=\"html.default\">\n\t\t\t\t<div class=\"elementor-widget-container\">\n\t\t\t\t\t<section class=\"donate-bank box\">\r\n  <header class=\"db-head\">\r\n    <h3>Transfer Bankar (EUR)<\/h3>\r\n    <p>P\u00ebrdor k\u00ebto t\u00eb dh\u00ebna per transfer direkt tek AMC.<\/p>\r\n  <\/header>\r\n\r\n  <div class=\"db-grid\">\r\n    <div class=\"db-item\">\r\n      <span class=\"db-label\">Emri i Bank\u00ebs<\/span>\r\n<span class=\"db-value\">Raiffeisen Bank Kosovo<\/span>\r\n<button class=\"db-copy\" data-copy=\"Raiffeisen Bank Kosovo\">Kopjo<\/button>\r\n    <\/div>\r\n\r\n    <div class=\"db-item\">\r\n      <span class=\"db-label\">Emri i P\u00ebrfituesit<\/span>\r\n<span class=\"db-value\">AKSIONI PER NENA DHE FEMIJE<\/span>\r\n<button class=\"db-copy\" data-copy=\"AKSIONI PER NENA DHE FEMIJE\">Kopjo<\/button>\r\n    <\/div>\r\n\r\n    <div class=\"db-item\">\r\n      <span class=\"db-label\">SWIFT<\/span>\r\n<span class=\"db-value mono\">RBKOXKPR<\/span>\r\n<button class=\"db-copy\" data-copy=\"RBKOXKPR\">Kopjo<\/button>\r\n    <\/div>\r\n\r\n    <div class=\"db-item\">\r\n      <span class=\"db-label\">Numri i Llogaris\u00eb<\/span>\r\n<span class=\"db-value mono\">1501090002825780<\/span>\r\n<button class=\"db-copy\" data-copy=\"1501090002825780\">Kopjo<\/button>\r\n    <\/div>\r\n\r\n    <div class=\"db-item\">\r\n      <span class=\"db-label\">Valuta<\/span>\r\n<span class=\"db-value\">EUR<\/span>\r\n<button class=\"db-copy\" data-copy=\"EUR\">Kopjo<\/button>\r\n    <\/div>\r\n\r\n    <div class=\"db-item\">\r\n      <span class=\"db-label\">IBAN<\/span>\r\n<span class=\"db-value mono\">XK051501090002825780<\/span>\r\n<button class=\"db-copy\" data-copy=\"XK051501090002825780\">Kopjo<\/button>\r\n    <\/div>\r\n  <\/div>\r\n<\/section>\r\n\r\n<script>\r\ndocument.querySelectorAll('.db-copy').forEach(btn =&gt; {\r\n  btn.addEventListener('click', async () =&gt; {\r\n    try {\r\n      await navigator.clipboard.writeText(btn.dataset.copy);\r\n      btn.classList.add('ok');\r\n      btn.textContent = 'Copied';\r\n      setTimeout(() =&gt; {\r\n        btn.classList.remove('ok');\r\n        btn.textContent = 'Copy';\r\n      }, 1400);\r\n    } catch (e) {\r\n      alert('Copy not available on this browser');\r\n    }\r\n  });\r\n});\r\n<\/script>\t\t\t\t<\/div>\n\t\t\t\t<\/div>\n\t\t\t\t\t<\/div>\n\t\t\t\t<\/div>\n\t\t\t\t<\/div>\n\t\t<div id=\"e-n-tab-content-456478302\" role=\"tabpanel\" aria-labelledby=\"e-n-tab-title-456478302\" data-tab-index=\"2\" style=\"--n-tabs-title-order: 2;\" class=\" elementor-element elementor-element-8eb7664 e-flex e-con-boxed e-con e-child\" data-id=\"8eb7664\" data-element_type=\"container\" data-e-type=\"container\">\n\t\t\t\t\t<div class=\"e-con-inner\">\n\t\t<div class=\"elementor-element elementor-element-4ee60ec e-flex e-con-boxed e-con e-child\" data-id=\"4ee60ec\" data-element_type=\"container\" data-e-type=\"container\">\n\t\t\t\t\t<div class=\"e-con-inner\">\n\t\t\t\t<div class=\"elementor-element elementor-element-730e788 elementor-hidden-desktop elementor-hidden-laptop elementor-hidden-tablet elementor-hidden-mobile elementor-widget elementor-widget-html\" data-id=\"730e788\" data-element_type=\"widget\" data-e-type=\"widget\" data-widget_type=\"html.default\">\n\t\t\t\t<div class=\"elementor-widget-container\">\n\t\t\t\t\t<style>#donateBtnSample{color:white;font-size:17px;text-decoration:none;font-family:Open Sans,Helvetica Neue,Helvetica,Arial,sans-serif;background:#136c9c;border-radius:3px;padding:11px 24px 14px 10px;} #donateBtnSample img.donateBtnSampleLogo{padding:3px 8px 3px 0px;border-right:1px solid #417b9a;vertical-align:middle;} #donateBtnSample span.donateBtnSampleText{padding-left:16px;vertical-align:middle;} <\/style>\r\n<a href=\"https:\/\/www.paysera.com\/pay\/?data=cHJvamVjdGlkPTI1MzE4OSZvcmRlcmlkPTAmYW1vdW50PSZjdXJyZW5jeT1FVVImYWNjZXB0dXJsPWh0dHBzJTNBJTJGJTJGYW1jaGVhbHRoLm9yZyZjYW5jZWx1cmw9aHR0cHMlM0ElMkYlMkZhbWNoZWFsdGgub3JnJmNhbGxiYWNrdXJsPSZ0ZXN0PTAmdmVyc2lvbj0xLjY=&amp;sign=7ec3122a48ba78843e91f5cfa9587a52\" target=\"_blank\" id=\"donateBtnSample\">\r\n                            <img decoding=\"async\" class=\"donateBtnSampleLogo\" src=\"https:\/\/paysera.com\/assets\/image\/donate-button\/paysera-sign.png\">\r\n                            <span class=\"donateBtnSampleText\">Dhuro<\/span>\r\n                        <\/a>\t\t\t\t<\/div>\n\t\t\t\t<\/div>\n\t\t\t\t<div class=\"elementor-element elementor-element-19507c9 elementor-widget elementor-widget-shortcode\" data-id=\"19507c9\" data-element_type=\"widget\" data-e-type=\"widget\" data-widget_type=\"shortcode.default\">\n\t\t\t\t<div class=\"elementor-widget-container\">\n\t\t\t\t\t\t\t<div class=\"elementor-shortcode\"><div class=\"widget_wc-donation-widget\" id=\"wc_donation_on_shortcode_8353\"><style>\n\t:root {\n\t\t--wc-bg-color: #360693;\n\t\t--wc-txt-color: #FFFFFF;\n\t}\n\n\t\t\t\t#wc_donation_on_shortcode_8353 .price-wrapper::after {\n\t\t\t\tbackground: #360693;\n\t\t\t\tcolor: #FFFFFF\t\t\t}\n\t\t\t\t\t#wc_donation_on_shortcode_8353 .wc-input-text {\n\t\t\tborder-color: #360693!important\n\t\t}\n\n\t\t#wc_donation_on_shortcode_8353 .checkmark {\n\t\t\tborder-color: #360693!important\n\t\t}\n\t\t#wc_donation_on_shortcode_8353 .wc-label-radio input:checked ~ .checkmark {\n\t\t\tbackground-color: #360693\t\t}\n\t\t#wc_donation_on_shortcode_8353 .wc-label-radio .checkmark:after {\n\t\t\tborder-color: #FFFFFF!important\n\t\t}\n\t\t#wc_donation_on_shortcode_8353 .wc-label-button {\n\t\t\tborder-color: #360693!important;\n\t\t\tcolor: #360693!important\n\t\t}\n\t\t#wc_donation_on_shortcode_8353 label.wc-label-button.wc-active {\n\t\t\tbackground-color: #360693!important;\n\t\t\tcolor: #FFFFFF!important\n\t\t}\n\t\t#wc_donation_on_shortcode_8353 .wc_progressBarContainer > ul > li.wc_progress div.progressbar {\n\t\t\tbackground: #333333\t\t}\n\t\t<\/style>\n<div class=\"wc-donation-in-action\" data-donation-type=\"both\">\n\t<div class=\"campaign-title\">\n\t\t<h4>AMC Paysera Donate<\/h4>\n\t<\/div>\t\n\t<div class=\"block-campaign-thumbnail\">\n\t\t\t\t\t<img decoding=\"async\" width=\"160\" height=\"160\" src=\"https:\/\/amchealth.org\/wp-content\/plugins\/donation-for-woocommerce\/assets\/images\/no-image-cart-campaign.png\" class=\"attachment-160x160 size-160x160 wp-post-image\">\n\t\t\t<\/div>\n\t<div class=\"in-action-elements\">\n\t\t<style>\n\t.dashicons-money-alt:before {\n\t\tfont-size: 36px !important;\n\t\tpadding-bottom: 20px !important;\n\t}\n<\/style>\n<div class=\"row1\">\n\t<h3 class=\"wc-donation-title \">\n\t\t\t\t\t<\/h3>\n\t\t\t\t<div class=\"row1\">\n\t\t\t\t\t\t\t\t<label class=\"wc-label-button\" for=\"8353_0_502\">\n\t\t\t\t\t\t<input type=\"radio\" data-id=\"8353_502\" name=\"wc_label_price\" id=\"8353_0_502\" value=\"10\">\n\t\t\t\t\t\t\t\t\t\t\t\t10\u20ac\t\t\t\t\t<\/label>\n\t\t\t\t\t\t\t\t\t\t<label class=\"wc-label-button\" for=\"8353_1_502\">\n\t\t\t\t\t\t<input type=\"radio\" data-id=\"8353_502\" name=\"wc_label_price\" id=\"8353_1_502\" value=\"20\">\n\t\t\t\t\t\t\t\t\t\t\t\t20\u20ac\t\t\t\t\t<\/label>\n\t\t\t\t\t\t\t\t\t\t<label class=\"wc-label-button\" for=\"8353_2_502\">\n\t\t\t\t\t\t<input type=\"radio\" data-id=\"8353_502\" name=\"wc_label_price\" id=\"8353_2_502\" value=\"50\">\n\t\t\t\t\t\t\t\t\t\t\t\t50\u20ac\t\t\t\t\t<\/label>\n\t\t\t\t\t\t\t\t\t<label class=\"wc-label-button\" for=\"wc-donation-other-amount-8353_502\">\n\t\t\t\t\t<input type=\"radio\" data-id=\"8353_502\" name=\"wc_label_price\" id=\"wc-donation-other-amount-8353_502\" value=\"wc-donation-other-amount\">\n\t\t\t\t\tOther\t\t\t\t<\/label>\n\t\t\t\t\t\t\t<\/div>\n\t\t\t\t\t\t\t<div style=\"display:none; margin:0; \" class=\"price-wrapper other-price-wrapper-8353_502 after\" currency=\"&euro;\">\n\t\t\t\t\t<input type=\"text\" data-min=\"1\" data-max=\"50000\" data-campaign_id=\"8353\" data-rand_id=\"502\" style=\"display:none\" Placeholder=\"Enter amount between 1 - 50000\" class=\"grab-donation wc-input-text wc-donation-f-donation-other-value\" id=\"wc-donation-f-donation-other-value-8353_502\">\n\t\t\t\t<\/div>\n\t\t\t\t<!-- <div class=\"wc-donation-tooltip\" style=\"display: none;\">\n\t\t\t\t\t<span class=\"wc-donation-tooltip-icon\">i<\/span>\n\t\t\t\t\t<span class=\"wc-donation-tooltip-text\">Enter amount between 1 - 50000<\/span>\n\t\t\t\t<\/div> -->\n\t\t\t\t<input type=\"hidden\" id=\"wc-donation-price-8353_502\" class=\"donate_8353_502\" name=\"wc-donation-price\" value=\"\"><input type=\"hidden\" id=\"wc-donation-cause-8353_502\" class=\"donate_cause_8353_502\" name=\"wc-donation-cause\" value=\"\"><\/div>\n<div class=\"row2\">\n\t\t\n\n\t<input type=\"hidden\" name=\"wc_donation_camp\" id=\"wc_donation_camp_8353_502\" class=\"wc_donation_camp\" value=\"8353\">\n\t<input type=\"hidden\" name=\"wc_rand_id\" class=\"wp_rand\" value=\"502\">\n\t<button class=\"button wc-donation-f-submit-donation\" data-min-value=\"1\" data-max-value=\"50000\" data-type=\"shortcode\" style=\"background-color:#360693;border-color:#360693;color:#FFFFFF;\" id='wc-donation-f-submit-donation' value='Donate'>Donate<\/button>\n\t<\/div>\n\t<\/div>\n<\/div>\n<div style=\"clear:both;height:1px;\">&nbsp;<\/div>\n<\/div><\/div>\n\t\t\t\t\t\t<\/div>\n\t\t\t\t<\/div>\n\t\t\t\t\t<\/div>\n\t\t\t\t<\/div>\n\t\t\t\t\t<\/div>\n\t\t\t\t<\/div>\n\t\t<div id=\"e-n-tab-content-456478303\" role=\"tabpanel\" aria-labelledby=\"e-n-tab-title-456478303\" data-tab-index=\"3\" style=\"--n-tabs-title-order: 3;\" class=\" elementor-element elementor-element-a2b81d7 e-con-full e-flex e-con e-child\" data-id=\"a2b81d7\" data-element_type=\"container\" data-e-type=\"container\">\n\t\t<div class=\"elementor-element elementor-element-7f1771a e-flex e-con-boxed e-con e-child\" data-id=\"7f1771a\" data-element_type=\"container\" data-e-type=\"container\">\n\t\t\t\t\t<div class=\"e-con-inner\">\n\t\t\t\t<div class=\"elementor-element elementor-element-d5053e1 elementor-widget elementor-widget-text-editor\" data-id=\"d5053e1\" data-element_type=\"widget\" data-e-type=\"widget\" data-widget_type=\"text-editor.default\">\n\t\t\t\t<div class=\"elementor-widget-container\">\n\t\t\t\t\t\t\t\t\t<p>*Online donations in the United States can be made via <strong>PayPal<\/strong> through the <a href=\"https:\/\/www.dartmouth-hitchcock.org\/hitchcock-foundation\/donate-now\"><strong>Hitchcock Foundation<\/strong><\/a>, a registered 501(c)(3) organization.<br>When completing your donation, please<strong> specify \u201cAction for Mothers<\/strong> and Children \/ Kosovo Fund\u201d in the section labeled Name of fund, program, or doctor.<\/p><p>Donations may also be made by <strong>check or money order<\/strong>, payable to:<br><strong>Hitchcock Foundation \/ Kosovo Fund \/ Action for Mothers and Children<\/strong><\/p><p>Mailing address:<br><strong>Hitchcock Foundation \/ Kosovo Fund \/ Action for Mothers and Children<\/strong><br><strong>Dartmouth-Hitchcock Medical Center<\/strong><br>1 Medical Center Drive<br>Lebanon, NH 03756<\/p>\t\t\t\t\t\t\t\t<\/div>\n\t\t\t\t<\/div>\n\t\t\t\t\t<\/div>\n\t\t\t\t<\/div>\n\t\t\t\t<\/div>\n\t\t<div id=\"e-n-tab-content-456478304\" role=\"tabpanel\" aria-labelledby=\"global-giving-tab\" data-tab-index=\"4\" style=\"--n-tabs-title-order: 4;\" class=\" elementor-element elementor-element-7fd9c5f e-flex e-con-boxed e-con e-child\" data-id=\"7fd9c5f\" data-element_type=\"container\" data-e-type=\"container\">\n\t\t\t\t\t<div class=\"e-con-inner\">\n\t\t<div class=\"elementor-element elementor-element-8d23558 e-con-full e-flex e-con e-child\" data-id=\"8d23558\" data-element_type=\"container\" data-e-type=\"container\" data-settings=\"{&quot;background_background&quot;:&quot;classic&quot;}\">\n\t\t<div class=\"elementor-element elementor-element-269b1e8 e-con-full e-flex e-con e-child\" data-id=\"269b1e8\" data-element_type=\"container\" data-e-type=\"container\">\n\t\t\t\t<div class=\"elementor-element elementor-element-eae559a elementor-widget elementor-widget-heading\" data-id=\"eae559a\" data-element_type=\"widget\" data-e-type=\"widget\" data-widget_type=\"heading.default\">\n\t\t\t\t<div class=\"elementor-widget-container\">\n\t\t\t\t\t<h4 class=\"elementor-heading-title elementor-size-default\">Akcioni per Nena dhe Femije<\/h4>\t\t\t\t<\/div>\n\t\t\t\t<\/div>\n\t\t\t\t<div class=\"elementor-element elementor-element-97871f5 elementor-align-center elementor-mobile-align-justify amc-btn elementor-widget elementor-widget-button\" data-id=\"97871f5\" data-element_type=\"widget\" data-e-type=\"widget\" data-widget_type=\"button.default\">\n\t\t\t\t<div class=\"elementor-widget-container\">\n\t\t\t\t\t\t\t\t\t<div class=\"elementor-button-wrapper\">\n\t\t\t\t\t<a class=\"elementor-button elementor-button-link elementor-size-sm\" href=\"https:\/\/www.globalgiving.org\/donate\/53596\/akcioni-per-nena-dhe-femije\/\" target=\"_blank\">\n\t\t\t\t\t\t<span class=\"elementor-button-content-wrapper\">\n\t\t\t\t\t\t\t\t\t<span class=\"elementor-button-text\">DONATE NOW<\/span>\n\t\t\t\t\t<\/span>\n\t\t\t\t\t<\/a>\n\t\t\t\t<\/div>\n\t\t\t\t\t\t\t\t<\/div>\n\t\t\t\t<\/div>\n\t\t\t\t<\/div>\n\t\t<div class=\"elementor-element elementor-element-5ee8273 e-con-full e-flex e-con e-child\" data-id=\"5ee8273\" data-element_type=\"container\" data-e-type=\"container\">\n\t\t\t\t<div class=\"elementor-element elementor-element-23934a4 elementor-widget elementor-widget-image\" data-id=\"23934a4\" data-element_type=\"widget\" data-e-type=\"widget\" data-widget_type=\"image.default\">\n\t\t\t\t<div class=\"elementor-widget-container\">\n\t\t\t\t\t\t\t\t\t\t\t\t\t\t\t<img fetchpriority=\"high\" decoding=\"async\" width=\"800\" height=\"600\" src=\"https:\/\/amchealth.org\/wp-content\/uploads\/2025\/09\/pict_large.jpg\" class=\"attachment-large size-large wp-image-8075\" alt=\"\" srcset=\"https:\/\/amchealth.org\/wp-content\/uploads\/2025\/09\/pict_large.jpg 1024w, https:\/\/amchealth.org\/wp-content\/uploads\/2025\/09\/pict_large-600x450.jpg 600w, https:\/\/amchealth.org\/wp-content\/uploads\/2025\/09\/pict_large-300x225.jpg 300w, https:\/\/amchealth.org\/wp-content\/uploads\/2025\/09\/pict_large-768x576.jpg 768w\" sizes=\"(max-width: 800px) 100vw, 800px\" \/>\t\t\t\t\t\t\t\t\t\t\t\t\t\t\t<\/div>\n\t\t\t\t<\/div>\n\t\t\t\t<\/div>\n\t\t<div class=\"elementor-element elementor-element-2d46936 e-con-full e-flex e-con e-child\" data-id=\"2d46936\" data-element_type=\"container\" data-e-type=\"container\">\n\t\t\t\t<div class=\"elementor-element elementor-element-811baed elementor-widget elementor-widget-image\" data-id=\"811baed\" data-element_type=\"widget\" data-e-type=\"widget\" data-widget_type=\"image.default\">\n\t\t\t\t<div class=\"elementor-widget-container\">\n\t\t\t\t\t\t\t\t\t\t\t\t\t\t\t\t<a href=\"https:\/\/www.globalgiving.org\/donate\/53596\/akcioni-per-nena-dhe-femije\/\" target=\"_blank\">\n\t\t\t\t\t\t\t<img decoding=\"async\" src=\"https:\/\/amchealth.org\/wp-content\/uploads\/2025\/09\/global-giving-logo.svg\" class=\"attachment-full size-full wp-image-8078\" alt=\"\" \/>\t\t\t\t\t\t\t\t<\/a>\n\t\t\t\t\t\t\t\t\t\t\t\t\t\t\t<\/div>\n\t\t\t\t<\/div>\n\t\t\t\t<\/div>\n\t\t\t\t<\/div>\n\t\t\t\t\t<\/div>\n\t\t\t\t<\/div>\n\t\t\t\t\t<\/div>\n\t\t<\/div>\n\t\t\t\t\t\t<\/div>\n\t\t\t\t<\/div>\n\t\t\t\t\t<\/div>\n\t\t\t\t<\/div>\n\t\t<div class=\"elementor-element elementor-element-edaf2ec e-flex e-con-boxed e-con e-parent\" data-id=\"edaf2ec\" data-element_type=\"container\" data-e-type=\"container\">\n\t\t\t\t\t<div class=\"e-con-inner\">\n\t\t\t\t<div class=\"elementor-element elementor-element-2d84310 elementor-align-start elementor-laptop-align-start elementor-list-item-link-inline elementor-icon-list--layout-traditional elementor-widget elementor-widget-icon-list\" data-id=\"2d84310\" data-element_type=\"widget\" data-e-type=\"widget\" data-widget_type=\"icon-list.default\">\n\t\t\t\t<div class=\"elementor-widget-container\">\n\t\t\t\t\t\t\t<ul class=\"elementor-icon-list-items\">\n\t\t\t\t\t\t\t<li class=\"elementor-icon-list-item\">\n\t\t\t\t\t\t\t\t\t\t\t<span class=\"elementor-icon-list-icon\">\n\t\t\t\t\t\t\t<svg aria-hidden=\"true\" class=\"e-font-icon-svg e-fas-info-circle\" viewBox=\"0 0 512 512\" xmlns=\"http:\/\/www.w3.org\/2000\/svg\"><path d=\"M256 8C119.043 8 8 119.083 8 256c0 136.997 111.043 248 248 248s248-111.003 248-248C504 119.083 392.957 8 256 8zm0 110c23.196 0 42 18.804 42 42s-18.804 42-42 42-42-18.804-42-42 18.804-42 42-42zm56 254c0 6.627-5.373 12-12 12h-88c-6.627 0-12-5.373-12-12v-24c0-6.627 5.373-12 12-12h12v-64h-12c-6.627 0-12-5.373-12-12v-24c0-6.627 5.373-12 12-12h64c6.627 0 12 5.373 12 12v100h12c6.627 0 12 5.373 12 12v24z\"><\/path><\/svg>\t\t\t\t\t\t<\/span>\n\t\t\t\t\t\t\t\t\t\t<span class=\"elementor-icon-list-text\"><span>All donations to AMC will be acknowledged in writing. External auditors annually review AMC\u2019s budget. If our  &nbsp;<\/span><span style=\"font-weight: bolder\">PayPal link doesn\u2019t work<\/span><span>, you can use the following&nbsp;<\/span><a href=\"https:\/\/www.dartmouth-hitchcock.org\/hitchcock-foundation\/donate-now\" target=\"_blank\" rel=\"noopener nofollow noreferrer\" style=\"font-size: 13.3px;align-items: center\"><span style=\"font-weight: bolder\">link.<span style=\"font-weight: 400;background-color: transparent\">&nbsp;Under \"Name of fund, program or doctor,\" please enter \"Action for Mothers and Children\/Kosovo Fund\" to ensure your donation goes to AMC.<\/span><span style=\"font-weight: 400;background-color: transparent\"><\/span><\/span><\/a><\/span>\n\t\t\t\t\t\t\t\t\t<\/li>\n\t\t\t\t\t\t<\/ul>\n\t\t\t\t\t\t<\/div>\n\t\t\t\t<\/div>\n\t\t\t\t\t<\/div>\n\t\t\t\t<\/div>\n\t\t\t\t<\/div>\n\t\t","protected":false},"excerpt":{"rendered":"<p>B\u00ebhu nj\u00eb hero i kujdesit sh\u00ebndet\u00ebsor: Dhuro tani! Donacioni juaj mund t\u00eb shp\u00ebtoj\u00eb jet\u00eb dhe t\u00eb nd\u00ebrtoj\u00eb t\u00eb ardhme m\u00eb t\u00eb sh\u00ebndetshme p\u00ebr n\u00ebnat dhe f\u00ebmij\u00ebt n\u00eb Kosov\u00eb. \u00c7do kontribut ka r\u00ebnd\u00ebsi! Transfer Bankar Paysera Donacione nga SHBA Global Giving Transfer Bankar (EUR) P\u00ebrdor k\u00ebto t\u00eb dh\u00ebna per transfer direkt tek AMC. Emri i Bank\u00ebs [&hellip;]<\/p>\n","protected":false},"author":1,"featured_media":0,"parent":0,"menu_order":0,"comment_status":"closed","ping_status":"closed","template":"","meta":{"_acf_changed":false,"give_campaign_id":0,"footnotes":""},"class_list":["post-7342","page","type-page","status-publish","hentry"],"acf":[],"campaignId":"","_links":{"self":[{"href":"https:\/\/amchealth.org\/sq\/wp-json\/wp\/v2\/pages\/7342","targetHints":{"allow":["GET"]}}],"collection":[{"href":"https:\/\/amchealth.org\/sq\/wp-json\/wp\/v2\/pages"}],"about":[{"href":"https:\/\/amchealth.org\/sq\/wp-json\/wp\/v2\/types\/page"}],"author":[{"embeddable":true,"href":"https:\/\/amchealth.org\/sq\/wp-json\/wp\/v2\/users\/1"}],"replies":[{"embeddable":true,"href":"https:\/\/amchealth.org\/sq\/wp-json\/wp\/v2\/comments?post=7342"}],"version-history":[{"count":17,"href":"https:\/\/amchealth.org\/sq\/wp-json\/wp\/v2\/pages\/7342\/revisions"}],"predecessor-version":[{"id":9490,"href":"https:\/\/amchealth.org\/sq\/wp-json\/wp\/v2\/pages\/7342\/revisions\/9490"}],"wp:attachment":[{"href":"https:\/\/amchealth.org\/sq\/wp-json\/wp\/v2\/media?parent=7342"}],"curies":[{"name":"wp","href":"https:\/\/api.w.org\/{rel}","templated":true}]}}